{"id":510,"date":"2018-11-27T09:17:08","date_gmt":"2018-11-27T09:17:08","guid":{"rendered":"https:\/\/turkmia.net\/kongre2021\/index.php\/about\/"},"modified":"2025-08-08T17:05:23","modified_gmt":"2025-08-08T14:05:23","slug":"duyurular","status":"publish","type":"page","link":"https:\/\/turkmia.net\/kongre2025\/duyurular\/","title":{"rendered":"Duyurular"},"content":{"rendered":"\t\t<div data-elementor-type=\"wp-post\" data-elementor-id=\"510\" class=\"elementor elementor-510\">\n\t\t\t\t\t\t<section class=\"elementor-section elementor-top-section elementor-element elementor-element-ff4fc32 elementor-section-boxed elementor-section-height-default elementor-section-height-default\" data-id=\"ff4fc32\" data-element_type=\"section\" data-e-type=\"section\">\n\t\t\t\t\t\t<div class=\"elementor-container elementor-column-gap-default\">\n\t\t\t\t\t<div class=\"elementor-column elementor-col-100 elementor-top-column elementor-element elementor-element-2dc2eae\" data-id=\"2dc2eae\" data-element_type=\"column\" data-e-type=\"column\">\n\t\t\t<div class=\"elementor-widget-wrap elementor-element-populated\">\n\t\t\t\t\t\t<div class=\"elementor-element elementor-element-005b37c elementor-widget elementor-widget-image\" data-id=\"005b37c\" data-element_type=\"widget\" data-e-type=\"widget\" data-widget_type=\"image.default\">\n\t\t\t\t<div class=\"elementor-widget-container\">\n\t\t\t\t\t\t\t\t\t\t\t\t\t\t\t\t<a href=\"https:\/\/turkmia.net\/wp-content\/uploads\/2025\/08\/TurkMIA2025-Proceedings.pdf\">\n\t\t\t\t\t\t\t<img fetchpriority=\"high\" decoding=\"async\" width=\"730\" height=\"1024\" src=\"https:\/\/turkmia.net\/kongre2025\/wp-content\/uploads\/2025\/08\/on-kapak-001-730x1024.jpg\" class=\"attachment-large size-large wp-image-4838\" alt=\"\" srcset=\"https:\/\/turkmia.net\/kongre2025\/wp-content\/uploads\/2025\/08\/on-kapak-001-730x1024.jpg 730w, https:\/\/turkmia.net\/kongre2025\/wp-content\/uploads\/2025\/08\/on-kapak-001-214x300.jpg 214w, https:\/\/turkmia.net\/kongre2025\/wp-content\/uploads\/2025\/08\/on-kapak-001-768x1077.jpg 768w, https:\/\/turkmia.net\/kongre2025\/wp-content\/uploads\/2025\/08\/on-kapak-001-1095x1536.jpg 1095w, https:\/\/turkmia.net\/kongre2025\/wp-content\/uploads\/2025\/08\/on-kapak-001-1460x2048.jpg 1460w, https:\/\/turkmia.net\/kongre2025\/wp-content\/uploads\/2025\/08\/on-kapak-001-scaled.jpg 1825w\" sizes=\"(max-width: 730px) 100vw, 730px\" \/>\t\t\t\t\t\t\t\t<\/a>\n\t\t\t\t\t\t\t\t\t\t\t\t\t\t\t<\/div>\n\t\t\t\t<\/div>\n\t\t\t\t\t<\/div>\n\t\t<\/div>\n\t\t\t\t\t<\/div>\n\t\t<\/section>\n\t\t\t\t<section class=\"elementor-section elementor-top-section elementor-element elementor-element-7e2b13f elementor-section-boxed elementor-section-height-default elementor-section-height-default\" data-id=\"7e2b13f\" data-element_type=\"section\" data-e-type=\"section\">\n\t\t\t\t\t\t<div class=\"elementor-container elementor-column-gap-default\">\n\t\t\t\t\t<div class=\"elementor-column elementor-col-100 elementor-top-column elementor-element elementor-element-76182ad\" data-id=\"76182ad\" data-element_type=\"column\" data-e-type=\"column\">\n\t\t\t<div class=\"elementor-widget-wrap elementor-element-populated\">\n\t\t\t\t\t\t<div class=\"elementor-element elementor-element-8931045 elementor-widget elementor-widget-text-editor\" data-id=\"8931045\" data-element_type=\"widget\" data-e-type=\"widget\" data-widget_type=\"text-editor.default\">\n\t\t\t\t<div class=\"elementor-widget-container\">\n\t\t\t\t\t\t\t\t\t<h4 style=\"text-align: left;\">\u00a0<\/h4><h3><span style=\"color: #000000;\">16.T\u0131p Bili\u015fimi Kongresi\u2019nin bildiri kitab\u0131n\u0131n yay\u0131mland\u0131\u011f\u0131n\u0131 sizlere b\u00fcy\u00fck bir memnuniyetle duyuruyoruz.<\/span><\/h3><h3><span style=\"color: #000000;\">T\u0131p Bili\u015fimi Derne\u011fi taraf\u0131ndan ger\u00e7ekle\u015ftirilmi\u015f olan Kongremize ait <a style=\"color: #000000;\" href=\"https:\/\/turkmia.net\/wp-content\/uploads\/2025\/08\/TurkMIA2025-Proceedings.pdf\" data-wplink-edit=\"true\">16.T\u0131p Bili\u015fimi Bildiriler Kitab\u0131<\/a> adresinden eri\u015febilirsiniz ve t\u00fcm bildirilere ula\u015fabilirsiniz.<\/span><\/h3><h3><span style=\"color: #000000;\">Katk\u0131lar\u0131n\u0131z ve destekleriniz i\u00e7in te\u015fekk\u00fcr ederiz.<\/span><\/h3>\t\t\t\t\t\t\t\t<\/div>\n\t\t\t\t<\/div>\n\t\t\t\t\t<\/div>\n\t\t<\/div>\n\t\t\t\t\t<\/div>\n\t\t<\/section>\n\t\t\t\t<section class=\"elementor-section elementor-top-section elementor-element elementor-element-219b56a elementor-section-boxed elementor-section-height-default elementor-section-height-default\" data-id=\"219b56a\" data-element_type=\"section\" data-e-type=\"section\">\n\t\t\t\t\t\t<div class=\"elementor-container elementor-column-gap-default\">\n\t\t\t\t\t<div class=\"elementor-column elementor-col-100 elementor-top-column elementor-element elementor-element-6623cda\" data-id=\"6623cda\" data-element_type=\"column\" data-e-type=\"column\">\n\t\t\t<div class=\"elementor-widget-wrap elementor-element-populated\">\n\t\t\t\t\t\t<div class=\"elementor-element elementor-element-7865eef elementor-widget elementor-widget-heading\" data-id=\"7865eef\" data-element_type=\"widget\" data-e-type=\"widget\" data-widget_type=\"heading.default\">\n\t\t\t\t<div class=\"elementor-widget-container\">\n\t\t\t\t\t<h1 class=\"elementor-heading-title elementor-size-default\"><b>En iyi ilk 10 bildiri sonu\u00e7lar\u0131 a\u00e7\u0131klanm\u0131\u015ft\u0131r<\/b>.<\/h1>\t\t\t\t<\/div>\n\t\t\t\t<\/div>\n\t\t\t\t<div class=\"elementor-element elementor-element-beea944 elementor-widget elementor-widget-text-editor\" data-id=\"beea944\" data-element_type=\"widget\" data-e-type=\"widget\" data-widget_type=\"text-editor.default\">\n\t\t\t\t<div class=\"elementor-widget-container\">\n\t\t\t\t\t\t\t\t\t<p><span style=\"color: #ff0000;\"><strong>1. Neslihan Baki (KT\u00dc)*,Nurhan G\u00fcrsel \u00d6zmen(KT\u00dc), Biomarker Proposal for Investigating Low Frequency Connectivity of Brain Regions in Early Parkinson&#8217;s Disease<\/strong><\/span><br><span style=\"color: #ff0000;\"><strong>2. Sinem \u00d6zdemir (KTU)*; I\u015f\u0131k \u00c7AKMAK (KTU); Kemal TURHAN (\u0130zmir Ekonomi \u00dcniversitesi), Crohn ve \u00dclseratif Kolit Hastal\u0131klar\u0131nda Doku ve Kan Transkriptomlar\u0131 ile Diferansiyel Ekspresyon ve Yolak \u0130ncelemesi<\/strong><\/span><br><span style=\"color: #ff0000;\"><strong>3. Sel\u00e7uk Orhan (KTU)*, Bur\u00e7in Kurt (KTU),Kalp Yetmezli\u011fi Hastalar\u0131nda B\u00f6brek Fonksiyonu S\u0131n\u0131flamas\u0131na \u0130li\u015fkin \u00dc\u00e7 Y\u00f6nl\u00fc ROC Analizi <\/strong><\/span><br><strong><span style=\"color: #000000;\">4. Fatih D\u0130LMA\u00c7 (Dokuz Eyl\u00fcl \u00dcniversitesi)*; Adil ALPKO\u00c7AK (Bak\u0131r\u00e7ay \u00dcniversitesi),A Comparative Study of BiLSTM, BiLSTM +CRF, and SpaCy Models for De identification of Turkish Electronic Health Records<\/span><\/strong><br><strong><span style=\"color: #000000;\">5. Mehmet Yi\u011fit (Ordu \u00dcniversitesi E\u011fitim ve Ara\u015ft\u0131rma Hastanesi)*; Kemal Turhan (\u0130zmir Ekonomi \u00dcniversitesi,); Hilal Yi\u011fit (Ordu \u00dcniversitesi E\u011fitim ve Ara\u015ft\u0131rma Hastanesi), Fall Risk Prediction from Clinical Patient Notes with Machine Learning<\/span><\/strong><br><strong><span style=\"color: #000000;\">6. Adem Sonuvar (Akdeniz University)*; Esra TOKUR SONUVAR (Akdeniz University); U\u011fur B\u0130LGE (Akdeniz University), Meme Kanseri Alt Tiplerinde Gen Ekspresyonu ve \u0130la\u00e7 Duyarl\u0131l\u0131\u011f\u0131 \u0130li\u015fkisinin Multiomik Analizi<\/span><\/strong><br><strong><span style=\"color: #000000;\">7. Sema Duruo\u011flu (Hacettepe University)*; Emirhan Nemutlu (Hacettepe University); \u0130dil Yet (Hacettepe University ); Cansu \u00d6zdemir Saka (Hacettepe University); Cemil Can Eylem (Hacettepe University),&nbsp;<\/span><\/strong><font color=\"#000000\"><b>Effect of FICZ-Induced AhR Activation on Lipid Profiles in Cancer Cells using Lipidomics<\/b><\/font><br><strong><span style=\"color: #000000;\">8. Mehmet Kara (Hacettepe University); \u0130dil Yet (Hacettepe University)*, Investigating Synthetic Lethal Interactions Using Machine Learning Approaches in Cancer Datasets<\/span><\/strong><br><strong><span style=\"color: #000000;\">9. Mehmet Er\u015fan KALAYCI (Karadeniz Teknik \u00dcniversitesi)*; Kemal TURHAN (\u0130zmir Ekonomi \u00dcniversitesi), Prediction of Metastasis Risk Using Machine Learning Based on Gene Mutations and miRNA Expression in Thyroid Cancer<\/span><\/strong><br><strong><span style=\"color: #000000;\">10. A\u00e7elya Dalg\u0131\u00e7 (Hacettepe University)*; \u0130dil Yet (Hacettepe University), Predicting Type 1 Diabetes from Gut Microbiome Data: A Machine Learning Approach Combining Alpha\/Beta Diversity and PICRUSt2-Inferred Metabolic Pathways<\/span><\/strong><\/p>\t\t\t\t\t\t\t\t<\/div>\n\t\t\t\t<\/div>\n\t\t\t\t\t<\/div>\n\t\t<\/div>\n\t\t\t\t\t<\/div>\n\t\t<\/section>\n\t\t\t\t<section class=\"elementor-section elementor-top-section elementor-element elementor-element-bf8f268 elementor-section-boxed elementor-section-height-default elementor-section-height-default\" data-id=\"bf8f268\" data-element_type=\"section\" data-e-type=\"section\">\n\t\t\t\t\t\t<div class=\"elementor-container elementor-column-gap-default\">\n\t\t\t\t\t<div class=\"elementor-column elementor-col-100 elementor-top-column elementor-element elementor-element-e2db5c8\" data-id=\"e2db5c8\" data-element_type=\"column\" data-e-type=\"column\">\n\t\t\t<div class=\"elementor-widget-wrap elementor-element-populated\">\n\t\t\t\t\t\t<div class=\"elementor-element elementor-element-aca535f elementor-widget elementor-widget-text-editor\" data-id=\"aca535f\" data-element_type=\"widget\" data-e-type=\"widget\" data-widget_type=\"text-editor.default\">\n\t\t\t\t<div class=\"elementor-widget-container\">\n\t\t\t\t\t\t\t\t\t<p data-start=\"181\" data-end=\"262\"><span style=\"color: #000000;\">16.T\u0131p Bili\u015fimi Kongresi kapsam\u0131nda ger\u00e7ekle\u015ftirilen de\u011ferlendirme s\u00fcreci sonucunda:<\/span><\/p><ul data-start=\"264\" data-end=\"500\"><li data-start=\"264\" data-end=\"384\"><p data-start=\"266\" data-end=\"384\"><span style=\"color: #000000;\"><strong data-start=\"266\" data-end=\"298\">\u0130lk 3\u2019e giren ara\u015ft\u0131rmac\u0131lar<\/strong>, <strong data-start=\"300\" data-end=\"369\">bir sonraki 17.T\u0131p Bili\u015fimi Kongresi&#8217;ne \u00fccretsiz kat\u0131l\u0131m hakk\u0131<\/strong> kazanm\u0131\u015ft\u0131r.<\/span><\/p><\/li><li data-start=\"385\" data-end=\"500\"><p data-start=\"387\" data-end=\"500\"><span style=\"color: #000000;\"><strong data-start=\"387\" data-end=\"420\">\u0130lk 10\u2019a giren ara\u015ft\u0131rmac\u0131lar<\/strong> ise <strong data-start=\"425\" data-end=\"485\">17. T\u0131p Bili\u015fimi Kongresi&#8217;ne %50 indirimli kat\u0131l\u0131m hakk\u0131<\/strong> elde etmi\u015ftir.<\/span><\/p><\/li><\/ul><p data-start=\"502\" data-end=\"632\"><span style=\"color: #000000;\">Bildiri g\u00f6ndererek s\u00fcrece katk\u0131 sunan t\u00fcm ara\u015ft\u0131rmac\u0131 ve meslekta\u015flar\u0131m\u0131z\u0131 i\u00e7tenlikle tebrik eder, ba\u015far\u0131lar\u0131n\u0131n devam\u0131n\u0131 dileriz.<\/span><\/p>\t\t\t\t\t\t\t\t<\/div>\n\t\t\t\t<\/div>\n\t\t\t\t\t<\/div>\n\t\t<\/div>\n\t\t\t\t\t<\/div>\n\t\t<\/section>\n\t\t\t\t<section class=\"elementor-section elementor-top-section elementor-element elementor-element-1b2be5d elementor-section-boxed elementor-section-height-default elementor-section-height-default\" data-id=\"1b2be5d\" data-element_type=\"section\" data-e-type=\"section\">\n\t\t\t\t\t\t<div class=\"elementor-container elementor-column-gap-default\">\n\t\t\t\t\t<div class=\"elementor-column elementor-col-50 elementor-top-column elementor-element elementor-element-33d78b5\" data-id=\"33d78b5\" data-element_type=\"column\" data-e-type=\"column\">\n\t\t\t<div class=\"elementor-widget-wrap elementor-element-populated\">\n\t\t\t\t\t\t<div class=\"elementor-element elementor-element-a48ea05 elementor-widget elementor-widget-image\" data-id=\"a48ea05\" data-element_type=\"widget\" data-e-type=\"widget\" data-widget_type=\"image.default\">\n\t\t\t\t<div class=\"elementor-widget-container\">\n\t\t\t\t\t\t\t\t\t\t\t\t\t\t\t<img decoding=\"async\" width=\"292\" height=\"464\" src=\"https:\/\/turkmia.net\/kongre2025\/wp-content\/uploads\/2025\/06\/1.jpg\" class=\"attachment-large size-large wp-image-4803\" alt=\"\" srcset=\"https:\/\/turkmia.net\/kongre2025\/wp-content\/uploads\/2025\/06\/1.jpg 292w, https:\/\/turkmia.net\/kongre2025\/wp-content\/uploads\/2025\/06\/1-189x300.jpg 189w\" sizes=\"(max-width: 292px) 100vw, 292px\" \/>\t\t\t\t\t\t\t\t\t\t\t\t\t\t\t<\/div>\n\t\t\t\t<\/div>\n\t\t\t\t\t<\/div>\n\t\t<\/div>\n\t\t\t\t<div class=\"elementor-column elementor-col-50 elementor-top-column elementor-element elementor-element-36c331a\" data-id=\"36c331a\" data-element_type=\"column\" data-e-type=\"column\">\n\t\t\t<div class=\"elementor-widget-wrap elementor-element-populated\">\n\t\t\t\t\t\t<div class=\"elementor-element elementor-element-8e60bff elementor-widget elementor-widget-image\" data-id=\"8e60bff\" data-element_type=\"widget\" data-e-type=\"widget\" data-widget_type=\"image.default\">\n\t\t\t\t<div class=\"elementor-widget-container\">\n\t\t\t\t\t\t\t\t\t\t\t\t\t\t\t<img decoding=\"async\" width=\"276\" height=\"398\" src=\"https:\/\/turkmia.net\/kongre2025\/wp-content\/uploads\/2025\/06\/2.jpg\" class=\"attachment-large size-large wp-image-4804\" alt=\"\" srcset=\"https:\/\/turkmia.net\/kongre2025\/wp-content\/uploads\/2025\/06\/2.jpg 276w, https:\/\/turkmia.net\/kongre2025\/wp-content\/uploads\/2025\/06\/2-208x300.jpg 208w\" sizes=\"(max-width: 276px) 100vw, 276px\" \/>\t\t\t\t\t\t\t\t\t\t\t\t\t\t\t<\/div>\n\t\t\t\t<\/div>\n\t\t\t\t\t<\/div>\n\t\t<\/div>\n\t\t\t\t\t<\/div>\n\t\t<\/section>\n\t\t\t\t<section class=\"elementor-section elementor-top-section elementor-element elementor-element-cded450 elementor-section-boxed elementor-section-height-default elementor-section-height-default\" data-id=\"cded450\" data-element_type=\"section\" data-e-type=\"section\">\n\t\t\t\t\t\t<div class=\"elementor-container elementor-column-gap-default\">\n\t\t\t\t\t<div class=\"elementor-column elementor-col-100 elementor-top-column elementor-element elementor-element-c099824\" data-id=\"c099824\" data-element_type=\"column\" data-e-type=\"column\">\n\t\t\t<div class=\"elementor-widget-wrap elementor-element-populated\">\n\t\t\t\t\t\t<section class=\"elementor-section elementor-inner-section elementor-element elementor-element-2618a0a elementor-section-boxed elementor-section-height-default elementor-section-height-default\" data-id=\"2618a0a\" data-element_type=\"section\" data-e-type=\"section\">\n\t\t\t\t\t\t<div class=\"elementor-container elementor-column-gap-default\">\n\t\t\t\t\t<div class=\"elementor-column elementor-col-50 elementor-inner-column elementor-element elementor-element-660cec5\" data-id=\"660cec5\" data-element_type=\"column\" data-e-type=\"column\">\n\t\t\t<div class=\"elementor-widget-wrap elementor-element-populated\">\n\t\t\t\t\t\t<div class=\"elementor-element elementor-element-a0ebbc1 elementor-widget elementor-widget-text-editor\" data-id=\"a0ebbc1\" data-element_type=\"widget\" data-e-type=\"widget\" data-widget_type=\"text-editor.default\">\n\t\t\t\t<div class=\"elementor-widget-container\">\n\t\t\t\t\t\t\t\t\t<p><span style=\"color: #000000;\">Online T\u00fcrk Sa\u011fl\u0131k Bilimleri Dergisi (OTSBD), sa\u011fl\u0131k bilimleri alan\u0131nda ara\u015ft\u0131rmalar\u0131 kabul eden ulusal ve uluslararas\u0131 hakemli bir dergidir.<\/span><\/p><p><strong>Online T\u00fcrk Sa\u011fl\u0131k Bilimleri (<a href=\"https:\/\/dergipark.org.tr\/tr\/pub\/otjhs\">OTJHS<\/a>)<\/strong><\/p><p>\u00a0<\/p>\t\t\t\t\t\t\t\t<\/div>\n\t\t\t\t<\/div>\n\t\t\t\t\t<\/div>\n\t\t<\/div>\n\t\t\t\t<div class=\"elementor-column elementor-col-50 elementor-inner-column elementor-element elementor-element-045767b\" data-id=\"045767b\" data-element_type=\"column\" data-e-type=\"column\">\n\t\t\t<div class=\"elementor-widget-wrap elementor-element-populated\">\n\t\t\t\t\t\t<div class=\"elementor-element elementor-element-9995cdd elementor-widget elementor-widget-text-editor\" data-id=\"9995cdd\" data-element_type=\"widget\" data-e-type=\"widget\" data-widget_type=\"text-editor.default\">\n\t\t\t\t<div class=\"elementor-widget-container\">\n\t\t\t\t\t\t\t\t\t<p><span style=\"color: #000000;\">AJIT-e uluslararas\u0131 hakemli bir dergidir. Y\u0131lda d\u00f6rt kez her iki dilde, T\u00fcrk\u00e7e ve \u0130ngilizce olarak yay\u0131nlan\u0131r.<\/span><\/p><p><strong>Academic Journal of Information Technology (<a href=\"https:\/\/dergipark.org.tr\/en\/pub\/ajit-e\">AJIT-e<\/a>)<\/strong><\/p>\t\t\t\t\t\t\t\t<\/div>\n\t\t\t\t<\/div>\n\t\t\t\t\t<\/div>\n\t\t<\/div>\n\t\t\t\t\t<\/div>\n\t\t<\/section>\n\t\t\t\t\t<\/div>\n\t\t<\/div>\n\t\t\t\t\t<\/div>\n\t\t<\/section>\n\t\t\t\t<section class=\"elementor-section elementor-top-section elementor-element elementor-element-41df157 elementor-section-boxed elementor-section-height-default elementor-section-height-default\" data-id=\"41df157\" data-element_type=\"section\" data-e-type=\"section\">\n\t\t\t\t\t\t<div class=\"elementor-container elementor-column-gap-default\">\n\t\t\t\t\t<div class=\"elementor-column elementor-col-100 elementor-top-column elementor-element elementor-element-e918d89\" data-id=\"e918d89\" data-element_type=\"column\" data-e-type=\"column\">\n\t\t\t<div class=\"elementor-widget-wrap elementor-element-populated\">\n\t\t\t\t\t\t<div class=\"elementor-element elementor-element-0a2c3a5 elementor-widget elementor-widget-text-editor\" data-id=\"0a2c3a5\" data-element_type=\"widget\" data-e-type=\"widget\" data-widget_type=\"text-editor.default\">\n\t\t\t\t<div class=\"elementor-widget-container\">\n\t\t\t\t\t\t\t\t\t<p><span style=\"color: #000000;\">\u00c7al\u0131\u015fman\u0131z\u0131n yay\u0131mlanaca\u011f\u0131 dergi se\u00e7imi derginin yay\u0131m ilkeleri, hakemlik s\u00fcre\u00e7leri ve kurallar\u0131na ba\u011fl\u0131 olarak, derginin kapsam\u0131 ve ara\u015ft\u0131rmac\u0131n\u0131n \u00e7al\u0131\u015fmas\u0131na uygunluk dikkate al\u0131narak g\u00f6nderilebilir.\u00a0<\/span><\/p><p><span style=\"color: #000000;\">G\u00f6nderimde 16.T\u0131p Bili\u015fimi Kongresinde sunulu\u015f bi\u00e7imi (\u00d6zet, Tam Metin, S\u00f6zl\u00fc Sunum, Poster Sunum vb.) ve varsa derecesi belirtilerek g\u00f6nderilmesi gerekmektedir.\u00a0<\/span><\/p>\t\t\t\t\t\t\t\t<\/div>\n\t\t\t\t<\/div>\n\t\t\t\t\t<\/div>\n\t\t<\/div>\n\t\t\t\t\t<\/div>\n\t\t<\/section>\n\t\t\t\t<\/div>\n\t\t","protected":false},"excerpt":{"rendered":"<p>\u00a0 16.T\u0131p Bili\u015fimi Kongresi\u2019nin bildiri kitab\u0131n\u0131n yay\u0131mland\u0131\u011f\u0131n\u0131 sizlere b\u00fcy\u00fck bir memnuniyetle duyuruyoruz. T\u0131p Bili\u015fimi Derne\u011fi taraf\u0131ndan ger\u00e7ekle\u015ftirilmi\u015f olan Kongremize ait 16.T\u0131p Bili\u015fimi Bildiriler Kitab\u0131 adresinden eri\u015febilirsiniz ve t\u00fcm bildirilere ula\u015fabilirsiniz. Katk\u0131lar\u0131n\u0131z ve destekleriniz i\u00e7in te\u015fekk\u00fcr ederiz. En iyi ilk 10 bildiri sonu\u00e7lar\u0131 a\u00e7\u0131klanm\u0131\u015ft\u0131r. 1. Neslihan Baki (KT\u00dc)*,Nurhan G\u00fcrsel \u00d6zmen(KT\u00dc), Biomarker Proposal for Investigating Low Frequency [&hellip;]<\/p>\n","protected":false},"author":1,"featured_media":0,"parent":0,"menu_order":0,"comment_status":"closed","ping_status":"closed","template":"elementor_header_footer","meta":{"footnotes":""},"class_list":["post-510","page","type-page","status-publish","hentry"],"_links":{"self":[{"href":"https:\/\/turkmia.net\/kongre2025\/wp-json\/wp\/v2\/pages\/510","targetHints":{"allow":["GET"]}}],"collection":[{"href":"https:\/\/turkmia.net\/kongre2025\/wp-json\/wp\/v2\/pages"}],"about":[{"href":"https:\/\/turkmia.net\/kongre2025\/wp-json\/wp\/v2\/types\/page"}],"author":[{"embeddable":true,"href":"https:\/\/turkmia.net\/kongre2025\/wp-json\/wp\/v2\/users\/1"}],"replies":[{"embeddable":true,"href":"https:\/\/turkmia.net\/kongre2025\/wp-json\/wp\/v2\/comments?post=510"}],"version-history":[{"count":171,"href":"https:\/\/turkmia.net\/kongre2025\/wp-json\/wp\/v2\/pages\/510\/revisions"}],"predecessor-version":[{"id":4851,"href":"https:\/\/turkmia.net\/kongre2025\/wp-json\/wp\/v2\/pages\/510\/revisions\/4851"}],"wp:attachment":[{"href":"https:\/\/turkmia.net\/kongre2025\/wp-json\/wp\/v2\/media?parent=510"}],"curies":[{"name":"wp","href":"https:\/\/api.w.org\/{rel}","templated":true}]}}