{"id":1079,"date":"2021-03-15T20:14:08","date_gmt":"2021-03-15T20:14:08","guid":{"rendered":"https:\/\/turkmia.net\/kongre2021\/?page_id=1079"},"modified":"2025-07-21T10:35:51","modified_gmt":"2025-07-21T07:35:51","slug":"program","status":"publish","type":"page","link":"https:\/\/turkmia.net\/kongre2025\/program\/","title":{"rendered":"Program"},"content":{"rendered":"\t\t<div data-elementor-type=\"wp-post\" data-elementor-id=\"1079\" class=\"elementor elementor-1079\">\n\t\t\t\t\t\t<section class=\"elementor-section elementor-top-section elementor-element elementor-element-201835e elementor-section-boxed elementor-section-height-default elementor-section-height-default\" data-id=\"201835e\" data-element_type=\"section\" data-e-type=\"section\">\n\t\t\t\t\t\t<div class=\"elementor-container elementor-column-gap-default\">\n\t\t\t\t\t<div class=\"elementor-column elementor-col-100 elementor-top-column elementor-element elementor-element-d993cca\" data-id=\"d993cca\" data-element_type=\"column\" data-e-type=\"column\">\n\t\t\t<div class=\"elementor-widget-wrap elementor-element-populated\">\n\t\t\t\t\t\t<div class=\"elementor-element elementor-element-81b4a8f elementor-widget elementor-widget-heading\" data-id=\"81b4a8f\" data-element_type=\"widget\" data-e-type=\"widget\" data-widget_type=\"heading.default\">\n\t\t\t\t<div class=\"elementor-widget-container\">\n\t\t\t\t\t<h2 class=\"elementor-heading-title elementor-size-default\">Kongre Program\u0131<\/h2>\t\t\t\t<\/div>\n\t\t\t\t<\/div>\n\t\t\t\t<div class=\"elementor-element elementor-element-146f79d elementor-widget-divider--view-line elementor-widget elementor-widget-divider\" data-id=\"146f79d\" data-element_type=\"widget\" data-e-type=\"widget\" data-widget_type=\"divider.default\">\n\t\t\t\t<div class=\"elementor-widget-container\">\n\t\t\t\t\t\t\t<div class=\"elementor-divider\">\n\t\t\t<span class=\"elementor-divider-separator\">\n\t\t\t\t\t\t<\/span>\n\t\t<\/div>\n\t\t\t\t\t\t<\/div>\n\t\t\t\t<\/div>\n\t\t\t\t\t<\/div>\n\t\t<\/div>\n\t\t\t\t\t<\/div>\n\t\t<\/section>\n\t\t\t\t<section class=\"elementor-section elementor-top-section elementor-element elementor-element-13cf817 elementor-section-boxed elementor-section-height-default elementor-section-height-default\" data-id=\"13cf817\" data-element_type=\"section\" data-e-type=\"section\">\n\t\t\t\t\t\t<div class=\"elementor-container elementor-column-gap-default\">\n\t\t\t\t\t<div class=\"elementor-column elementor-col-100 elementor-top-column elementor-element elementor-element-a756f3d\" data-id=\"a756f3d\" data-element_type=\"column\" data-e-type=\"column\">\n\t\t\t<div class=\"elementor-widget-wrap elementor-element-populated\">\n\t\t\t\t\t\t<div class=\"elementor-element elementor-element-5c7d81d elementor-widget elementor-widget-image\" data-id=\"5c7d81d\" data-element_type=\"widget\" data-e-type=\"widget\" data-widget_type=\"image.default\">\n\t\t\t\t<div class=\"elementor-widget-container\">\n\t\t\t\t\t\t\t\t\t\t\t\t\t\t\t<img fetchpriority=\"high\" decoding=\"async\" width=\"2000\" height=\"1414\" src=\"https:\/\/turkmia.net\/kongre2025\/wp-content\/uploads\/2025\/05\/1-1.png\" class=\"attachment-2048x2048 size-2048x2048 wp-image-4789\" alt=\"\" srcset=\"https:\/\/turkmia.net\/kongre2025\/wp-content\/uploads\/2025\/05\/1-1.png 2000w, https:\/\/turkmia.net\/kongre2025\/wp-content\/uploads\/2025\/05\/1-1-300x212.png 300w, https:\/\/turkmia.net\/kongre2025\/wp-content\/uploads\/2025\/05\/1-1-1024x724.png 1024w, https:\/\/turkmia.net\/kongre2025\/wp-content\/uploads\/2025\/05\/1-1-768x543.png 768w, https:\/\/turkmia.net\/kongre2025\/wp-content\/uploads\/2025\/05\/1-1-1536x1086.png 1536w\" sizes=\"(max-width: 2000px) 100vw, 2000px\" \/>\t\t\t\t\t\t\t\t\t\t\t\t\t\t\t<\/div>\n\t\t\t\t<\/div>\n\t\t\t\t\t<\/div>\n\t\t<\/div>\n\t\t\t\t\t<\/div>\n\t\t<\/section>\n\t\t\t\t<section class=\"elementor-section elementor-top-section elementor-element elementor-element-e1fb011 elementor-section-boxed elementor-section-height-default elementor-section-height-default\" data-id=\"e1fb011\" data-element_type=\"section\" data-e-type=\"section\">\n\t\t\t\t\t\t<div class=\"elementor-container elementor-column-gap-default\">\n\t\t\t\t\t<div class=\"elementor-column elementor-col-100 elementor-top-column elementor-element elementor-element-9b5e2a2\" data-id=\"9b5e2a2\" data-element_type=\"column\" data-e-type=\"column\">\n\t\t\t<div class=\"elementor-widget-wrap\">\n\t\t\t\t\t\t\t<\/div>\n\t\t<\/div>\n\t\t\t\t\t<\/div>\n\t\t<\/section>\n\t\t\t\t<section class=\"elementor-section elementor-top-section elementor-element elementor-element-addd0c1 elementor-section-boxed elementor-section-height-default elementor-section-height-default\" data-id=\"addd0c1\" data-element_type=\"section\" data-e-type=\"section\">\n\t\t\t\t\t\t<div class=\"elementor-container elementor-column-gap-default\">\n\t\t\t\t\t<div class=\"elementor-column elementor-col-100 elementor-top-column elementor-element elementor-element-7698a97\" data-id=\"7698a97\" data-element_type=\"column\" data-e-type=\"column\">\n\t\t\t<div class=\"elementor-widget-wrap elementor-element-populated\">\n\t\t\t\t\t\t<div class=\"elementor-element elementor-element-87bbf62 elementor-widget elementor-widget-text-editor\" data-id=\"87bbf62\" data-element_type=\"widget\" data-e-type=\"widget\" data-widget_type=\"text-editor.default\">\n\t\t\t\t<div class=\"elementor-widget-container\">\n\t\t\t\t\t\t\t\t\t<h4 style=\"color: #17252a;\"><b>S\u00f6zl\u00fc Bildiri<\/b><\/h4>\n<ul style=\"color: #46707f;\">\n<li>Bildirinizin kongre kitab\u0131nda bas\u0131labilmesi i\u00e7in en az bir yazar\u0131n kay\u0131t yapt\u0131rmas\u0131 ve bildirinin kongrede sunulmu\u015f olmas\u0131 gerekmektedir.<\/li>\n<li>22 May\u0131s Per\u015fembe g\u00fcn\u00fc sunulacak olan bildiriler soru cevap dahil olmak \u00fczere sunum s\u00fcresi 10 dakika olarak belirlenmi\u015ftir. 23 May\u0131s Cuma g\u00fcn\u00fc sunulacak olan bildiriler soru cevap dahil olmak \u00fczere sunum s\u00fcresi 7 dakikad\u0131r.<\/li>\n<li>Sunumunuzu iste\u011fe ba\u011fl\u0131 olarak \u0130ngilizce ya da T\u00fcrk\u00e7e olarak ger\u00e7ekle\u015ftirilebilirsiniz.<\/li>\n<\/ul>\n<h4 style=\"color: #17252a;\">&nbsp;<\/h4>\n<h4 style=\"color: #17252a;\"><b>Poster Bildiri<\/b><\/h4>\n<ul style=\"color: #46707f;\">\n<li>Bildirinizin kongre kitab\u0131nda bas\u0131labilmesi en az bir yazar\u0131n kay\u0131t yapt\u0131rmas\u0131 ve bildirinin kongrede poster olarak sunulmu\u015f olmal\u0131d\u0131r.<\/li>\n<li>\u0130\u00e7erik iste\u011fe ba\u011fl\u0131 poster boyutu 70*100 olarak belirlenmi\u015ftir.<\/li>\n<li>Poster sunumlar\u0131 \u00e7ay ve kahve aralar\u0131nda sunulacakt\u0131r.<\/li>\n<li>Kongre salonuna gelirken, poster sunumunuzu 70\u00d7100 cm ebatlar\u0131nda bast\u0131rarak g\u00f6revlilerin g\u00f6sterdi\u011fi alana as\u0131n\u0131z.<\/li>\n<\/ul>\t\t\t\t\t\t\t\t<\/div>\n\t\t\t\t<\/div>\n\t\t\t\t\t<\/div>\n\t\t<\/div>\n\t\t\t\t\t<\/div>\n\t\t<\/section>\n\t\t\t\t<\/div>\n\t\t","protected":false},"excerpt":{"rendered":"<p>Kongre Program\u0131 S\u00f6zl\u00fc Bildiri Bildirinizin kongre kitab\u0131nda bas\u0131labilmesi i\u00e7in en az bir yazar\u0131n kay\u0131t yapt\u0131rmas\u0131 ve bildirinin kongrede sunulmu\u015f olmas\u0131 gerekmektedir. 22 May\u0131s Per\u015fembe g\u00fcn\u00fc sunulacak olan bildiriler soru cevap dahil olmak \u00fczere sunum s\u00fcresi 10 dakika olarak belirlenmi\u015ftir. 23 May\u0131s Cuma g\u00fcn\u00fc sunulacak olan bildiriler soru cevap dahil olmak \u00fczere sunum s\u00fcresi 7 dakikad\u0131r. [&hellip;]<\/p>\n","protected":false},"author":1,"featured_media":0,"parent":0,"menu_order":0,"comment_status":"closed","ping_status":"closed","template":"elementor_header_footer","meta":{"footnotes":""},"class_list":["post-1079","page","type-page","status-publish","hentry"],"_links":{"self":[{"href":"https:\/\/turkmia.net\/kongre2025\/wp-json\/wp\/v2\/pages\/1079","targetHints":{"allow":["GET"]}}],"collection":[{"href":"https:\/\/turkmia.net\/kongre2025\/wp-json\/wp\/v2\/pages"}],"about":[{"href":"https:\/\/turkmia.net\/kongre2025\/wp-json\/wp\/v2\/types\/page"}],"author":[{"embeddable":true,"href":"https:\/\/turkmia.net\/kongre2025\/wp-json\/wp\/v2\/users\/1"}],"replies":[{"embeddable":true,"href":"https:\/\/turkmia.net\/kongre2025\/wp-json\/wp\/v2\/comments?post=1079"}],"version-history":[{"count":428,"href":"https:\/\/turkmia.net\/kongre2025\/wp-json\/wp\/v2\/pages\/1079\/revisions"}],"predecessor-version":[{"id":4833,"href":"https:\/\/turkmia.net\/kongre2025\/wp-json\/wp\/v2\/pages\/1079\/revisions\/4833"}],"wp:attachment":[{"href":"https:\/\/turkmia.net\/kongre2025\/wp-json\/wp\/v2\/media?parent=1079"}],"curies":[{"name":"wp","href":"https:\/\/api.w.org\/{rel}","templated":true}]}}