{"id":622,"date":"2020-12-01T18:05:05","date_gmt":"2020-12-01T18:05:05","guid":{"rendered":"https:\/\/turkmia.net\/kongre2021\/?page_id=622"},"modified":"2024-05-23T11:43:39","modified_gmt":"2024-05-23T08:43:39","slug":"kayit","status":"publish","type":"page","link":"https:\/\/turkmia.net\/kongre2024\/kayit\/","title":{"rendered":"Kay\u0131t"},"content":{"rendered":"\t\t<div data-elementor-type=\"wp-post\" data-elementor-id=\"622\" class=\"elementor elementor-622\">\n\t\t\t\t\t\t<section class=\"elementor-section elementor-top-section elementor-element elementor-element-def3b36 elementor-section-boxed elementor-section-height-default elementor-section-height-default\" data-id=\"def3b36\" data-element_type=\"section\" data-e-type=\"section\">\n\t\t\t\t\t\t<div class=\"elementor-container elementor-column-gap-default\">\n\t\t\t\t\t<div class=\"elementor-column elementor-col-100 elementor-top-column elementor-element elementor-element-7e7d4da\" data-id=\"7e7d4da\" data-element_type=\"column\" data-e-type=\"column\">\n\t\t\t<div class=\"elementor-widget-wrap elementor-element-populated\">\n\t\t\t\t\t\t<div class=\"elementor-element elementor-element-eb367a5 elementor-widget elementor-widget-heading\" data-id=\"eb367a5\" data-element_type=\"widget\" data-e-type=\"widget\" data-widget_type=\"heading.default\">\n\t\t\t\t<div class=\"elementor-widget-container\">\n\t\t\t\t\t<h2 class=\"elementor-heading-title elementor-size-default\">KONGREYE KAYIT<\/h2>\t\t\t\t<\/div>\n\t\t\t\t<\/div>\n\t\t\t\t<div class=\"elementor-element elementor-element-cbc46a1 elementor-widget-divider--view-line elementor-widget elementor-widget-divider\" data-id=\"cbc46a1\" data-element_type=\"widget\" data-e-type=\"widget\" data-widget_type=\"divider.default\">\n\t\t\t\t<div class=\"elementor-widget-container\">\n\t\t\t\t\t\t\t<div class=\"elementor-divider\">\n\t\t\t<span class=\"elementor-divider-separator\">\n\t\t\t\t\t\t<\/span>\n\t\t<\/div>\n\t\t\t\t\t\t<\/div>\n\t\t\t\t<\/div>\n\t\t\t\t\t<\/div>\n\t\t<\/div>\n\t\t\t\t\t<\/div>\n\t\t<\/section>\n\t\t\t\t<section class=\"elementor-section elementor-top-section elementor-element elementor-element-ca7a268 elementor-section-boxed elementor-section-height-default elementor-section-height-default\" data-id=\"ca7a268\" data-element_type=\"section\" data-e-type=\"section\">\n\t\t\t\t\t\t<div class=\"elementor-container elementor-column-gap-default\">\n\t\t\t\t\t<div class=\"elementor-column elementor-col-100 elementor-top-column elementor-element elementor-element-4817535\" data-id=\"4817535\" data-element_type=\"column\" data-e-type=\"column\">\n\t\t\t<div class=\"elementor-widget-wrap elementor-element-populated\">\n\t\t\t\t\t\t<div class=\"elementor-element elementor-element-297ce20 elementor-widget elementor-widget-text-editor\" data-id=\"297ce20\" data-element_type=\"widget\" data-e-type=\"widget\" data-widget_type=\"text-editor.default\">\n\t\t\t\t<div class=\"elementor-widget-container\">\n\t\t\t\t\t\t\t\t\t<p><span style=\"font-size: 1rem;\">K<\/span><span style=\"font-size: 1rem;\">ongre d\u00fczenleme giderlerine katk\u0131 i\u00e7in a<\/span>\u015fa\u011f\u0131da belirtilen tutarlar\u0131n&nbsp;<span style=\"font-size: 1rem;\">&nbsp;derne\u011fimize ba\u011f\u0131\u015f olarak yat\u0131r\u0131lmas\u0131n\u0131 ve dekontunun a\u015fa\u011f\u0131daki web forma ekleyerek&nbsp;kayd\u0131n tamamlanmas\u0131n\u0131 rica ederiz.&nbsp; &nbsp;&nbsp;<\/span><\/p>\t\t\t\t\t\t\t\t<\/div>\n\t\t\t\t<\/div>\n\t\t\t\t<div class=\"elementor-element elementor-element-f1f4a02 elementor-widget__width-initial elementor-widget-tablet__width-initial elementor-widget elementor-widget-text-editor\" data-id=\"f1f4a02\" data-element_type=\"widget\" data-e-type=\"widget\" data-widget_type=\"text-editor.default\">\n\t\t\t\t<div class=\"elementor-widget-container\">\n\t\t\t\t\t\t\t\t\t<p style=\"text-align: left;\"><span style=\"color: #000000;\">Erken Kay\u0131t: 25 Mart 2024- 24 May\u0131s 2024<\/span><\/p><table width=\"248\"><tbody><tr><td width=\"158\">Tam<\/td><td width=\"90\">500 TL<\/td><\/tr><tr><td>\u00d6\u011frenci<\/td><td>350 TL<\/td><\/tr><tr><td>G\u00fcnl\u00fck kay\u0131t<\/td><td>400 TL<\/td><\/tr><\/tbody><\/table><p><span style=\"color: #000000;\">Ge\u00e7 Kay\u0131t: 25 May\u0131s 2024- 29 May\u0131s 2024<\/span><\/p><table width=\"248\"><tbody><tr><td width=\"158\">Tam<\/td><td width=\"90\">1000 TL<\/td><\/tr><tr><td>\u00d6\u011frenci<\/td><td>700 TL<\/td><\/tr><tr><td>G\u00fcnl\u00fck kay\u0131t<\/td><td>800 TL<\/td><\/tr><\/tbody><\/table>\t\t\t\t\t\t\t\t<\/div>\n\t\t\t\t<\/div>\n\t\t\t\t<div class=\"elementor-element elementor-element-04bc00c elementor-widget elementor-widget-text-editor\" data-id=\"04bc00c\" data-element_type=\"widget\" data-e-type=\"widget\" data-widget_type=\"text-editor.default\">\n\t\t\t\t<div class=\"elementor-widget-container\">\n\t\t\t\t\t\t\t\t\t<p><i>Kat\u0131l\u0131mc\u0131 dernek \u00fcyelerine %10 indirim uygulanacakt\u0131r.<\/i><\/p>\t\t\t\t\t\t\t\t<\/div>\n\t\t\t\t<\/div>\n\t\t\t\t<div class=\"elementor-element elementor-element-2cf8346 elementor-widget elementor-widget-text-editor\" data-id=\"2cf8346\" data-element_type=\"widget\" data-e-type=\"widget\" data-widget_type=\"text-editor.default\">\n\t\t\t\t<div class=\"elementor-widget-container\">\n\t\t\t\t\t\t\t\t\t<p><strong>Kay\u0131tl\u0131 kat\u0131l\u0131ma dahil olanlar;<\/strong><\/p>\n<ul>\n<li style=\"list-style-type: none;\">\n<ul>\n<li>Yaka Kart\u0131 ve Kat\u0131l\u0131m Belgesi<\/li>\n<li>T\u00fcm Oturumlara kat\u0131l\u0131m&nbsp;<\/li>\n<li>Aralarda \u00c7ay\/kahve ikramlar\u0131<\/li>\n<li>\u00d6\u011fle Yemekleri<\/li>\n<li>Sponsor hediyeleri<\/li>\n<\/ul>\n<\/li>\n<\/ul>\t\t\t\t\t\t\t\t<\/div>\n\t\t\t\t<\/div>\n\t\t\t\t<div class=\"elementor-element elementor-element-1bafb59 elementor-widget-divider--view-line elementor-widget elementor-widget-divider\" data-id=\"1bafb59\" data-element_type=\"widget\" data-e-type=\"widget\" data-widget_type=\"divider.default\">\n\t\t\t\t<div class=\"elementor-widget-container\">\n\t\t\t\t\t\t\t<div class=\"elementor-divider\">\n\t\t\t<span class=\"elementor-divider-separator\">\n\t\t\t\t\t\t<\/span>\n\t\t<\/div>\n\t\t\t\t\t\t<\/div>\n\t\t\t\t<\/div>\n\t\t\t\t<div class=\"elementor-element elementor-element-8642e77 elementor-widget elementor-widget-text-editor\" data-id=\"8642e77\" data-element_type=\"widget\" data-e-type=\"widget\" data-widget_type=\"text-editor.default\">\n\t\t\t\t<div class=\"elementor-widget-container\">\n\t\t\t\t\t\t\t\t\t<p>Hesap bilgileri:<\/p>\n<p>T\u0131p Bili\u015fimi Derne\u011fi<br>Yap\u0131 Kredi Bankas\u0131 Ankara \u00d6zel Bankac\u0131l\u0131k \u015eubesi<\/p>\n<p>IBAN: TR52 0006 7010 0000 0056 6608 39<br>A\u00e7\u0131klama: <i>Kongre2024 i\u00e7in ba\u011f\u0131\u015f&nbsp;<\/i><\/p>\t\t\t\t\t\t\t\t<\/div>\n\t\t\t\t<\/div>\n\t\t\t\t\t<\/div>\n\t\t<\/div>\n\t\t\t\t\t<\/div>\n\t\t<\/section>\n\t\t\t\t<section class=\"elementor-section elementor-top-section elementor-element elementor-element-fc23220 elementor-section-boxed elementor-section-height-default elementor-section-height-default\" data-id=\"fc23220\" data-element_type=\"section\" data-e-type=\"section\">\n\t\t\t\t\t\t<div class=\"elementor-container elementor-column-gap-default\">\n\t\t\t\t\t<div class=\"elementor-column elementor-col-100 elementor-top-column elementor-element elementor-element-b6ad6d1\" data-id=\"b6ad6d1\" data-element_type=\"column\" data-e-type=\"column\">\n\t\t\t<div class=\"elementor-widget-wrap elementor-element-populated\">\n\t\t\t\t\t\t<div class=\"elementor-element elementor-element-29b20b5 elementor-widget elementor-widget-shortcode\" data-id=\"29b20b5\" data-element_type=\"widget\" data-e-type=\"widget\" data-widget_type=\"shortcode.default\">\n\t\t\t\t<div class=\"elementor-widget-container\">\n\t\t\t\t\t\t\t<div class=\"elementor-shortcode\">\n<div class=\"wpcf7 no-js\" id=\"wpcf7-f650-o1\" lang=\"tr-TR\" dir=\"ltr\" data-wpcf7-id=\"650\">\n<div class=\"screen-reader-response\"><p role=\"status\" aria-live=\"polite\" aria-atomic=\"true\"><\/p> <ul><\/ul><\/div>\n<form action=\"\/kongre2024\/wp-json\/wp\/v2\/pages\/622#wpcf7-f650-o1\" method=\"post\" class=\"wpcf7-form init\" aria-label=\"\u0130leti\u015fim Formu\" enctype=\"multipart\/form-data\" novalidate=\"novalidate\" data-status=\"init\">\n<fieldset class=\"hidden-fields-container\"><input type=\"hidden\" name=\"_wpcf7\" value=\"650\" \/><input type=\"hidden\" name=\"_wpcf7_version\" value=\"6.1.5\" \/><input type=\"hidden\" name=\"_wpcf7_locale\" value=\"tr_TR\" \/><input type=\"hidden\" name=\"_wpcf7_unit_tag\" value=\"wpcf7-f650-o1\" \/><input type=\"hidden\" name=\"_wpcf7_container_post\" value=\"0\" \/><input type=\"hidden\" name=\"_wpcf7_posted_data_hash\" value=\"\" \/><input type=\"hidden\" name=\"_wpcf7_recaptcha_response\" value=\"\" \/>\n<\/fieldset>\n<p><label> <span class=\"wpcf7-form-control-wrap\" data-name=\"your-name\"><input size=\"40\" maxlength=\"400\" class=\"wpcf7-form-control wpcf7-text wpcf7-validates-as-required\" aria-required=\"true\" aria-invalid=\"false\" placeholder=\"Ad Soyad\" value=\"\" type=\"text\" name=\"your-name\" \/><\/span> <\/label>\n<\/p>\n<p><label> <span class=\"wpcf7-form-control-wrap\" data-name=\"company-name\"><input size=\"40\" maxlength=\"400\" class=\"wpcf7-form-control wpcf7-text wpcf7-validates-as-required\" aria-required=\"true\" aria-invalid=\"false\" placeholder=\"Kurum \/ Firma Ad\u0131\" value=\"\" type=\"text\" name=\"company-name\" \/><\/span> <\/label>\n<\/p>\n<p><label> <span class=\"wpcf7-form-control-wrap\" data-name=\"your-phone\"><input size=\"40\" maxlength=\"400\" class=\"wpcf7-form-control wpcf7-tel wpcf7-validates-as-required wpcf7-text wpcf7-validates-as-tel\" aria-required=\"true\" aria-invalid=\"false\" placeholder=\"Telefon\" value=\"\" type=\"tel\" name=\"your-phone\" \/><\/span> <\/label>\n<\/p>\n<p><label> <span class=\"wpcf7-form-control-wrap\" data-name=\"your-email\"><input size=\"40\" maxlength=\"400\" class=\"wpcf7-form-control wpcf7-email wpcf7-validates-as-required wpcf7-text wpcf7-validates-as-email\" aria-required=\"true\" aria-invalid=\"false\" placeholder=\"E-posta adresi\" value=\"\" type=\"email\" name=\"your-email\" \/><\/span> <\/label>\n<\/p>\n<p><label> <span class=\"wpcf7-form-control-wrap\" data-name=\"your-message\"><input size=\"40\" maxlength=\"400\" class=\"wpcf7-form-control wpcf7-text\" aria-invalid=\"false\" placeholder=\"Mesaj\" value=\"\" type=\"text\" name=\"your-message\" \/><\/span> <\/label>\n<\/p>\n<p><label> Dekont (PDF)<br \/>\n<span class=\"wpcf7-form-control-wrap\" data-name=\"file-673\"><input size=\"40\" class=\"wpcf7-form-control wpcf7-file wpcf7-validates-as-required\" accept=\".pdf\" aria-required=\"true\" aria-invalid=\"false\" type=\"file\" name=\"file-673\" \/><\/span> <\/label>\n<\/p>\n<p><input class=\"wpcf7-form-control wpcf7-submit has-spinner btn-right\" type=\"submit\" value=\"Kay\u0131t Ol\" \/>\n<\/p><div class=\"wpcf7-response-output\" aria-hidden=\"true\"><\/div>\n<\/form>\n<\/div>\n<\/div>\n\t\t\t\t\t\t<\/div>\n\t\t\t\t<\/div>\n\t\t\t\t\t<\/div>\n\t\t<\/div>\n\t\t\t\t\t<\/div>\n\t\t<\/section>\n\t\t\t\t<\/div>\n\t\t","protected":false},"excerpt":{"rendered":"<p>KONGREYE KAYIT Kongre d\u00fczenleme giderlerine katk\u0131 i\u00e7in a\u015fa\u011f\u0131da belirtilen tutarlar\u0131n&nbsp;&nbsp;derne\u011fimize ba\u011f\u0131\u015f olarak yat\u0131r\u0131lmas\u0131n\u0131 ve dekontunun a\u015fa\u011f\u0131daki web forma ekleyerek&nbsp;kayd\u0131n tamamlanmas\u0131n\u0131 rica ederiz.&nbsp; &nbsp;&nbsp; Erken Kay\u0131t: 25 Mart 2024- 24 May\u0131s 2024 Tam 500 TL \u00d6\u011frenci 350 TL G\u00fcnl\u00fck kay\u0131t 400 TL Ge\u00e7 Kay\u0131t: 25 May\u0131s 2024- 29 May\u0131s 2024 Tam 1000 TL \u00d6\u011frenci 700 TL [&hellip;]<\/p>\n","protected":false},"author":1,"featured_media":0,"parent":0,"menu_order":0,"comment_status":"closed","ping_status":"closed","template":"elementor_header_footer","meta":{"footnotes":""},"class_list":["post-622","page","type-page","status-publish","hentry"],"_links":{"self":[{"href":"https:\/\/turkmia.net\/kongre2024\/wp-json\/wp\/v2\/pages\/622","targetHints":{"allow":["GET"]}}],"collection":[{"href":"https:\/\/turkmia.net\/kongre2024\/wp-json\/wp\/v2\/pages"}],"about":[{"href":"https:\/\/turkmia.net\/kongre2024\/wp-json\/wp\/v2\/types\/page"}],"author":[{"embeddable":true,"href":"https:\/\/turkmia.net\/kongre2024\/wp-json\/wp\/v2\/users\/1"}],"replies":[{"embeddable":true,"href":"https:\/\/turkmia.net\/kongre2024\/wp-json\/wp\/v2\/comments?post=622"}],"version-history":[{"count":181,"href":"https:\/\/turkmia.net\/kongre2024\/wp-json\/wp\/v2\/pages\/622\/revisions"}],"predecessor-version":[{"id":4179,"href":"https:\/\/turkmia.net\/kongre2024\/wp-json\/wp\/v2\/pages\/622\/revisions\/4179"}],"wp:attachment":[{"href":"https:\/\/turkmia.net\/kongre2024\/wp-json\/wp\/v2\/media?parent=622"}],"curies":[{"name":"wp","href":"https:\/\/api.w.org\/{rel}","templated":true}]}}