{"id":2929,"date":"2024-01-05T14:51:00","date_gmt":"2024-01-05T11:51:00","guid":{"rendered":"https:\/\/turkmia.net\/kongre2024\/colibri-wp\/"},"modified":"2024-09-05T16:19:20","modified_gmt":"2024-09-05T13:19:20","slug":"colibri-wp","status":"publish","type":"page","link":"https:\/\/turkmia.net\/kongre2024\/","title":{"rendered":"Front Page"},"content":{"rendered":"\t\t<div data-elementor-type=\"wp-page\" data-elementor-id=\"2929\" class=\"elementor elementor-2929\">\n\t\t\t\t\t\t<section class=\"elementor-section elementor-top-section elementor-element elementor-element-551d347e elementor-section-boxed elementor-section-height-default elementor-section-height-default\" data-id=\"551d347e\" data-element_type=\"section\" data-e-type=\"section\">\n\t\t\t\t\t\t<div class=\"elementor-container elementor-column-gap-default\">\n\t\t\t\t\t<div class=\"elementor-column elementor-col-100 elementor-top-column elementor-element elementor-element-380af1e7\" data-id=\"380af1e7\" data-element_type=\"column\" data-e-type=\"column\">\n\t\t\t<div class=\"elementor-widget-wrap elementor-element-populated\">\n\t\t\t\t\t\t<div class=\"elementor-element elementor-element-57d118a1 elementor-widget__width-initial elementor-widget elementor-widget-text-editor\" data-id=\"57d118a1\" data-element_type=\"widget\" data-e-type=\"widget\" data-widget_type=\"text-editor.default\">\n\t\t\t\t<div class=\"elementor-widget-container\">\n\t\t\t\t\t\t\t\t\t<div data-colibri-id=\"2929-c1\" class=\"style-193 style-local-2929-c1 position-relative\">\n  <!----><p><\/p>\n<div data-colibri-component=\"section\" data-colibri-id=\"2929-c2\" id=\"content\" class=\"h-section h-section-global-spacing d-flex align-items-lg-center align-items-md-center align-items-center style-206 style-local-2929-c2 position-relative\">\n<div class=\"h-section-grid-container h-section-boxed-container\">\n<div data-colibri-id=\"2929-c3\" class=\"h-row-container gutters-row-lg-2 gutters-row-md-2 gutters-row-2 gutters-row-v-lg-2 gutters-row-v-md-2 gutters-row-v-2 style-207 style-local-2929-c3 position-relative\">\n<div class=\"h-row justify-content-lg-center justify-content-md-center justify-content-center align-items-lg-stretch align-items-md-stretch align-items-stretch gutters-col-lg-2 gutters-col-md-2 gutters-col-2 gutters-col-v-lg-2 gutters-col-v-md-2 gutters-col-v-2\">\n<div class=\"h-column h-column-container d-flex h-col-lg-auto h-col-md-auto h-col-auto style-208-outer style-local-2929-c4-outer\">\n<div data-colibri-id=\"2929-c4\" class=\"d-flex h-flex-basis h-column__inner h-px-lg-0 h-px-md-0 h-px-2 v-inner-lg-0 v-inner-md-0 v-inner-2 style-208 style-local-2929-c4 position-relative\">\n<div class=\"w-100 h-y-container h-column__content h-column__v-align flex-basis-100 align-self-lg-center align-self-md-center align-self-center\">\n<div data-colibri-id=\"2929-c5\" class=\"h-global-transition-all h-heading style-209 style-local-2929-c5 position-relative h-element\">\n<div class=\"h-heading__outer style-209 style-local-2929-c5\">\n<h3 class=\"\">DAVET<\/h3>\n<\/div>\n<\/div>\n<\/div>\n<\/div>\n<\/div>\n<\/div>\n<\/div>\n<\/div>\n<\/div>\n<div data-colibri-component=\"section\" data-colibri-id=\"2929-c6\" id=\"custom\" class=\"h-section h-section-global-spacing d-flex align-items-lg-center align-items-md-center align-items-center style-218 style-local-2929-c6 position-relative\">\n<div class=\"h-section-grid-container h-section-boxed-container\">\n<div data-colibri-id=\"2929-c7\" class=\"h-row-container gutters-row-lg-2 gutters-row-md-2 gutters-row-0 gutters-row-v-lg-2 gutters-row-v-md-2 gutters-row-v-2 style-219 style-local-2929-c7 position-relative\">\n<div class=\"h-row justify-content-lg-center justify-content-md-center justify-content-center align-items-lg-stretch align-items-md-stretch align-items-stretch gutters-col-lg-2 gutters-col-md-2 gutters-col-0 gutters-col-v-lg-2 gutters-col-v-md-2 gutters-col-v-2\">\n<div class=\"h-column h-column-container d-flex h-col-lg h-col-md h-col-auto style-220-outer style-local-2929-c8-outer\">\n<div data-colibri-id=\"2929-c8\" class=\"d-flex h-flex-basis h-column__inner h-px-lg-2 h-px-md-2 h-px-2 v-inner-lg-2 v-inner-md-2 v-inner-2 style-220 style-local-2929-c8 position-relative\">\n<div class=\"w-100 h-y-container h-column__content h-column__v-align flex-basis-100 align-self-lg-start align-self-md-start align-self-start\">\n<div data-colibri-id=\"2929-c9\" class=\"h-text h-text-component style-210 style-local-2929-c9 position-relative h-element\">\n<p>                  <!----><\/p>\n<div class=\"\">\n<p><span style=\"font-size: 12pt;\">Sevgili Meslekta\u015flar\u0131m,&nbsp;<\/span><\/p>\n<p><span style=\"font-size: 12pt;\">15. T\u0131p Bili\u015fimi Kongresi 30-31 May\u0131s 2024 tarihleri aras\u0131nda Karadeniz Teknik \u00dcniversitesi&#8217;nin ev sahipli\u011finde ger\u00e7ekle\u015ftirilecektir.&nbsp;<\/span>Ana temas\u0131 Sa\u011fl\u0131kta Geni\u015f Dil Modelleri olarak belirlenen<br>                      kongremizde, ayr\u0131ca Yapay Zeka ve Dijital Sa\u011fl\u0131kta Etik Kurallar, Sa\u011fl\u0131kta Yapay Zeka Uygulamalar\u0131, T\u0131bbi G\u00f6r\u00fcnt\u00fcleme, Biyoinformatik, T\u0131p Bili\u015fimi E\u011fitimi gibi g\u00fcncel ve \u00f6nemli ba\u015fl\u0131klarda, konunun uzmanlar\u0131n\u0131n kat\u0131l\u0131mlar\u0131yla panel,<br>                      konferans ve bilimsel bildirilerin sunumlar\u0131 yer alacakt\u0131r. Kongremizde ayr\u0131ca, kat\u0131l\u0131mc\u0131lar\u0131m\u0131z\u0131n t\u0131p bili\u015fiminin en g\u00fcncel konular\u0131nda da pratik e\u011fitimler alabilecekleri toplant\u0131lar d\u00fczenlenecektir.<\/p>\n<p><span style=\"font-size: 12pt;\">Kongremizin temel motivasyonlar\u0131 \u015funlard\u0131r:<\/span><\/p>\n<ul>\n<li class=\"ql-indent-1\"><span style=\"font-size: 12pt;\">T\u0131p bili\u015fimi alan\u0131nda \u00e7al\u0131\u015fan akademisyenleri, ara\u015ft\u0131rmac\u0131lar\u0131 ve uygulay\u0131c\u0131lar\u0131 bir araya getirmek,<\/span><\/li>\n<li class=\"ql-indent-1\"><span style=\"font-size: 12pt;\">Akademisyenleri ve teknoloji sekt\u00f6r\u00fc temsilcilerini ayn\u0131 \u00e7at\u0131 alt\u0131nda bar\u0131nd\u0131racak bir platform olu\u015fturmak,<\/span><\/li>\n<li class=\"ql-indent-1\"><span style=\"font-size: 12pt;\">Sekt\u00f6r\u00fcn gelece\u011fi ile ilgili&nbsp;tart\u0131\u015fma ve i\u015fbirli\u011fi ortam\u0131 olmak,<\/span><\/li>\n<li class=\"ql-indent-1\"><span style=\"font-size: 12pt;\">Di\u011fer ilgili disiplinlerden gelen ara\u015ft\u0131rmac\u0131larla&nbsp;ara\u015ft\u0131rma a\u011f\u0131 kurma f\u0131rsat\u0131 sa\u011flamak.<\/span><\/li>\n<li class=\"ql-indent-1\">T\u0131p Bili\u015fimi Derne\u011fi&#8217;nin bu y\u0131l kongreyi \u00fcniversite e\u011fitimi ba\u011flam\u0131nda Karadeniz&#8217;in merkezinde yer alan Trabzon&#8217;da d\u00fczenleme karar\u0131, ba\u015fta sa\u011fl\u0131kta yapay zeka olmak \u00fczere T\u0131p Bili\u015fimi Derne\u011fi&#8217;nin bilimsel \u00e7al\u0131\u015fma alanlar\u0131n\u0131n yayg\u0131n<br>                        etkisini T\u00fcrkiye&#8217;nin t\u00fcm co\u011frafi b\u00f6lgelerine yaymak amac\u0131yla \u00f6zellikle Trabzon se\u00e7ilmi\u015ftir.<\/li>\n<li class=\"ql-indent-1\">Karadeniz&#8217;in e\u015fsiz do\u011fas\u0131n\u0131n bu bilimsel etkinli\u011fin kal\u0131c\u0131l\u0131\u011f\u0131nda \u00f6nemli bir rol oynayaca\u011f\u0131 beklenmektedir.<\/li>\n<\/ul>\n<p><span style=\"font-size: 12pt;\">Bildiriler 17 May\u0131s 2024<\/span><strong style=\"font-size: 12pt;\">&nbsp;<\/strong><span style=\"font-size: 12pt;\">&nbsp;tarihine kadar kongre web sitemizin&nbsp;<\/span><br>                      <a href=\"https:\/\/turkmia.net\/kongre2024\/bildiri_gonderimi\" target=\"_blank\" rel=\"noopener\" style=\"font-size: 1em; color: rgb(153, 51, 0); font-family: &quot;Open Sans&quot;; font-weight: 400;\"><strong>Bildiri G\u00f6nderimi<\/strong><\/a><br>                      <a href=\"https:\/\/turkmia.net\/kongre2024\/bildiri_gonderimi\" target=\"_blank\" rel=\"noopener\" style=\"font-size: 1em; color: rgb(255, 0, 0); font-family: &quot;Open Sans&quot;; font-weight: 400;\"><strong>&nbsp;<\/strong><\/a><span style=\"font-size: 12pt;\">b\u00f6l\u00fcm\u00fcnden g\u00f6nderilebilir.&nbsp;<\/span><\/p>\n<p><span style=\"font-size: 12pt;\">T\u0131p Bili\u015fimi Derne\u011fi Y\u00f6netim Kurulu olarak sizi bu \u00f6nemli toplant\u0131ya davet etmekten b\u00fcy\u00fck onur duyuyoruz. Katk\u0131lar\u0131n\u0131zla de\u011fer kazanacak kongremizde bir araya gelmeyi umuyoruz.<\/span><\/p>\n<p><span style=\"font-size: 12pt;\">Prof. Dr. Kemal TURHAN<br><\/span><em style=\"font-size: 12pt;\">T\u0131p Bili\u015fimi Derne\u011fi Y\u00f6netim Kurulu Ba\u015fkan\u0131<\/em><\/p>\n<\/div>\n<\/div>\n<\/div>\n<\/div>\n<\/div>\n<\/div>\n<\/div>\n<\/div>\n<\/div>\n<div data-colibri-component=\"section\" data-colibri-id=\"2929-c10\" id=\"blank\" class=\"h-section h-section-global-spacing d-flex align-items-lg-center align-items-md-center align-items-center style-288 style-local-2929-c10 position-relative\">\n<div class=\"h-section-grid-container h-section-boxed-container\">\n<div data-colibri-id=\"2929-c11\" class=\"h-row-container gutters-row-lg-2 gutters-row-md-2 gutters-row-0 gutters-row-v-lg-2 gutters-row-v-md-2 gutters-row-v-2 style-289 style-local-2929-c11 position-relative\">\n<div class=\"h-row justify-content-lg-center justify-content-md-center justify-content-center align-items-lg-stretch align-items-md-stretch align-items-stretch gutters-col-lg-2 gutters-col-md-2 gutters-col-0 gutters-col-v-lg-2 gutters-col-v-md-2 gutters-col-v-2\">\n<div class=\"h-column h-column-container d-flex h-col-lg-auto h-col-md-auto h-col-auto style-291-outer style-local-2929-c12-outer\">\n<div data-colibri-id=\"2929-c12\" class=\"d-flex h-flex-basis h-column__inner h-px-lg-2 h-px-md-2 h-px-2 v-inner-lg-2 v-inner-md-2 v-inner-2 style-291 style-local-2929-c12 position-relative\">\n<div class=\"w-100 h-y-container h-column__content h-column__v-align flex-basis-100 align-self-lg-start align-self-md-start align-self-start\">\n<div data-colibri-id=\"2929-c13\" class=\"h-text h-text-component style-296 style-local-2929-c13 position-relative h-element\">\n<p>                  <!----><\/p>\n<div class=\"\">\n<p>Dear colleagues,<\/p>\n<p>The 15th Medical Informatics Congress will be held between 30-31 May 2024. Our congress, whose main theme is \u201cLarge Language Model in Healthcare\u201c, will include many activities such as panels, conferences and workshops on hot topics<br>                      such as Metaverse at Healthcare , Artificial Intelligence in Health and Knowledge in Health Education.<\/p>\n<p>The main motivations of our congress are:<\/p>\n<p>-To bring together academicians, researchers and practitioners working in the era of medical informatics<\/p>\n<p>-To establish a platform to accommodate both academicians and technology sector representatives under the same roof.<\/p>\n<p>-To have a detailed discussion on contemporary topics of medical informatics<\/p>\n<p>-To provide an opportunity for networking with researchers from other relevant disciplines.<\/p>\n<p>-This year, the decision of the Medical Informatics Association to organise the congress in Trabzon, which is located in the centre of the Black Sea in the context of university education, has been chosen especially Trabzon in order<br>                      to spread the widespread impact of the scientific study areas of the Medical Informatics Association, especially artificial intelligence in health, to all geographical regions of Turkey.<\/p>\n<p>-It is expected that the unique nature of the Black Sea will play an important role in the permanence of this scientific activity.<\/p>\n<p>Papers to the congress can be submitted to the congress until 17 May 2024 through the&nbsp;<span style=\"font-weight: 400; font-size: 12pt; font-family: &quot;Open Sans&quot;; color: rgb(70, 112, 127);\">&nbsp;<\/span><br>                      <a href=\"https:\/\/turkmia.net\/kongre2024\/bildiri_gonderimi\" target=\"_blank\" rel=\"noopener\" style=\"font-weight: 400; font-size: 1em; font-family: &quot;Open Sans&quot;; color: rgb(153, 51, 0);\"><strong>Link<\/strong><\/a><br>                      <a href=\"https:\/\/turkmia.net\/kongre2024\/bildiri_gonderimi\" target=\"_blank\" rel=\"noopener\" style=\"font-weight: 400; font-size: 1em; font-family: &quot;Open Sans&quot;; color: rgb(255, 0, 0);\"><strong>&nbsp;<\/strong><\/a>&nbsp;at our congress website.<\/p>\n<p>On behalf of the Board of Medical Informatics Association, we are very honored to invite you to this important meeting. We hope to come together at our congress, which will be valued by your contributions.<\/p>\n<p>Prof. Dr. Kemal TURHAN<\/p>\n<p>President of Medical Informatics Association<\/p>\n<\/div>\n<\/div>\n<\/div>\n<\/div>\n<\/div>\n<\/div>\n<\/div>\n<\/div>\n<\/div>\n<div data-colibri-component=\"section\" data-colibri-id=\"2929-c18\" id=\"custom-2\" class=\"h-section h-section-global-spacing d-flex align-items-lg-center align-items-md-center align-items-center style-222 style-local-2929-c18 position-relative\">\n    <!----><br>    <!----><p><\/p>\n<div class=\"h-section-grid-container h-section-boxed-container\">\n      <!----><p><\/p>\n<div data-colibri-id=\"2929-c19\" class=\"h-row-container gutters-row-lg-2 gutters-row-md-2 gutters-row-0 gutters-row-v-lg-2 gutters-row-v-md-2 gutters-row-v-2 style-223 style-local-2929-c19 position-relative\">\n        <!----><p><\/p>\n<div class=\"h-row justify-content-lg-center justify-content-md-center justify-content-center align-items-lg-stretch align-items-md-stretch align-items-stretch gutters-col-lg-2 gutters-col-md-2 gutters-col-0 gutters-col-v-lg-2 gutters-col-v-md-2 gutters-col-v-2\">\n          <!----><p><\/p>\n<div class=\"h-column h-column-container d-flex h-col-lg-auto h-col-md-auto h-col-auto style-224-outer style-local-2929-c20-outer\">\n<div data-colibri-id=\"2929-c20\" class=\"d-flex h-flex-basis h-column__inner h-px-lg-2 h-px-md-2 h-px-2 v-inner-lg-2 v-inner-md-2 v-inner-2 style-224 style-local-2929-c20 position-relative\">\n              <!----><br>              <!----><p><\/p>\n<div class=\"w-100 h-y-container h-column__content h-column__v-align flex-basis-100 align-self-lg-start align-self-md-start align-self-start\">\n                <!----><p><\/p>\n<div data-colibri-id=\"2929-c21\" class=\"d-block style-274 style-local-2929-c21 position-relative h-element\">\n                  <!----><p><\/p>\n<div class=\"h-image__frame-container-outer\">\n<div class=\"h-image__frame-container\">\n                      <!----><br>                      <!----><br>                      <img fetchpriority=\"high\" decoding=\"async\" width=\"1821\" height=\"2560\" src=\"https:\/\/turkmia.net\/kongre2024\/wp-content\/uploads\/2024\/03\/tip-bilisim-konferansi-2024.03.29_Mesa-de-trabajo-1-copy-scaled.jpg\" class=\"wp-image-3837 style-274-image style-local-2929-c21-image\" alt=\"\" srcset=\"https:\/\/turkmia.net\/kongre2024\/wp-content\/uploads\/2024\/03\/tip-bilisim-konferansi-2024.03.29_Mesa-de-trabajo-1-copy-scaled.jpg 1821w, https:\/\/turkmia.net\/kongre2024\/wp-content\/uploads\/2024\/03\/tip-bilisim-konferansi-2024.03.29_Mesa-de-trabajo-1-copy-213x300.jpg 213w, https:\/\/turkmia.net\/kongre2024\/wp-content\/uploads\/2024\/03\/tip-bilisim-konferansi-2024.03.29_Mesa-de-trabajo-1-copy-728x1024.jpg 728w, https:\/\/turkmia.net\/kongre2024\/wp-content\/uploads\/2024\/03\/tip-bilisim-konferansi-2024.03.29_Mesa-de-trabajo-1-copy-768x1080.jpg 768w, https:\/\/turkmia.net\/kongre2024\/wp-content\/uploads\/2024\/03\/tip-bilisim-konferansi-2024.03.29_Mesa-de-trabajo-1-copy-1093x1536.jpg 1093w, https:\/\/turkmia.net\/kongre2024\/wp-content\/uploads\/2024\/03\/tip-bilisim-konferansi-2024.03.29_Mesa-de-trabajo-1-copy-1457x2048.jpg 1457w\" sizes=\"(max-width: 1821px) 100vw, 1821px\" \/><\/div><\/div><\/div><\/div><\/div><\/div><\/div><\/div><\/div><\/div>\n<\/div>\t\t\t\t\t\t\t\t<\/div>\n\t\t\t\t<\/div>\n\t\t\t\t\t<\/div>\n\t\t<\/div>\n\t\t\t\t\t<\/div>\n\t\t<\/section>\n\t\t\t\t<section class=\"elementor-section elementor-top-section elementor-element elementor-element-375af55 elementor-section-boxed elementor-section-height-default elementor-section-height-default\" data-id=\"375af55\" data-element_type=\"section\" data-e-type=\"section\">\n\t\t\t\t\t\t<div class=\"elementor-container elementor-column-gap-default\">\n\t\t\t\t\t<div class=\"elementor-column elementor-col-100 elementor-top-column elementor-element elementor-element-9f8f1c7\" data-id=\"9f8f1c7\" data-element_type=\"column\" data-e-type=\"column\">\n\t\t\t<div class=\"elementor-widget-wrap elementor-element-populated\">\n\t\t\t\t\t\t<div class=\"elementor-element elementor-element-636224b elementor-widget elementor-widget-heading\" data-id=\"636224b\" data-element_type=\"widget\" data-e-type=\"widget\" data-widget_type=\"heading.default\">\n\t\t\t\t<div class=\"elementor-widget-container\">\n\t\t\t\t\t<h1 class=\"elementor-heading-title elementor-size-default\"><p><\/p>\n<div style=\"text-align: center\">\n    <b>ANA SPONSOR<\/b>\n<\/div>\n<p><\/p><\/h1>\t\t\t\t<\/div>\n\t\t\t\t<\/div>\n\t\t\t\t\t<\/div>\n\t\t<\/div>\n\t\t\t\t\t<\/div>\n\t\t<\/section>\n\t\t\t\t<section class=\"elementor-section elementor-top-section elementor-element elementor-element-10d8e44 elementor-section-boxed elementor-section-height-default elementor-section-height-default\" data-id=\"10d8e44\" data-element_type=\"section\" data-e-type=\"section\">\n\t\t\t\t\t\t<div class=\"elementor-container elementor-column-gap-default\">\n\t\t\t\t\t<div class=\"elementor-column elementor-col-100 elementor-top-column elementor-element elementor-element-af46485\" data-id=\"af46485\" data-element_type=\"column\" data-e-type=\"column\">\n\t\t\t<div class=\"elementor-widget-wrap elementor-element-populated\">\n\t\t\t\t\t\t<div class=\"elementor-element elementor-element-d02527e elementor-widget elementor-widget-image\" data-id=\"d02527e\" data-element_type=\"widget\" data-e-type=\"widget\" data-widget_type=\"image.default\">\n\t\t\t\t<div class=\"elementor-widget-container\">\n\t\t\t\t\t\t\t\t\t\t\t\t<figure class=\"wp-caption\">\n\t\t\t\t\t\t\t\t\t\t\t<a href=\"https:\/\/www.dahiteknolojigrubu.com\/\">\n\t\t\t\t\t\t\t<img decoding=\"async\" width=\"542\" height=\"144\" src=\"https:\/\/turkmia.net\/kongre2024\/wp-content\/uploads\/2024\/04\/Logo-Acik_Zemin.png\" class=\"attachment-medium_large size-medium_large wp-image-3887\" alt=\"\" srcset=\"https:\/\/turkmia.net\/kongre2024\/wp-content\/uploads\/2024\/04\/Logo-Acik_Zemin.png 542w, https:\/\/turkmia.net\/kongre2024\/wp-content\/uploads\/2024\/04\/Logo-Acik_Zemin-300x80.png 300w\" sizes=\"(max-width: 542px) 100vw, 542px\" \/>\t\t\t\t\t\t\t\t<\/a>\n\t\t\t\t\t\t\t\t\t\t\t<figcaption class=\"widget-image-caption wp-caption-text\"><\/figcaption>\n\t\t\t\t\t\t\t\t\t\t<\/figure>\n\t\t\t\t\t\t\t\t\t<\/div>\n\t\t\t\t<\/div>\n\t\t\t\t\t<\/div>\n\t\t<\/div>\n\t\t\t\t\t<\/div>\n\t\t<\/section>\n\t\t\t\t<section class=\"elementor-section elementor-top-section elementor-element elementor-element-7f74fe0 elementor-section-boxed elementor-section-height-default elementor-section-height-default\" data-id=\"7f74fe0\" data-element_type=\"section\" data-e-type=\"section\">\n\t\t\t\t\t\t<div class=\"elementor-container elementor-column-gap-default\">\n\t\t\t\t\t<div class=\"elementor-column elementor-col-100 elementor-top-column elementor-element elementor-element-c67d019\" data-id=\"c67d019\" data-element_type=\"column\" data-e-type=\"column\">\n\t\t\t<div class=\"elementor-widget-wrap elementor-element-populated\">\n\t\t\t\t\t\t<div class=\"elementor-element elementor-element-2b25f52 elementor-widget elementor-widget-heading\" data-id=\"2b25f52\" data-element_type=\"widget\" data-e-type=\"widget\" data-widget_type=\"heading.default\">\n\t\t\t\t<div class=\"elementor-widget-container\">\n\t\t\t\t\t<h2 class=\"elementor-heading-title elementor-size-default\">Di\u011fer Sponsorlar\u0131m\u0131z<\/h2>\t\t\t\t<\/div>\n\t\t\t\t<\/div>\n\t\t\t\t<div class=\"elementor-element elementor-element-312fc2c elementor-widget elementor-widget-image\" data-id=\"312fc2c\" data-element_type=\"widget\" data-e-type=\"widget\" data-widget_type=\"image.default\">\n\t\t\t\t<div class=\"elementor-widget-container\">\n\t\t\t\t\t\t\t\t\t\t\t\t\t\t\t<img decoding=\"async\" src=\"https:\/\/turkmia.net\/kongre2024\/wp-content\/uploads\/elementor\/thumbs\/cropped-TUBITAK_logo.svg-qmub1wbbglrvu2atte4k28suxiit3xnzpq545f6je4.png\" title=\"cropped-TUBITAK_logo.svg.png\" alt=\"cropped-TUBITAK_logo.svg.png\" loading=\"lazy\" \/>\t\t\t\t\t\t\t\t\t\t\t\t\t\t\t<\/div>\n\t\t\t\t<\/div>\n\t\t\t\t<div class=\"elementor-element elementor-element-f0f5401 elementor-widget elementor-widget-image\" data-id=\"f0f5401\" data-element_type=\"widget\" data-e-type=\"widget\" data-widget_type=\"image.default\">\n\t\t\t\t<div class=\"elementor-widget-container\">\n\t\t\t\t\t\t\t\t\t\t\t\t\t\t\t\t<a href=\"https:\/\/www.oteohealth.com\/tr\/\">\n\t\t\t\t\t\t\t<img decoding=\"async\" width=\"300\" height=\"99\" src=\"https:\/\/turkmia.net\/kongre2024\/wp-content\/uploads\/2024\/05\/oteo-logo-300x99.png\" class=\"attachment-medium size-medium wp-image-4170\" alt=\"\" srcset=\"https:\/\/turkmia.net\/kongre2024\/wp-content\/uploads\/2024\/05\/oteo-logo-300x99.png 300w, https:\/\/turkmia.net\/kongre2024\/wp-content\/uploads\/2024\/05\/oteo-logo.png 754w\" sizes=\"(max-width: 300px) 100vw, 300px\" \/>\t\t\t\t\t\t\t\t<\/a>\n\t\t\t\t\t\t\t\t\t\t\t\t\t\t\t<\/div>\n\t\t\t\t<\/div>\n\t\t\t\t<div class=\"elementor-element elementor-element-72c1451 elementor-widget elementor-widget-image\" data-id=\"72c1451\" data-element_type=\"widget\" data-e-type=\"widget\" data-widget_type=\"image.default\">\n\t\t\t\t<div class=\"elementor-widget-container\">\n\t\t\t\t\t\t\t\t\t\t\t\t\t\t\t\t<a href=\"https:\/\/www.akgunyazilim.com.tr\/\">\n\t\t\t\t\t\t\t<img loading=\"lazy\" decoding=\"async\" width=\"512\" height=\"320\" src=\"https:\/\/turkmia.net\/kongre2024\/wp-content\/uploads\/2024\/05\/unnamed.jpg\" class=\"attachment-medium_large size-medium_large wp-image-3955\" alt=\"\" srcset=\"https:\/\/turkmia.net\/kongre2024\/wp-content\/uploads\/2024\/05\/unnamed.jpg 512w, https:\/\/turkmia.net\/kongre2024\/wp-content\/uploads\/2024\/05\/unnamed-300x188.jpg 300w\" sizes=\"(max-width: 512px) 100vw, 512px\" \/>\t\t\t\t\t\t\t\t<\/a>\n\t\t\t\t\t\t\t\t\t\t\t\t\t\t\t<\/div>\n\t\t\t\t<\/div>\n\t\t\t\t\t<\/div>\n\t\t<\/div>\n\t\t\t\t\t<\/div>\n\t\t<\/section>\n\t\t\t\t<section class=\"elementor-section elementor-top-section elementor-element elementor-element-0a0d4e0 elementor-section-boxed elementor-section-height-default elementor-section-height-default\" data-id=\"0a0d4e0\" data-element_type=\"section\" data-e-type=\"section\">\n\t\t\t\t\t\t<div class=\"elementor-container elementor-column-gap-default\">\n\t\t\t\t\t<div class=\"elementor-column elementor-col-100 elementor-top-column elementor-element elementor-element-b369e27\" data-id=\"b369e27\" data-element_type=\"column\" data-e-type=\"column\">\n\t\t\t<div class=\"elementor-widget-wrap\">\n\t\t\t\t\t\t\t<\/div>\n\t\t<\/div>\n\t\t\t\t\t<\/div>\n\t\t<\/section>\n\t\t\t\t<\/div>\n\t\t","protected":false},"excerpt":{"rendered":"<p>DAVET Sevgili Meslekta\u015flar\u0131m, 15. T\u0131p Bili\u015fimi Kongresi 30-31 May\u0131s 2024 tarihleri aras\u0131nda Karadeniz Teknik \u00dcniversitesi&#8217;nin ev sahipli\u011finde ger\u00e7ekle\u015ftirilecektir.&nbsp;Ana temas\u0131 Sa\u011fl\u0131kta Geni\u015f Dil Modelleri olarak belirlenen kongremizde, ayr\u0131ca Yapay Zeka ve Dijital Sa\u011fl\u0131kta Etik Kurallar, Sa\u011fl\u0131kta Yapay Zeka Uygulamalar\u0131, T\u0131bbi G\u00f6r\u00fcnt\u00fcleme, Bioinformatik, T\u0131p Bili\u015fimi E\u011fitimi gibi g\u00fcncel ve \u00f6nemli ba\u015fl\u0131klarda, konunun uzmanlar\u0131n\u0131n kat\u0131l\u0131mlar\u0131yla panel, konferans ve [&hellip;]<\/p>\n","protected":false},"author":1,"featured_media":0,"parent":0,"menu_order":0,"comment_status":"closed","ping_status":"closed","template":"page-templates\/homepage.php","meta":{"footnotes":""},"class_list":["post-2929","page","type-page","status-publish","hentry"],"_links":{"self":[{"href":"https:\/\/turkmia.net\/kongre2024\/wp-json\/wp\/v2\/pages\/2929","targetHints":{"allow":["GET"]}}],"collection":[{"href":"https:\/\/turkmia.net\/kongre2024\/wp-json\/wp\/v2\/pages"}],"about":[{"href":"https:\/\/turkmia.net\/kongre2024\/wp-json\/wp\/v2\/types\/page"}],"author":[{"embeddable":true,"href":"https:\/\/turkmia.net\/kongre2024\/wp-json\/wp\/v2\/users\/1"}],"replies":[{"embeddable":true,"href":"https:\/\/turkmia.net\/kongre2024\/wp-json\/wp\/v2\/comments?post=2929"}],"version-history":[{"count":20,"href":"https:\/\/turkmia.net\/kongre2024\/wp-json\/wp\/v2\/pages\/2929\/revisions"}],"predecessor-version":[{"id":4349,"href":"https:\/\/turkmia.net\/kongre2024\/wp-json\/wp\/v2\/pages\/2929\/revisions\/4349"}],"wp:attachment":[{"href":"https:\/\/turkmia.net\/kongre2024\/wp-json\/wp\/v2\/media?parent=2929"}],"curies":[{"name":"wp","href":"https:\/\/api.w.org\/{rel}","templated":true}]}}