{"id":1079,"date":"2021-03-15T20:14:08","date_gmt":"2021-03-15T20:14:08","guid":{"rendered":"https:\/\/turkmia.net\/kongre2021\/?page_id=1079"},"modified":"2024-05-29T21:50:51","modified_gmt":"2024-05-29T18:50:51","slug":"program","status":"publish","type":"page","link":"https:\/\/turkmia.net\/kongre2024\/program\/","title":{"rendered":"Program"},"content":{"rendered":"\t\t<div data-elementor-type=\"wp-post\" data-elementor-id=\"1079\" class=\"elementor elementor-1079\">\n\t\t\t\t\t\t<section class=\"elementor-section elementor-top-section elementor-element elementor-element-201835e elementor-section-boxed elementor-section-height-default elementor-section-height-default\" data-id=\"201835e\" data-element_type=\"section\" data-e-type=\"section\">\n\t\t\t\t\t\t<div class=\"elementor-container elementor-column-gap-default\">\n\t\t\t\t\t<div class=\"elementor-column elementor-col-100 elementor-top-column elementor-element elementor-element-d993cca\" data-id=\"d993cca\" data-element_type=\"column\" data-e-type=\"column\">\n\t\t\t<div class=\"elementor-widget-wrap elementor-element-populated\">\n\t\t\t\t\t\t<div class=\"elementor-element elementor-element-81b4a8f elementor-widget elementor-widget-heading\" data-id=\"81b4a8f\" data-element_type=\"widget\" data-e-type=\"widget\" data-widget_type=\"heading.default\">\n\t\t\t\t<div class=\"elementor-widget-container\">\n\t\t\t\t\t<h2 class=\"elementor-heading-title elementor-size-default\">Kongre Program\u0131<\/h2>\t\t\t\t<\/div>\n\t\t\t\t<\/div>\n\t\t\t\t<div class=\"elementor-element elementor-element-146f79d elementor-widget-divider--view-line elementor-widget elementor-widget-divider\" data-id=\"146f79d\" data-element_type=\"widget\" data-e-type=\"widget\" data-widget_type=\"divider.default\">\n\t\t\t\t<div class=\"elementor-widget-container\">\n\t\t\t\t\t\t\t<div class=\"elementor-divider\">\n\t\t\t<span class=\"elementor-divider-separator\">\n\t\t\t\t\t\t<\/span>\n\t\t<\/div>\n\t\t\t\t\t\t<\/div>\n\t\t\t\t<\/div>\n\t\t\t\t\t<\/div>\n\t\t<\/div>\n\t\t\t\t\t<\/div>\n\t\t<\/section>\n\t\t\t\t<section class=\"elementor-section elementor-top-section elementor-element elementor-element-cb47640 elementor-section-boxed elementor-section-height-default elementor-section-height-default\" data-id=\"cb47640\" data-element_type=\"section\" data-e-type=\"section\">\n\t\t\t\t\t\t<div class=\"elementor-container elementor-column-gap-default\">\n\t\t\t\t\t<div class=\"elementor-column elementor-col-100 elementor-top-column elementor-element elementor-element-8e1bbd8\" data-id=\"8e1bbd8\" data-element_type=\"column\" data-e-type=\"column\">\n\t\t\t<div class=\"elementor-widget-wrap elementor-element-populated\">\n\t\t\t\t\t\t<div class=\"elementor-element elementor-element-3796264 elementor-widget elementor-widget-text-editor\" data-id=\"3796264\" data-element_type=\"widget\" data-e-type=\"widget\" data-widget_type=\"text-editor.default\">\n\t\t\t\t<div class=\"elementor-widget-container\">\n\t\t\t\t\t\t\t\t\t<ul>\n<li style=\"text-align: left;\"><span style=\"font-size: 1rem;\">Kongre program\u0131ndaki t\u00fcm etkinlikler KARADEN\u0130Z TEKN\u0130K \u00dcN\u0130VERS\u0130TES\u0130<\/span><span style=\"font-size: 1rem; color: #993300;\">&nbsp;KANUN\u0130<span style=\"color: #000000;\">&nbsp;Kamp\u00fcs\u00fcndeki<\/span><strong>&nbsp;Prof. Dr. Osman Turan K\u00fclt\u00fcr ve Kongre Merkezi binas\u0131nda<\/strong><\/span><span style=\"font-size: 1rem;\">&nbsp;ger\u00e7ekle\u015ftirilecektir.<\/span><\/li>\n<li style=\"text-align: left;\"><span style=\"font-size: 1rem;\">&nbsp;<\/span><\/li>\n<\/ul>\t\t\t\t\t\t\t\t<\/div>\n\t\t\t\t<\/div>\n\t\t\t\t\t<\/div>\n\t\t<\/div>\n\t\t\t\t\t<\/div>\n\t\t<\/section>\n\t\t\t\t<section class=\"elementor-section elementor-top-section elementor-element elementor-element-72c28fe elementor-section-boxed elementor-section-height-default elementor-section-height-default\" data-id=\"72c28fe\" data-element_type=\"section\" data-e-type=\"section\">\n\t\t\t\t\t\t<div class=\"elementor-container elementor-column-gap-default\">\n\t\t\t\t\t<div class=\"elementor-column elementor-col-100 elementor-top-column elementor-element elementor-element-e50fa70\" data-id=\"e50fa70\" data-element_type=\"column\" data-e-type=\"column\">\n\t\t\t<div class=\"elementor-widget-wrap elementor-element-populated\">\n\t\t\t\t\t\t<div class=\"elementor-element elementor-element-ac5e098 elementor-widget elementor-widget-image\" data-id=\"ac5e098\" data-element_type=\"widget\" data-e-type=\"widget\" data-widget_type=\"image.default\">\n\t\t\t\t<div class=\"elementor-widget-container\">\n\t\t\t\t\t\t\t\t\t\t\t\t\t\t\t<img fetchpriority=\"high\" decoding=\"async\" width=\"1536\" height=\"1351\" src=\"https:\/\/turkmia.net\/kongre2024\/wp-content\/uploads\/2024\/05\/Basliksiz-1-1-1536x1351.png\" class=\"attachment-1536x1536 size-1536x1536 wp-image-4298\" alt=\"\" srcset=\"https:\/\/turkmia.net\/kongre2024\/wp-content\/uploads\/2024\/05\/Basliksiz-1-1-1536x1351.png 1536w, https:\/\/turkmia.net\/kongre2024\/wp-content\/uploads\/2024\/05\/Basliksiz-1-1-300x264.png 300w, https:\/\/turkmia.net\/kongre2024\/wp-content\/uploads\/2024\/05\/Basliksiz-1-1-1024x901.png 1024w, https:\/\/turkmia.net\/kongre2024\/wp-content\/uploads\/2024\/05\/Basliksiz-1-1-768x676.png 768w, https:\/\/turkmia.net\/kongre2024\/wp-content\/uploads\/2024\/05\/Basliksiz-1-1-2048x1802.png 2048w\" sizes=\"(max-width: 1536px) 100vw, 1536px\" \/>\t\t\t\t\t\t\t\t\t\t\t\t\t\t\t<\/div>\n\t\t\t\t<\/div>\n\t\t\t\t\t<\/div>\n\t\t<\/div>\n\t\t\t\t\t<\/div>\n\t\t<\/section>\n\t\t\t\t<section class=\"elementor-section elementor-top-section elementor-element elementor-element-fa4cb18 elementor-section-boxed elementor-section-height-default elementor-section-height-default\" data-id=\"fa4cb18\" data-element_type=\"section\" data-e-type=\"section\">\n\t\t\t\t\t\t<div class=\"elementor-container elementor-column-gap-default\">\n\t\t\t\t\t<div class=\"elementor-column elementor-col-100 elementor-top-column elementor-element elementor-element-6437124\" data-id=\"6437124\" data-element_type=\"column\" data-e-type=\"column\">\n\t\t\t<div class=\"elementor-widget-wrap elementor-element-populated\">\n\t\t\t\t\t\t<div class=\"elementor-element elementor-element-37876c7 elementor-widget elementor-widget-image\" data-id=\"37876c7\" data-element_type=\"widget\" data-e-type=\"widget\" data-widget_type=\"image.default\">\n\t\t\t\t<div class=\"elementor-widget-container\">\n\t\t\t\t\t\t\t\t\t\t\t\t\t\t\t<img decoding=\"async\" width=\"1536\" height=\"835\" src=\"https:\/\/turkmia.net\/kongre2024\/wp-content\/uploads\/2024\/05\/Basliksiz-2-1-1536x835.png\" class=\"attachment-1536x1536 size-1536x1536 wp-image-4299\" alt=\"\" srcset=\"https:\/\/turkmia.net\/kongre2024\/wp-content\/uploads\/2024\/05\/Basliksiz-2-1-1536x835.png 1536w, https:\/\/turkmia.net\/kongre2024\/wp-content\/uploads\/2024\/05\/Basliksiz-2-1-300x163.png 300w, https:\/\/turkmia.net\/kongre2024\/wp-content\/uploads\/2024\/05\/Basliksiz-2-1-1024x556.png 1024w, https:\/\/turkmia.net\/kongre2024\/wp-content\/uploads\/2024\/05\/Basliksiz-2-1-768x417.png 768w, https:\/\/turkmia.net\/kongre2024\/wp-content\/uploads\/2024\/05\/Basliksiz-2-1-2048x1113.png 2048w\" sizes=\"(max-width: 1536px) 100vw, 1536px\" \/>\t\t\t\t\t\t\t\t\t\t\t\t\t\t\t<\/div>\n\t\t\t\t<\/div>\n\t\t\t\t\t<\/div>\n\t\t<\/div>\n\t\t\t\t\t<\/div>\n\t\t<\/section>\n\t\t\t\t<section class=\"elementor-section elementor-top-section elementor-element elementor-element-c47fd10 elementor-section-boxed elementor-section-height-default elementor-section-height-default\" data-id=\"c47fd10\" data-element_type=\"section\" data-e-type=\"section\">\n\t\t\t\t\t\t<div class=\"elementor-container elementor-column-gap-default\">\n\t\t\t\t\t<div class=\"elementor-column elementor-col-100 elementor-top-column elementor-element elementor-element-3beedf9\" data-id=\"3beedf9\" data-element_type=\"column\" data-e-type=\"column\">\n\t\t\t<div class=\"elementor-widget-wrap elementor-element-populated\">\n\t\t\t\t\t\t<div class=\"elementor-element elementor-element-8a8ee10 elementor-widget elementor-widget-text-editor\" data-id=\"8a8ee10\" data-element_type=\"widget\" data-e-type=\"widget\" data-widget_type=\"text-editor.default\">\n\t\t\t\t<div class=\"elementor-widget-container\">\n\t\t\t\t\t\t\t\t\t<h3><strong>AKADEM\u0130K B\u0130LD\u0130R\u0130 SUNUMLARI<\/strong><\/h3>\t\t\t\t\t\t\t\t<\/div>\n\t\t\t\t<\/div>\n\t\t\t\t\t<\/div>\n\t\t<\/div>\n\t\t\t\t\t<\/div>\n\t\t<\/section>\n\t\t\t\t<section class=\"elementor-section elementor-top-section elementor-element elementor-element-af945f4 elementor-section-boxed elementor-section-height-default elementor-section-height-default\" data-id=\"af945f4\" data-element_type=\"section\" data-e-type=\"section\">\n\t\t\t\t\t\t<div class=\"elementor-container elementor-column-gap-default\">\n\t\t\t\t\t<div class=\"elementor-column elementor-col-50 elementor-top-column elementor-element elementor-element-4e72f1a\" data-id=\"4e72f1a\" data-element_type=\"column\" data-e-type=\"column\">\n\t\t\t<div class=\"elementor-widget-wrap elementor-element-populated\">\n\t\t\t\t\t\t<div class=\"elementor-element elementor-element-d05c818 elementor-widget elementor-widget-image\" data-id=\"d05c818\" data-element_type=\"widget\" data-e-type=\"widget\" data-widget_type=\"image.default\">\n\t\t\t\t<div class=\"elementor-widget-container\">\n\t\t\t\t\t\t\t\t\t\t\t\t\t\t\t<img decoding=\"async\" width=\"1024\" height=\"898\" src=\"https:\/\/turkmia.net\/kongre2024\/wp-content\/uploads\/2024\/05\/Basliksiz-3-1024x898.png\" class=\"attachment-large size-large wp-image-4290\" alt=\"\" srcset=\"https:\/\/turkmia.net\/kongre2024\/wp-content\/uploads\/2024\/05\/Basliksiz-3-1024x898.png 1024w, https:\/\/turkmia.net\/kongre2024\/wp-content\/uploads\/2024\/05\/Basliksiz-3-300x263.png 300w, https:\/\/turkmia.net\/kongre2024\/wp-content\/uploads\/2024\/05\/Basliksiz-3-768x673.png 768w, https:\/\/turkmia.net\/kongre2024\/wp-content\/uploads\/2024\/05\/Basliksiz-3-1536x1347.png 1536w, https:\/\/turkmia.net\/kongre2024\/wp-content\/uploads\/2024\/05\/Basliksiz-3-2048x1796.png 2048w\" sizes=\"(max-width: 1024px) 100vw, 1024px\" \/>\t\t\t\t\t\t\t\t\t\t\t\t\t\t\t<\/div>\n\t\t\t\t<\/div>\n\t\t\t\t\t<\/div>\n\t\t<\/div>\n\t\t\t\t<div class=\"elementor-column elementor-col-50 elementor-top-column elementor-element elementor-element-e444aeb\" data-id=\"e444aeb\" data-element_type=\"column\" data-e-type=\"column\">\n\t\t\t<div class=\"elementor-widget-wrap elementor-element-populated\">\n\t\t\t\t\t\t<div class=\"elementor-element elementor-element-2b32081 elementor-widget elementor-widget-image\" data-id=\"2b32081\" data-element_type=\"widget\" data-e-type=\"widget\" data-widget_type=\"image.default\">\n\t\t\t\t<div class=\"elementor-widget-container\">\n\t\t\t\t\t\t\t\t\t\t\t\t\t\t\t<img loading=\"lazy\" decoding=\"async\" width=\"1024\" height=\"868\" src=\"https:\/\/turkmia.net\/kongre2024\/wp-content\/uploads\/2024\/05\/Basliksiz-4-1024x868.png\" class=\"attachment-large size-large wp-image-4291\" alt=\"\" srcset=\"https:\/\/turkmia.net\/kongre2024\/wp-content\/uploads\/2024\/05\/Basliksiz-4-1024x868.png 1024w, https:\/\/turkmia.net\/kongre2024\/wp-content\/uploads\/2024\/05\/Basliksiz-4-300x254.png 300w, https:\/\/turkmia.net\/kongre2024\/wp-content\/uploads\/2024\/05\/Basliksiz-4-768x651.png 768w, https:\/\/turkmia.net\/kongre2024\/wp-content\/uploads\/2024\/05\/Basliksiz-4-1536x1301.png 1536w, https:\/\/turkmia.net\/kongre2024\/wp-content\/uploads\/2024\/05\/Basliksiz-4-2048x1735.png 2048w\" sizes=\"(max-width: 1024px) 100vw, 1024px\" \/>\t\t\t\t\t\t\t\t\t\t\t\t\t\t\t<\/div>\n\t\t\t\t<\/div>\n\t\t\t\t\t<\/div>\n\t\t<\/div>\n\t\t\t\t\t<\/div>\n\t\t<\/section>\n\t\t\t\t<section class=\"elementor-section elementor-top-section elementor-element elementor-element-1130204 elementor-section-boxed elementor-section-height-default elementor-section-height-default\" data-id=\"1130204\" data-element_type=\"section\" data-e-type=\"section\">\n\t\t\t\t\t\t<div class=\"elementor-container elementor-column-gap-default\">\n\t\t\t\t\t<div class=\"elementor-column elementor-col-100 elementor-top-column elementor-element elementor-element-e777990\" data-id=\"e777990\" data-element_type=\"column\" data-e-type=\"column\">\n\t\t\t<div class=\"elementor-widget-wrap elementor-element-populated\">\n\t\t\t\t\t\t<div class=\"elementor-element elementor-element-b297567 elementor-widget elementor-widget-text-editor\" data-id=\"b297567\" data-element_type=\"widget\" data-e-type=\"widget\" data-widget_type=\"text-editor.default\">\n\t\t\t\t<div class=\"elementor-widget-container\">\n\t\t\t\t\t\t\t\t\t<h4><b>S\u00f6zl\u00fc Bildiri<\/b><\/h4>\n<ul>\n<li>Bildirinizin kongre kitab\u0131nda bas\u0131labilmesi en az bir yazar\u0131n kay\u0131t yapt\u0131rmas\u0131 ve bildirinin kongrede sunulmu\u015f olmal\u0131d\u0131r.<\/li>\n<li>Soru cevap dahil olmak \u00fczere sunum s\u00fcresi 10 dakika olarak belirlenmi\u015ftir.<\/li>\n<li>Sunumunuzu iste\u011fe ba\u011fl\u0131 olarak \u0130ngilizce ya da T\u00fcrk\u00e7e olarak ger\u00e7ekle\u015ftirilebilirsiniz.<\/li>\n<li>Tam metin bildiriler i\u00e7inden se\u00e7ilmi\u015f olanlar derginin yaz\u0131m kurallar\u0131 ve hakemlik s\u00fcre\u00e7lerinden ge\u00e7erek yay\u0131nlanma \u015fans\u0131 elde edebilecektir.<\/li>\n<\/ul>\n<h4>&nbsp;<\/h4>\n<h4><b>Poster Bildiri<\/b><\/h4>\n<ul>\n<li>Bildirinizin kongre kitab\u0131nda bas\u0131labilmesi en az bir yazar\u0131n kay\u0131t yapt\u0131rmas\u0131 ve bildirinin kongrede poster olarak sunulmu\u015f olmal\u0131d\u0131r.<\/li>\n<li>\u0130\u00e7erik iste\u011fe ba\u011fl\u0131 poster boyutu 70*100 olarak belirlenmi\u015ftir.<\/li>\n<li>Poster sunumlar\u0131 \u00e7ay ve kahve aralar\u0131nda sunulacakt\u0131r.<\/li><li>Kongre salonuna gelirken, poster sunumunuzu 70&#215;100 cm ebatlar\u0131nda bast\u0131rarak g\u00f6revlilerin g\u00f6sterdi\u011fi alana as\u0131n\u0131z.<\/li>\n<\/ul>\t\t\t\t\t\t\t\t<\/div>\n\t\t\t\t<\/div>\n\t\t\t\t\t<\/div>\n\t\t<\/div>\n\t\t\t\t\t<\/div>\n\t\t<\/section>\n\t\t\t\t<\/div>\n\t\t","protected":false},"excerpt":{"rendered":"<p>Kongre Program\u0131 Kongre program\u0131ndaki t\u00fcm etkinlikler KARADEN\u0130Z TEKN\u0130K \u00dcN\u0130VERS\u0130TES\u0130&nbsp;KANUN\u0130&nbsp;Kamp\u00fcs\u00fcndeki&nbsp;Prof. Dr. Osman Turan K\u00fclt\u00fcr ve Kongre Merkezi binas\u0131nda&nbsp;ger\u00e7ekle\u015ftirilecektir. &nbsp; AKADEM\u0130K B\u0130LD\u0130R\u0130 SUNUMLARI S\u00f6zl\u00fc Bildiri Bildirinizin kongre kitab\u0131nda bas\u0131labilmesi en az bir yazar\u0131n kay\u0131t yapt\u0131rmas\u0131 ve bildirinin kongrede sunulmu\u015f olmal\u0131d\u0131r. Soru cevap dahil olmak \u00fczere sunum s\u00fcresi 10 dakika olarak belirlenmi\u015ftir. Sunumunuzu iste\u011fe ba\u011fl\u0131 olarak \u0130ngilizce ya [&hellip;]<\/p>\n","protected":false},"author":1,"featured_media":0,"parent":0,"menu_order":0,"comment_status":"closed","ping_status":"closed","template":"elementor_header_footer","meta":{"footnotes":""},"class_list":["post-1079","page","type-page","status-publish","hentry"],"_links":{"self":[{"href":"https:\/\/turkmia.net\/kongre2024\/wp-json\/wp\/v2\/pages\/1079","targetHints":{"allow":["GET"]}}],"collection":[{"href":"https:\/\/turkmia.net\/kongre2024\/wp-json\/wp\/v2\/pages"}],"about":[{"href":"https:\/\/turkmia.net\/kongre2024\/wp-json\/wp\/v2\/types\/page"}],"author":[{"embeddable":true,"href":"https:\/\/turkmia.net\/kongre2024\/wp-json\/wp\/v2\/users\/1"}],"replies":[{"embeddable":true,"href":"https:\/\/turkmia.net\/kongre2024\/wp-json\/wp\/v2\/comments?post=1079"}],"version-history":[{"count":377,"href":"https:\/\/turkmia.net\/kongre2024\/wp-json\/wp\/v2\/pages\/1079\/revisions"}],"predecessor-version":[{"id":4302,"href":"https:\/\/turkmia.net\/kongre2024\/wp-json\/wp\/v2\/pages\/1079\/revisions\/4302"}],"wp:attachment":[{"href":"https:\/\/turkmia.net\/kongre2024\/wp-json\/wp\/v2\/media?parent=1079"}],"curies":[{"name":"wp","href":"https:\/\/api.w.org\/{rel}","templated":true}]}}