{"id":512,"date":"2018-11-27T09:17:42","date_gmt":"2018-11-27T09:17:42","guid":{"rendered":"https:\/\/turkmia.net\/kongre2021\/index.php\/projects\/"},"modified":"2023-03-15T00:05:34","modified_gmt":"2023-03-14T21:05:34","slug":"kurullar","status":"publish","type":"page","link":"https:\/\/turkmia.net\/kongre2023\/kurullar\/","title":{"rendered":"Y\u00f6netim"},"content":{"rendered":"\t\t<div data-elementor-type=\"wp-post\" data-elementor-id=\"512\" class=\"elementor elementor-512\">\n\t\t\t\t\t\t<section class=\"elementor-section elementor-top-section elementor-element elementor-element-0b90937 elementor-section-boxed elementor-section-height-default elementor-section-height-default\" data-id=\"0b90937\" data-element_type=\"section\" data-e-type=\"section\">\n\t\t\t\t\t\t<div class=\"elementor-container elementor-column-gap-default\">\n\t\t\t\t\t<div class=\"elementor-column elementor-col-100 elementor-top-column elementor-element elementor-element-2edc3bf\" data-id=\"2edc3bf\" data-element_type=\"column\" data-e-type=\"column\">\n\t\t\t<div class=\"elementor-widget-wrap elementor-element-populated\">\n\t\t\t\t\t\t<div class=\"elementor-element elementor-element-b9c26c7 elementor-widget elementor-widget-heading\" data-id=\"b9c26c7\" data-element_type=\"widget\" data-e-type=\"widget\" data-widget_type=\"heading.default\">\n\t\t\t\t<div class=\"elementor-widget-container\">\n\t\t\t\t\t<h2 class=\"elementor-heading-title elementor-size-default\">ORGAN\u0130ZASYON<\/h2>\t\t\t\t<\/div>\n\t\t\t\t<\/div>\n\t\t\t\t<div class=\"elementor-element elementor-element-f6e1a5f elementor-widget-divider--view-line elementor-widget elementor-widget-divider\" data-id=\"f6e1a5f\" data-element_type=\"widget\" data-e-type=\"widget\" data-widget_type=\"divider.default\">\n\t\t\t\t<div class=\"elementor-widget-container\">\n\t\t\t\t\t\t\t<div class=\"elementor-divider\">\n\t\t\t<span class=\"elementor-divider-separator\">\n\t\t\t\t\t\t<\/span>\n\t\t<\/div>\n\t\t\t\t\t\t<\/div>\n\t\t\t\t<\/div>\n\t\t\t\t<div class=\"elementor-element elementor-element-ac174f1 elementor-widget elementor-widget-text-editor\" data-id=\"ac174f1\" data-element_type=\"widget\" data-e-type=\"widget\" data-widget_type=\"text-editor.default\">\n\t\t\t\t<div class=\"elementor-widget-container\">\n\t\t\t\t\t\t\t\t\t<h3>Kongre Ba\u015fkan\u0131<\/h3>\n<p>Adil Alpko\u00e7ak, <i>\u0130zmir Bak\u0131r\u00e7ay \u00dcniversitesi<\/i><\/p>\n<h3>Kongre Sekreteri<\/h3>\n<p>Filiz \u0130\u015fleyen,&nbsp;<i>Sa\u011fl\u0131k Bakanl\u0131\u011f\u0131<\/i><\/p>\n<h3>Organizasyon Komitesi<\/h3>\n<p>Bar\u0131\u015f Emre Dayan\u00e7,&nbsp;<i>\u0130zmir Ekonomi \u00dcniversitesi&nbsp;<\/i><em><br><\/em>Filiz \u0130\u015fleyen,&nbsp;<i>Sa\u011fl\u0131k Bakanl\u0131\u011f\u0131<\/i><br>Hasan Yi\u011fit,&nbsp;&nbsp;<i>Sa\u011fl\u0131k Bilimleri \u00dcniversitesi<\/i><i><br><\/i>Kemal Turhan,&nbsp;<i>Karadeniz Teknik \u00dcniversitesi<\/i><i><br><\/i>O\u011fuz Dicle,&nbsp;<i>Dokuz Eyl\u00fcl \u00dcniversitesi<br><\/i>Utku \u015eenol,&nbsp;<i>Akdeniz \u00dcniversitesi<br><\/i>Ye\u015fim Ayd\u0131n Son,&nbsp;<i>Ortado\u011fu Teknik \u00dcniversitesi<\/i><\/p>\n<h3>Bilimsel Kurul<\/h3>\n<p><span style=\"color: var( --e-global-color-secondary ); font-family: var( --e-global-typography-text-font-family ), Sans-serif; font-weight: var( --e-global-typography-text-font-weight ); font-size: 1rem;\">Kemal Turhan,<\/span><span style=\"color: var( --e-global-color-secondary ); font-family: var( --e-global-typography-text-font-family ), Sans-serif; font-weight: var( --e-global-typography-text-font-weight ); font-size: 1rem;\">&nbsp;<\/span><i style=\"color: var( --e-global-color-secondary ); font-family: var( --e-global-typography-text-font-family ), Sans-serif; font-weight: var( --e-global-typography-text-font-weight ); font-size: 1rem;\">Karadeniz Teknik \u00dcniversitesi (Ba\u015fkan)<br><\/i>Adil Alpko\u00e7ak,<i>&nbsp;\u0130zmir Bak\u0131r\u00e7ay \u00dcniversitesi<br><\/i>Afsun Ezel T\u00fcrkmen Esato\u011flu, <em>Ankara \u00dcniversitesi&nbsp;<\/em><br>Ahmet Ademo\u011flu, <i>Bo\u011fazi\u00e7i \u00dcniversitesi<\/i><br>Ahmet Yard\u0131mc\u0131, <i>Akdeniz \u00dcniversitesi<\/i><br>Ali Y\u0131lmaz, <em>K\u0131r\u0131kkale \u00dcniversitesi&nbsp;<br><\/em>Alper Selver, Dokuz Eyl\u00fcl \u00dcniversitesi<br>Asl\u0131 Suner Karak\u00fclah, <em>Ege \u00dcniversitesi<br><\/em>Bar\u0131\u015f Emre Dayan\u00e7,&nbsp;<i>\u0130zmir Ekonomi \u00dcniversitesi&nbsp;<\/i><br>Bur\u00e7in Kurt, <i>Karadeniz Teknik \u00dcniversitesi<\/i><br><i><\/i>Ebru Ak\u00e7ap\u0131nar Sezer,<i> Hacettepe \u00dcniversitesi<\/i><br>Esin \u00d6zt\u00fcrk I\u015f\u0131k, <i>Bo\u011fazi\u00e7i \u00dcniversitesi<\/i><br>Filiz&nbsp;\u0130\u015fleyen, Sa\u011fl\u0131k Bakanl\u0131\u011f\u0131<br>Gizem Tatar Y\u0131lmaz<i>, Karadeniz Teknik \u00dcniversitesi<\/i><br>G\u00f6khan Karak\u00fclah<i>, Dokuz Eyl\u00fcl \u00dcniversitesi<\/i><br>Hakan Abac\u0131o\u011flu, <i>\u0130zmir Ekonomi \u00dcniversitesi<\/i><br>Hanefi \u00d6zbek,<i> \u0130zmir Bak\u0131r\u00e7ay \u00dcniversitesi<br><\/i>Hasan Yi\u011fit, <i>Sa\u011fl\u0131k Bilimleri \u00dcniversitesi<br><\/i>Kaan Kurtel,&nbsp;<i>\u0130zmir Ekonomi \u00dcniversitesi<\/i><br>Kemal Hakan G\u00fclkesen, <i>Akdeniz \u00dcniversitesi<\/i><br>Leman Tomak, <i>Ondokuz May\u0131s \u00dcniversitesi&nbsp;<br><\/i>Mehmet Serdar G\u00fczel, <i>Ankara \u00dcniversitesi<\/i><br>Mehmet \u00dcnl\u00fct\u00fcrk, <i>Ya\u015far \u00dcniversitesi<\/i><br>Menderes Tarcan, <i>Osmangazi \u00dcniversitesi<\/i><br>Murat Osman \u00dcnal\u0131r,<i>&nbsp;Ege \u00dcniversitesi<\/i><br>Mustafa \u00d6zmen, <i>Hacettepe \u00dcniversitesi<br><\/i><span style=\"font-size: 16px; font-style: normal; font-weight: 400; color: var( --e-global-color-secondary ); font-family: var( --e-global-typography-text-font-family ), Sans-serif;\">Nese Zayim,&nbsp;<\/span><i style=\"font-weight: inherit; color: var( --e-global-color-secondary ); font-family: var( --e-global-typography-text-font-family ), Sans-serif;\">Akdeniz \u00dcniversitesi<br><\/i><span style=\"font-size: 16px; color: var( --e-global-color-secondary ); font-family: var( --e-global-typography-text-font-family ), Sans-serif;\">O\u011fuz Dicle, <\/span><i style=\"font-weight: inherit; color: var( --e-global-color-secondary ); font-family: var( --e-global-typography-text-font-family ), Sans-serif;\">Dokuz Eyl\u00fcl \u00dcniversitesi<br><\/i><span style=\"font-size: 16px; color: var( --e-global-color-secondary ); font-family: var( --e-global-typography-text-font-family ), Sans-serif;\">Orhan Er<\/span><em style=\"font-size: 16px; color: var( --e-global-color-secondary ); font-family: var( --e-global-typography-text-font-family ), Sans-serif;\">,&nbsp;<\/em><i>\u0130zmir Bak\u0131r\u00e7ay \u00dcniversitesi<br><\/i><span style=\"font-weight: inherit; color: var( --e-global-color-secondary ); font-family: var( --e-global-typography-text-font-family ), Sans-serif;\">\u00d6znur \u00d6zkasap, <i>Ko\u00e7 \u00dcniversitesi<\/i><br>P\u0131nar \u00d6zbay,<i> Bo\u011fazi\u00e7i \u00dcniversitesi<\/i><br><\/span><span style=\"font-size: 16px; color: var( --e-global-color-secondary ); font-family: var( --e-global-typography-text-font-family ), Sans-serif;\">Pembe Keskino\u011flu,&nbsp;<\/span><i style=\"color: var( --e-global-color-secondary ); font-family: var( --e-global-typography-text-font-family ), Sans-serif; font-weight: inherit;\">Dokuz Eyl\u00fcl \u00dcniversitesi<br><\/i>Semih Utku, <i>Dokuz Eyl\u00fcl \u00dcniversitesi<\/i><br>Suat \u00d6zdemir,<i> Hacettepe \u00dcniversitesi&nbsp;<br><\/i><span style=\"color: var( --e-global-color-secondary ); font-family: var( --e-global-typography-text-font-family ), Sans-serif; font-weight: var( --e-global-typography-text-font-weight );\">Timur K\u00f6se, <\/span><em style=\"color: var( --e-global-color-secondary ); font-family: var( --e-global-typography-text-font-family ), Sans-serif; font-weight: var( --e-global-typography-text-font-weight );\">Ege \u00dcniversitesi<br><\/em><span style=\"color: var( --e-global-color-secondary ); font-family: var( --e-global-typography-text-font-family ), Sans-serif; font-weight: var( --e-global-typography-text-font-weight );\">U\u011fur Bilge,<\/span><span style=\"color: var( --e-global-color-secondary ); font-family: var( --e-global-typography-text-font-family ), Sans-serif; font-weight: inherit; font-size: 1rem;\"><i> Akdeniz \u00dcniversitesi<br><\/i><\/span><span style=\"color: var( --e-global-color-secondary ); font-family: var( --e-global-typography-text-font-family ), Sans-serif; font-weight: inherit; font-size: 1rem;\">Uras Tos,<\/span><i style=\"color: var( --e-global-color-secondary ); font-family: var( --e-global-typography-text-font-family ), Sans-serif; font-weight: inherit; font-size: 1rem;\"> Ya\u015far \u00dcniversitesi<br><\/i><span style=\"color: var( --e-global-color-secondary ); font-family: var( --e-global-typography-text-font-family ), Sans-serif; font-weight: var( --e-global-typography-text-font-weight );\">Utku \u015eenol, <\/span><span style=\"color: var( --e-global-color-secondary ); font-family: var( --e-global-typography-text-font-family ), Sans-serif; font-weight: inherit; font-size: 1rem;\"><i>Akdeniz \u00dcniversitesi<br><\/i><\/span><span style=\"color: var( --e-global-color-secondary ); font-family: var( --e-global-typography-text-font-family ), Sans-serif; font-weight: inherit; font-size: 1rem;\">Ya\u015far G\u00fcneri \u015eahin,&nbsp;<\/span><i style=\"color: var( --e-global-color-secondary ); font-family: var( --e-global-typography-text-font-family ), Sans-serif; font-weight: var( --e-global-typography-text-font-weight ); font-size: 1rem;\">\u0130zmir Ekonomi \u00dcniversitesi<br><\/i><span style=\"color: var( --e-global-color-secondary ); font-family: var( --e-global-typography-text-font-family ), Sans-serif; font-weight: var( --e-global-typography-text-font-weight );\">Ye\u015fim Ayd\u0131n Son, <\/span><i style=\"color: var( --e-global-color-secondary ); font-family: var( --e-global-typography-text-font-family ), Sans-serif; font-weight: inherit; font-size: 1rem;\">Ortado\u011fu Teknik \u00dcniversitesi<\/i><\/p>\n<h3><span style=\"font-size: 1.375rem; font-family: var( --e-global-typography-text-font-family ), Sans-serif;\">Yerel D\u00fczenleme Komitesi<\/span><\/h3>\n<p><span style=\"font-size: 16px; font-style: normal; font-weight: 400; color: var( --e-global-color-secondary ); font-family: var( --e-global-typography-text-font-family ), Sans-serif;\">Alir\u0131za Ar\u0131ba\u015f,&nbsp;<\/span><em style=\"font-size: 16px; font-weight: 400; color: var( --e-global-color-secondary ); font-family: var( --e-global-typography-text-font-family ), Sans-serif;\">Dokuz Eyl\u00fcl \u00dcniversitesi<br><\/em>Beg\u00fcm Al\u0131c\u0131k<span style=\"color: var( --e-global-color-secondary ); font-family: var( --e-global-typography-text-font-family ), Sans-serif; font-size: 1rem; font-weight: var( --e-global-typography-text-font-weight );\">,<\/span><span style=\"color: var( --e-global-color-secondary ); font-family: var( --e-global-typography-text-font-family ), Sans-serif; font-size: 1rem; font-weight: var( --e-global-typography-text-font-weight );\">&nbsp;<\/span><i style=\"color: var( --e-global-color-secondary ); font-family: var( --e-global-typography-text-font-family ), Sans-serif; font-size: 1rem; font-weight: var( --e-global-typography-text-font-weight );\">\u0130zmir Ekonomi \u00dcniversitesi<\/i><em style=\"font-size: 16px; font-weight: 400; color: var( --e-global-color-secondary ); font-family: var( --e-global-typography-text-font-family ), Sans-serif;\"><br><\/em><span style=\"color: var( --e-global-color-secondary ); font-family: var( --e-global-typography-text-font-family ), Sans-serif; font-size: 1rem; font-weight: var( --e-global-typography-text-font-weight );\">Berk Y\u0131lmaz,&nbsp;<\/span><i>\u0130zmir Ekonomi \u00dcniversitesi<\/i><span style=\"color: var( --e-global-color-secondary ); font-family: var( --e-global-typography-text-font-family ), Sans-serif; font-size: 1rem; font-weight: var( --e-global-typography-text-font-weight );\"><br><\/span>Ca<span style=\"color: var( --e-global-color-secondary ); font-family: var( --e-global-typography-text-font-family ), Sans-serif; font-size: 1rem; font-weight: var( --e-global-typography-text-font-weight );\">nsu Yan\u0131k,&nbsp;<\/span><i>\u0130zmir Ekonomi \u00dcniversitesi<\/i><i style=\"color: var( --e-global-color-secondary ); font-family: var( --e-global-typography-text-font-family ), Sans-serif;\"><br><\/i><span style=\"font-size: 16px; font-style: normal; font-weight: 400;\">Fatih Dilma\u00e7,&nbsp;<\/span><em style=\"font-size: 16px; font-weight: 400;\">Dokuz Eyl\u00fcl \u00dcniversitesi<br><\/em><span style=\"font-size: 16px; font-style: normal; font-weight: 400; color: var( --e-global-color-secondary ); font-family: var( --e-global-typography-text-font-family ), Sans-serif;\">Kenan Kocadurdu, <\/span><em style=\"font-size: 16px; font-weight: 400; color: var( --e-global-color-secondary ); font-family: var( --e-global-typography-text-font-family ), Sans-serif;\">\u0130zmir Bak\u0131r\u00e7ay \u00dcniversitesi<br><\/em><span style=\"font-size: 16px; font-style: normal; font-weight: 400; color: var( --e-global-color-secondary ); font-family: var( --e-global-typography-text-font-family ), Sans-serif;\">Ozan Ak\u00e7ay,&nbsp;<\/span><em style=\"font-size: 16px; font-weight: 400; color: var( --e-global-color-secondary ); font-family: var( --e-global-typography-text-font-family ), Sans-serif;\">Dokuz Eyl\u00fcl \u00dcniversitesi<\/em><span style=\"color: var( --e-global-color-secondary ); font-family: var( --e-global-typography-text-font-family ), Sans-serif; font-weight: var( --e-global-typography-text-font-weight ); font-size: 1rem;\"><br><\/span><span style=\"color: var( --e-global-color-secondary ); font-family: var( --e-global-typography-text-font-family ), Sans-serif; font-weight: var( --e-global-typography-text-font-weight ); font-size: 1rem;\">Seden B\u00fclb\u00fc<\/span><span style=\"color: var( --e-global-color-secondary ); font-family: var( --e-global-typography-text-font-family ), Sans-serif; font-weight: var( --e-global-typography-text-font-weight ); font-size: 1rem;\">l,&nbsp;<\/span><i>\u0130zmir Ekonomi \u00dcniversitesi<\/i><span style=\"color: var( --e-global-color-secondary ); font-family: var( --e-global-typography-text-font-family ), Sans-serif; font-weight: var( --e-global-typography-text-font-weight ); font-size: 1rem;\"><br><\/span>Se<span style=\"color: var( --e-global-color-secondary ); font-family: var( --e-global-typography-text-font-family ), Sans-serif; font-weight: var( --e-global-typography-text-font-weight ); font-size: 1rem;\">her Damla Uluda\u011f,&nbsp;<\/span><i>\u0130zmir Ekonomi \u00dcniversitesi<\/i><span style=\"color: var( --e-global-color-secondary ); font-family: var( --e-global-typography-text-font-family ), Sans-serif; font-weight: var( --e-global-typography-text-font-weight ); font-size: 1rem;\"><br><\/span><span style=\"color: var( --e-global-color-secondary ); font-family: var( --e-global-typography-text-font-family ), Sans-serif; font-weight: var( --e-global-typography-text-font-weight ); font-size: 1rem;\">\u015eimal Bayraktar,&nbsp;<\/span><i style=\"color: var( --e-global-color-secondary ); font-family: var( --e-global-typography-text-font-family ), Sans-serif; font-weight: var( --e-global-typography-text-font-weight ); font-size: 1rem;\">\u0130zmir Ekonomi \u00dcniversitesi<\/i><\/p>\t\t\t\t\t\t\t\t<\/div>\n\t\t\t\t<\/div>\n\t\t\t\t\t<\/div>\n\t\t<\/div>\n\t\t\t\t\t<\/div>\n\t\t<\/section>\n\t\t\t\t<\/div>\n\t\t","protected":false},"excerpt":{"rendered":"<p>ORGAN\u0130ZASYON Kongre Ba\u015fkan\u0131 Adil Alpko\u00e7ak, \u0130zmir Bak\u0131r\u00e7ay \u00dcniversitesi Kongre Sekreteri Filiz \u0130\u015fleyen,&nbsp;Sa\u011fl\u0131k Bakanl\u0131\u011f\u0131 Organizasyon Komitesi Bar\u0131\u015f Emre Dayan\u00e7,&nbsp;\u0130zmir Ekonomi \u00dcniversitesi&nbsp;Filiz \u0130\u015fleyen,&nbsp;Sa\u011fl\u0131k Bakanl\u0131\u011f\u0131Hasan Yi\u011fit,&nbsp;&nbsp;Sa\u011fl\u0131k Bilimleri \u00dcniversitesiKemal Turhan,&nbsp;Karadeniz Teknik \u00dcniversitesiO\u011fuz Dicle,&nbsp;Dokuz Eyl\u00fcl \u00dcniversitesiUtku \u015eenol,&nbsp;Akdeniz \u00dcniversitesiYe\u015fim Ayd\u0131n Son,&nbsp;Ortado\u011fu Teknik \u00dcniversitesi Bilimsel Kurul Kemal Turhan,&nbsp;Karadeniz Teknik \u00dcniversitesi (Ba\u015fkan)Adil Alpko\u00e7ak,&nbsp;\u0130zmir Bak\u0131r\u00e7ay \u00dcniversitesiAfsun Ezel T\u00fcrkmen Esato\u011flu, Ankara \u00dcniversitesi&nbsp;Ahmet Ademo\u011flu, Bo\u011fazi\u00e7i \u00dcniversitesiAhmet &hellip; <\/p>\n<p class=\"link-more\"><a href=\"https:\/\/turkmia.net\/kongre2023\/kurullar\/\" class=\"more-link\">Continue reading<span class=\"screen-reader-text\"> &#8220;Y\u00f6netim&#8221;<\/span><\/a><\/p>\n","protected":false},"author":1,"featured_media":0,"parent":0,"menu_order":0,"comment_status":"closed","ping_status":"closed","template":"elementor_header_footer","meta":{"footnotes":""},"class_list":["post-512","page","type-page","status-publish","hentry"],"_links":{"self":[{"href":"https:\/\/turkmia.net\/kongre2023\/wp-json\/wp\/v2\/pages\/512","targetHints":{"allow":["GET"]}}],"collection":[{"href":"https:\/\/turkmia.net\/kongre2023\/wp-json\/wp\/v2\/pages"}],"about":[{"href":"https:\/\/turkmia.net\/kongre2023\/wp-json\/wp\/v2\/types\/page"}],"author":[{"embeddable":true,"href":"https:\/\/turkmia.net\/kongre2023\/wp-json\/wp\/v2\/users\/1"}],"replies":[{"embeddable":true,"href":"https:\/\/turkmia.net\/kongre2023\/wp-json\/wp\/v2\/comments?post=512"}],"version-history":[{"count":240,"href":"https:\/\/turkmia.net\/kongre2023\/wp-json\/wp\/v2\/pages\/512\/revisions"}],"predecessor-version":[{"id":2825,"href":"https:\/\/turkmia.net\/kongre2023\/wp-json\/wp\/v2\/pages\/512\/revisions\/2825"}],"wp:attachment":[{"href":"https:\/\/turkmia.net\/kongre2023\/wp-json\/wp\/v2\/media?parent=512"}],"curies":[{"name":"wp","href":"https:\/\/api.w.org\/{rel}","templated":true}]}}