{"id":2765,"date":"2023-03-14T22:01:03","date_gmt":"2023-03-14T19:01:03","guid":{"rendered":"https:\/\/turkmia.net\/kongre2023\/?page_id=2765"},"modified":"2023-03-14T22:29:48","modified_gmt":"2023-03-14T19:29:48","slug":"gezi","status":"publish","type":"page","link":"https:\/\/turkmia.net\/kongre2023\/gezi\/","title":{"rendered":"Gezi"},"content":{"rendered":"\t\t<div data-elementor-type=\"wp-page\" data-elementor-id=\"2765\" class=\"elementor elementor-2765\">\n\t\t\t\t\t\t<section class=\"elementor-section elementor-top-section elementor-element elementor-element-f815c7b elementor-section-boxed elementor-section-height-default elementor-section-height-default\" data-id=\"f815c7b\" data-element_type=\"section\" data-e-type=\"section\">\n\t\t\t\t\t\t<div class=\"elementor-container elementor-column-gap-default\">\n\t\t\t\t\t<div class=\"elementor-column elementor-col-100 elementor-top-column elementor-element elementor-element-b5fd8c1\" data-id=\"b5fd8c1\" data-element_type=\"column\" data-e-type=\"column\">\n\t\t\t<div class=\"elementor-widget-wrap elementor-element-populated\">\n\t\t\t\t\t\t<div class=\"elementor-element elementor-element-b8a15ec elementor-widget elementor-widget-heading\" data-id=\"b8a15ec\" data-element_type=\"widget\" data-e-type=\"widget\" data-widget_type=\"heading.default\">\n\t\t\t\t<div class=\"elementor-widget-container\">\n\t\t\t\t\t<h2 class=\"elementor-heading-title elementor-size-default\">Gezi: Kemeralt\u0131 Gezisi<\/h2>\t\t\t\t<\/div>\n\t\t\t\t<\/div>\n\t\t\t\t<div class=\"elementor-element elementor-element-79301f7 elementor-widget-divider--view-line elementor-widget elementor-widget-divider\" data-id=\"79301f7\" data-element_type=\"widget\" data-e-type=\"widget\" data-widget_type=\"divider.default\">\n\t\t\t\t<div class=\"elementor-widget-container\">\n\t\t\t\t\t\t\t<div class=\"elementor-divider\">\n\t\t\t<span class=\"elementor-divider-separator\">\n\t\t\t\t\t\t<\/span>\n\t\t<\/div>\n\t\t\t\t\t\t<\/div>\n\t\t\t\t<\/div>\n\t\t\t\t<div class=\"elementor-element elementor-element-22ea64b elementor-widget elementor-widget-text-editor\" data-id=\"22ea64b\" data-element_type=\"widget\" data-e-type=\"widget\" data-widget_type=\"text-editor.default\">\n\t\t\t\t<div class=\"elementor-widget-container\">\n\t\t\t\t\t\t\t\t\t<p><span style=\"font-size: 12pt; color: #993300;\"><b>18 Mart 2023 Cumartesi<br><\/b><\/span><span lang=\"TR\" style=\"color: #993300;\">11:00 \u2013 14:00<\/span><\/p>\n<p class=\"MsoNormal\" style=\"margin: 0cm; font-size: 12pt; font-family: Calibri, sans-serif; color: #000000; line-height: 18.4px;\"><i><span lang=\"TR\">&nbsp;<\/span><\/i><\/p>\n<p><span lang=\"TR\">Prof.Dr. O\u011fuz Dicle\u2019nin rehberli\u011finde Tarihi Kemeralt\u0131 \u00c7ar\u015f\u0131s\u0131nda bir y\u00fcr\u00fcy\u00fc\u015f gezisi yap\u0131lacakt\u0131r. Kemeralt\u0131 \u00c7ar\u015f\u0131s\u0131 her ne kadar ticari bir yer olsa da tarih ve k\u00fclt\u00fcr yuvas\u0131d\u0131r. Say\u0131s\u0131z g\u00f6r\u00fclecek yer, gezilecek d\u00fckk\u00e2n, tad\u0131lacak lezzet bar\u0131nd\u0131r\u0131rken bir\u00e7ok ibadethane, m\u00fcze, han ve al\u0131\u015fveri\u015f yerine sahiptir. Gezi rotam\u0131zdaki ba\u015fl\u0131ca noktalar:<\/span><\/p>\n<p style=\"padding-left: 40px;\"><span lang=\"TR\">\u2022<span style=\"font-variant-numeric: normal; font-variant-east-asian: normal; font-variant-alternates: normal; font-kerning: auto; font-optical-sizing: auto; font-feature-settings: normal; font-variation-settings: normal; font-stretch: normal; font-size: 7pt; line-height: normal; font-family: 'Times New Roman';\">&nbsp;&nbsp;&nbsp;&nbsp;&nbsp; <\/span><\/span><span lang=\"TR\">Saat kulesi, Vali Kona\u011f\u0131, Sar\u0131 K\u0131\u015fla<br><\/span><span lang=\"TR\">\u2022<span style=\"font-variant-numeric: normal; font-variant-east-asian: normal; font-variant-alternates: normal; font-kerning: auto; font-optical-sizing: auto; font-feature-settings: normal; font-variation-settings: normal; font-stretch: normal; font-size: 7pt; line-height: normal; font-family: 'Times New Roman';\">&nbsp;&nbsp;&nbsp;&nbsp;&nbsp; <\/span><\/span><span lang=\"TR\">Milli K\u00fct\u00fcphane, Konak Hastaneleri, Pi\u00e7hane<br><\/span><span lang=\"TR\">\u2022<span style=\"font-variant-numeric: normal; font-variant-east-asian: normal; font-variant-alternates: normal; font-kerning: auto; font-optical-sizing: auto; font-feature-settings: normal; font-variation-settings: normal; font-stretch: normal; font-size: 7pt; line-height: normal; font-family: 'Times New Roman';\">&nbsp;&nbsp;&nbsp;&nbsp;&nbsp; <\/span><\/span><span lang=\"TR\">Anafartalar Caddesi<br><\/span><span lang=\"TR\">\u2022<span style=\"font-variant-numeric: normal; font-variant-east-asian: normal; font-variant-alternates: normal; font-kerning: auto; font-optical-sizing: auto; font-feature-settings: normal; font-variation-settings: normal; font-stretch: normal; font-size: 7pt; line-height: normal; font-family: 'Times New Roman';\">&nbsp;&nbsp;&nbsp;&nbsp;&nbsp; <\/span><\/span><span lang=\"TR\">Kemeralt\u0131 Camileri<br><\/span><span lang=\"TR\">\u2022<span style=\"font-variant-numeric: normal; font-variant-east-asian: normal; font-variant-alternates: normal; font-kerning: auto; font-optical-sizing: auto; font-feature-settings: normal; font-variation-settings: normal; font-stretch: normal; font-size: 7pt; line-height: normal; font-family: 'Times New Roman';\">&nbsp;&nbsp;&nbsp;&nbsp;&nbsp; <\/span><\/span><span lang=\"TR\">\u015eard\u0131rvanalt\u0131<br><\/span><span lang=\"TR\">\u2022<span style=\"font-variant-numeric: normal; font-variant-east-asian: normal; font-variant-alternates: normal; font-kerning: auto; font-optical-sizing: auto; font-feature-settings: normal; font-variation-settings: normal; font-stretch: normal; font-size: 7pt; line-height: normal; font-family: 'Times New Roman';\">&nbsp;&nbsp;&nbsp;&nbsp;&nbsp; <\/span><\/span><span lang=\"TR\">K\u0131zlara\u011fas\u0131 Han\u0131<br><\/span><span lang=\"TR\">\u2022<span style=\"font-variant-numeric: normal; font-variant-east-asian: normal; font-variant-alternates: normal; font-kerning: auto; font-optical-sizing: auto; font-feature-settings: normal; font-variation-settings: normal; font-stretch: normal; font-size: 7pt; line-height: normal; font-family: 'Times New Roman';\">&nbsp;&nbsp;&nbsp;&nbsp;&nbsp; <\/span><\/span><span lang=\"TR\">Abac\u0131o\u011flu Han<br><\/span><span lang=\"TR\">\u2022<span style=\"font-variant-numeric: normal; font-variant-east-asian: normal; font-variant-alternates: normal; font-kerning: auto; font-optical-sizing: auto; font-feature-settings: normal; font-variation-settings: normal; font-stretch: normal; font-size: 7pt; line-height: normal; font-family: 'Times New Roman';\">&nbsp;&nbsp;&nbsp;&nbsp;&nbsp; <\/span><\/span><span lang=\"TR\">Havra Soka\u011f\u0131 ve Sinagoglar b\u00f6lgesi &nbsp;<\/span><span lang=\"TR\">&nbsp;<\/span><\/p>\n<ol>\n<li style=\"list-style-type: none;\">\n<ol>\n<li><span lang=\"TR\">Gezimize, Konak Saat Kulesinin \u00f6n\u00fcnde saat 11:00\u2019de bulu\u015farak ba\u015fl\u0131yoruz.<\/span><\/li>\n<li><span lang=\"TR\" style=\"font-size: 1rem;\">Gezi s\u0131ras\u0131nda Kemeralt\u0131n\u0131n geleneksel lezzet duraklar\u0131nda molalar verilecektir. <\/span><\/li>\n<li><span lang=\"TR\" style=\"font-size: 1rem;\">Geziye t\u00fcm Kongre kat\u0131l\u0131mc\u0131lar\u0131m\u0131z \u00fccretsiz olarak kat\u0131labilir.<\/span><\/li>\n<li><span lang=\"TR\" style=\"font-size: 1rem;\">M\u00fcze giri\u015fleri ve \u00f6\u011fle yeme\u011fi kat\u0131l\u0131mc\u0131lar taraf\u0131ndan \u00f6denecektir.<\/span><\/li>\n<\/ol>\n<\/li>\n<\/ol>\t\t\t\t\t\t\t\t<\/div>\n\t\t\t\t<\/div>\n\t\t\t\t\t<\/div>\n\t\t<\/div>\n\t\t\t\t\t<\/div>\n\t\t<\/section>\n\t\t\t\t<\/div>\n\t\t","protected":false},"excerpt":{"rendered":"<p>Gezi: Kemeralt\u0131 Gezisi 18 Mart 2023 Cumartesi11:00 \u2013 14:00 &nbsp; Prof.Dr. O\u011fuz Dicle\u2019nin rehberli\u011finde Tarihi Kemeralt\u0131 \u00c7ar\u015f\u0131s\u0131nda bir y\u00fcr\u00fcy\u00fc\u015f gezisi yap\u0131lacakt\u0131r. Kemeralt\u0131 \u00c7ar\u015f\u0131s\u0131 her ne kadar ticari bir yer olsa da tarih ve k\u00fclt\u00fcr yuvas\u0131d\u0131r. Say\u0131s\u0131z g\u00f6r\u00fclecek yer, gezilecek d\u00fckk\u00e2n, tad\u0131lacak lezzet bar\u0131nd\u0131r\u0131rken bir\u00e7ok ibadethane, m\u00fcze, han ve al\u0131\u015fveri\u015f yerine sahiptir. Gezi rotam\u0131zdaki ba\u015fl\u0131ca noktalar: &hellip; <\/p>\n<p class=\"link-more\"><a href=\"https:\/\/turkmia.net\/kongre2023\/gezi\/\" class=\"more-link\">Continue reading<span class=\"screen-reader-text\"> &#8220;Gezi&#8221;<\/span><\/a><\/p>\n","protected":false},"author":1,"featured_media":0,"parent":0,"menu_order":0,"comment_status":"closed","ping_status":"closed","template":"elementor_header_footer","meta":{"footnotes":""},"class_list":["post-2765","page","type-page","status-publish","hentry"],"_links":{"self":[{"href":"https:\/\/turkmia.net\/kongre2023\/wp-json\/wp\/v2\/pages\/2765","targetHints":{"allow":["GET"]}}],"collection":[{"href":"https:\/\/turkmia.net\/kongre2023\/wp-json\/wp\/v2\/pages"}],"about":[{"href":"https:\/\/turkmia.net\/kongre2023\/wp-json\/wp\/v2\/types\/page"}],"author":[{"embeddable":true,"href":"https:\/\/turkmia.net\/kongre2023\/wp-json\/wp\/v2\/users\/1"}],"replies":[{"embeddable":true,"href":"https:\/\/turkmia.net\/kongre2023\/wp-json\/wp\/v2\/comments?post=2765"}],"version-history":[{"count":24,"href":"https:\/\/turkmia.net\/kongre2023\/wp-json\/wp\/v2\/pages\/2765\/revisions"}],"predecessor-version":[{"id":2806,"href":"https:\/\/turkmia.net\/kongre2023\/wp-json\/wp\/v2\/pages\/2765\/revisions\/2806"}],"wp:attachment":[{"href":"https:\/\/turkmia.net\/kongre2023\/wp-json\/wp\/v2\/media?parent=2765"}],"curies":[{"name":"wp","href":"https:\/\/api.w.org\/{rel}","templated":true}]}}