{"id":1079,"date":"2021-03-15T20:14:08","date_gmt":"2021-03-15T20:14:08","guid":{"rendered":"https:\/\/turkmia.net\/kongre2021\/?page_id=1079"},"modified":"2023-03-15T09:22:55","modified_gmt":"2023-03-15T06:22:55","slug":"program","status":"publish","type":"page","link":"https:\/\/turkmia.net\/kongre2023\/program\/","title":{"rendered":"Program"},"content":{"rendered":"\t\t<div data-elementor-type=\"wp-post\" data-elementor-id=\"1079\" class=\"elementor elementor-1079\">\n\t\t\t\t\t\t<section class=\"elementor-section elementor-top-section elementor-element elementor-element-201835e elementor-section-boxed elementor-section-height-default elementor-section-height-default\" data-id=\"201835e\" data-element_type=\"section\" data-e-type=\"section\">\n\t\t\t\t\t\t<div class=\"elementor-container elementor-column-gap-default\">\n\t\t\t\t\t<div class=\"elementor-column elementor-col-100 elementor-top-column elementor-element elementor-element-d993cca\" data-id=\"d993cca\" data-element_type=\"column\" data-e-type=\"column\">\n\t\t\t<div class=\"elementor-widget-wrap elementor-element-populated\">\n\t\t\t\t\t\t<div class=\"elementor-element elementor-element-81b4a8f elementor-widget elementor-widget-heading\" data-id=\"81b4a8f\" data-element_type=\"widget\" data-e-type=\"widget\" data-widget_type=\"heading.default\">\n\t\t\t\t<div class=\"elementor-widget-container\">\n\t\t\t\t\t<h2 class=\"elementor-heading-title elementor-size-default\">Kongre Program\u0131<\/h2>\t\t\t\t<\/div>\n\t\t\t\t<\/div>\n\t\t\t\t<div class=\"elementor-element elementor-element-146f79d elementor-widget-divider--view-line elementor-widget elementor-widget-divider\" data-id=\"146f79d\" data-element_type=\"widget\" data-e-type=\"widget\" data-widget_type=\"divider.default\">\n\t\t\t\t<div class=\"elementor-widget-container\">\n\t\t\t\t\t\t\t<div class=\"elementor-divider\">\n\t\t\t<span class=\"elementor-divider-separator\">\n\t\t\t\t\t\t<\/span>\n\t\t<\/div>\n\t\t\t\t\t\t<\/div>\n\t\t\t\t<\/div>\n\t\t\t\t\t<\/div>\n\t\t<\/div>\n\t\t\t\t\t<\/div>\n\t\t<\/section>\n\t\t\t\t<section class=\"elementor-section elementor-top-section elementor-element elementor-element-cb47640 elementor-section-boxed elementor-section-height-default elementor-section-height-default\" data-id=\"cb47640\" data-element_type=\"section\" data-e-type=\"section\">\n\t\t\t\t\t\t<div class=\"elementor-container elementor-column-gap-default\">\n\t\t\t\t\t<div class=\"elementor-column elementor-col-100 elementor-top-column elementor-element elementor-element-8e1bbd8\" data-id=\"8e1bbd8\" data-element_type=\"column\" data-e-type=\"column\">\n\t\t\t<div class=\"elementor-widget-wrap elementor-element-populated\">\n\t\t\t\t\t\t<div class=\"elementor-element elementor-element-3796264 elementor-widget elementor-widget-text-editor\" data-id=\"3796264\" data-element_type=\"widget\" data-e-type=\"widget\" data-widget_type=\"text-editor.default\">\n\t\t\t\t<div class=\"elementor-widget-container\">\n\t\t\t\t\t\t\t\t\t<ul>\n<li style=\"text-align: left;\"><span style=\"font-size: 1rem;\">Kongre program\u0131ndaki t\u00fcm etkinlikler&nbsp;<\/span><span style=\"font-size: 1rem; color: #993300;\"><strong><a style=\"color: #993300;\" href=\"https:\/\/ieu.edu.tr\/\">\u0130zmir Ekonomi \u00dcniversitesi<\/a><\/strong>&nbsp;<span style=\"color: #000000;\">Bal\u00e7ova Kamp\u00fcs\u00fcndeki<\/span><strong> Konferans Salonunda<\/strong><\/span><span style=\"font-size: 1rem;\"> ger\u00e7ekle\u015ftirilecektir.<\/span><\/li>\n<li style=\"text-align: left;\"><span style=\"font-size: 1rem;\">\u00d6\u011fle yemekleri, Konferans Salonunun bir alt kat\u0131ndaki \u00dcniversite Restoran\u0131nda sunulacakt\u0131r.&nbsp;&nbsp;<\/span><\/li>\n<\/ul>\t\t\t\t\t\t\t\t<\/div>\n\t\t\t\t<\/div>\n\t\t\t\t<div class=\"elementor-element elementor-element-a202dc5 elementor-widget elementor-widget-image\" data-id=\"a202dc5\" data-element_type=\"widget\" data-e-type=\"widget\" data-widget_type=\"image.default\">\n\t\t\t\t<div class=\"elementor-widget-container\">\n\t\t\t\t\t\t\t\t\t\t\t\t\t\t\t<img fetchpriority=\"high\" decoding=\"async\" width=\"1536\" height=\"1086\" src=\"https:\/\/turkmia.net\/kongre2023\/wp-content\/uploads\/2023\/03\/PROGRAM-Brosur-V2-P2-1536x1086.jpg\" class=\"attachment-1536x1536 size-1536x1536 wp-image-2760\" alt=\"\" srcset=\"https:\/\/turkmia.net\/kongre2023\/wp-content\/uploads\/2023\/03\/PROGRAM-Brosur-V2-P2-1536x1086.jpg 1536w, https:\/\/turkmia.net\/kongre2023\/wp-content\/uploads\/2023\/03\/PROGRAM-Brosur-V2-P2-300x212.jpg 300w, https:\/\/turkmia.net\/kongre2023\/wp-content\/uploads\/2023\/03\/PROGRAM-Brosur-V2-P2-1024x724.jpg 1024w, https:\/\/turkmia.net\/kongre2023\/wp-content\/uploads\/2023\/03\/PROGRAM-Brosur-V2-P2-768x543.jpg 768w, https:\/\/turkmia.net\/kongre2023\/wp-content\/uploads\/2023\/03\/PROGRAM-Brosur-V2-P2-2048x1448.jpg 2048w\" sizes=\"100vw\" \/>\t\t\t\t\t\t\t\t\t\t\t\t\t\t\t<\/div>\n\t\t\t\t<\/div>\n\t\t\t\t<div class=\"elementor-element elementor-element-bc2ac08 elementor-widget elementor-widget-image\" data-id=\"bc2ac08\" data-element_type=\"widget\" data-e-type=\"widget\" data-widget_type=\"image.default\">\n\t\t\t\t<div class=\"elementor-widget-container\">\n\t\t\t\t\t\t\t\t\t\t\t\t\t\t\t<img decoding=\"async\" width=\"1536\" height=\"1086\" src=\"https:\/\/turkmia.net\/kongre2023\/wp-content\/uploads\/2023\/03\/PROGRAM-Brosur-V2-P1-1536x1086.jpg\" class=\"attachment-1536x1536 size-1536x1536 wp-image-2759\" alt=\"\" srcset=\"https:\/\/turkmia.net\/kongre2023\/wp-content\/uploads\/2023\/03\/PROGRAM-Brosur-V2-P1-1536x1086.jpg 1536w, https:\/\/turkmia.net\/kongre2023\/wp-content\/uploads\/2023\/03\/PROGRAM-Brosur-V2-P1-300x212.jpg 300w, https:\/\/turkmia.net\/kongre2023\/wp-content\/uploads\/2023\/03\/PROGRAM-Brosur-V2-P1-1024x724.jpg 1024w, https:\/\/turkmia.net\/kongre2023\/wp-content\/uploads\/2023\/03\/PROGRAM-Brosur-V2-P1-768x543.jpg 768w, https:\/\/turkmia.net\/kongre2023\/wp-content\/uploads\/2023\/03\/PROGRAM-Brosur-V2-P1-2048x1448.jpg 2048w\" sizes=\"100vw\" \/>\t\t\t\t\t\t\t\t\t\t\t\t\t\t\t<\/div>\n\t\t\t\t<\/div>\n\t\t\t\t\t<\/div>\n\t\t<\/div>\n\t\t\t\t\t<\/div>\n\t\t<\/section>\n\t\t\t\t<\/div>\n\t\t","protected":false},"excerpt":{"rendered":"<p>Kongre Program\u0131 Kongre program\u0131ndaki t\u00fcm etkinlikler&nbsp;\u0130zmir Ekonomi \u00dcniversitesi&nbsp;Bal\u00e7ova Kamp\u00fcs\u00fcndeki Konferans Salonunda ger\u00e7ekle\u015ftirilecektir. \u00d6\u011fle yemekleri, Konferans Salonunun bir alt kat\u0131ndaki \u00dcniversite Restoran\u0131nda sunulacakt\u0131r.&nbsp;&nbsp;<\/p>\n","protected":false},"author":1,"featured_media":0,"parent":0,"menu_order":0,"comment_status":"closed","ping_status":"closed","template":"elementor_header_footer","meta":{"footnotes":""},"class_list":["post-1079","page","type-page","status-publish","hentry"],"_links":{"self":[{"href":"https:\/\/turkmia.net\/kongre2023\/wp-json\/wp\/v2\/pages\/1079","targetHints":{"allow":["GET"]}}],"collection":[{"href":"https:\/\/turkmia.net\/kongre2023\/wp-json\/wp\/v2\/pages"}],"about":[{"href":"https:\/\/turkmia.net\/kongre2023\/wp-json\/wp\/v2\/types\/page"}],"author":[{"embeddable":true,"href":"https:\/\/turkmia.net\/kongre2023\/wp-json\/wp\/v2\/users\/1"}],"replies":[{"embeddable":true,"href":"https:\/\/turkmia.net\/kongre2023\/wp-json\/wp\/v2\/comments?post=1079"}],"version-history":[{"count":263,"href":"https:\/\/turkmia.net\/kongre2023\/wp-json\/wp\/v2\/pages\/1079\/revisions"}],"predecessor-version":[{"id":2831,"href":"https:\/\/turkmia.net\/kongre2023\/wp-json\/wp\/v2\/pages\/1079\/revisions\/2831"}],"wp:attachment":[{"href":"https:\/\/turkmia.net\/kongre2023\/wp-json\/wp\/v2\/media?parent=1079"}],"curies":[{"name":"wp","href":"https:\/\/api.w.org\/{rel}","templated":true}]}}