{"id":607,"date":"2020-12-01T17:54:49","date_gmt":"2020-12-01T17:54:49","guid":{"rendered":"https:\/\/turkmia.net\/kongre2021\/?page_id=607"},"modified":"2021-03-27T19:25:42","modified_gmt":"2021-03-27T19:25:42","slug":"anasayfa","status":"publish","type":"page","link":"https:\/\/turkmia.net\/kongre2021\/","title":{"rendered":"Anasayfa"},"content":{"rendered":"\t\t<div data-elementor-type=\"wp-post\" data-elementor-id=\"607\" class=\"elementor elementor-607\">\n\t\t\t\t\t\t<section class=\"elementor-section elementor-top-section elementor-element elementor-element-d7d8b56 elementor-section-boxed elementor-section-height-default elementor-section-height-default\" data-id=\"d7d8b56\" data-element_type=\"section\" data-e-type=\"section\" data-settings=\"{&quot;background_background&quot;:&quot;classic&quot;}\">\n\t\t\t\t\t\t\t<div class=\"elementor-background-overlay\"><\/div>\n\t\t\t\t\t\t\t<div class=\"elementor-container elementor-column-gap-default\">\n\t\t\t\t\t<div class=\"elementor-column elementor-col-33 elementor-top-column elementor-element elementor-element-b3d335b\" data-id=\"b3d335b\" data-element_type=\"column\" data-e-type=\"column\">\n\t\t\t<div class=\"elementor-widget-wrap\">\n\t\t\t\t\t\t\t<\/div>\n\t\t<\/div>\n\t\t\t\t<div class=\"elementor-column elementor-col-33 elementor-top-column elementor-element elementor-element-fd69444\" data-id=\"fd69444\" data-element_type=\"column\" data-e-type=\"column\">\n\t\t\t<div class=\"elementor-widget-wrap\">\n\t\t\t\t\t\t\t<\/div>\n\t\t<\/div>\n\t\t\t\t<div class=\"elementor-column elementor-col-33 elementor-top-column elementor-element elementor-element-674669b\" data-id=\"674669b\" data-element_type=\"column\" data-e-type=\"column\">\n\t\t\t<div class=\"elementor-widget-wrap\">\n\t\t\t\t\t\t\t<\/div>\n\t\t<\/div>\n\t\t\t\t\t<\/div>\n\t\t<\/section>\n\t\t\t\t<section class=\"elementor-section elementor-top-section elementor-element elementor-element-8bb7b50 elementor-section-boxed elementor-section-height-default elementor-section-height-default\" data-id=\"8bb7b50\" data-element_type=\"section\" data-e-type=\"section\">\n\t\t\t\t\t\t<div class=\"elementor-container elementor-column-gap-default\">\n\t\t\t\t\t<div class=\"elementor-column elementor-col-100 elementor-top-column elementor-element elementor-element-888769d\" data-id=\"888769d\" data-element_type=\"column\" data-e-type=\"column\">\n\t\t\t<div class=\"elementor-widget-wrap elementor-element-populated\">\n\t\t\t\t\t\t<div class=\"elementor-element elementor-element-1693cc3 elementor-cta--skin-cover elementor-cta--valign-top elementor-widget__width-initial elementor-absolute elementor-bg-transform elementor-bg-transform-zoom-in elementor-widget elementor-widget-call-to-action\" data-id=\"1693cc3\" data-element_type=\"widget\" data-e-type=\"widget\" data-settings=\"{&quot;_position&quot;:&quot;absolute&quot;}\" data-widget_type=\"call-to-action.default\">\n\t\t\t\t<div class=\"elementor-widget-container\">\n\t\t\t\t\t\t\t<a href=\"https:\/\/www.youtube.com\/channel\/UCdGJ6mO3HAdra37-ANIBH7Q\/videos?view=57\" class=\"elementor-cta\">\n\t\t\t\t\t<div class=\"elementor-cta__bg-wrapper\">\n\t\t\t\t<div class=\"elementor-cta__bg elementor-bg\" style=\"background-image: url();\"><\/div>\n\t\t\t\t<div class=\"elementor-cta__bg-overlay\"><\/div>\n\t\t\t<\/div>\n\t\t\t\t\t\t\t<div class=\"elementor-cta__content\">\n\t\t\t\t\t\t\t\t\t<div class=\"elementor-content-item elementor-cta__content-item elementor-icon-wrapper elementor-cta__icon elementor-view-default\">\n\t\t\t\t\t\t<div class=\"elementor-icon\">\n\t\t\t\t\t\t\t<i aria-hidden=\"true\" class=\"fab fa-youtube\"><\/i>\t\t\t\t\t\t<\/div>\n\t\t\t\t\t<\/div>\n\t\t\t\t\n\t\t\t\t\t\t\t\t\t<div class=\"elementor-cta__title elementor-cta__content-item elementor-content-item\">\n\t\t\t\t\t\tKongreyi izlemek i\u00e7in buray\u0131 t\u0131klat\u0131n\t\t\t\t\t<\/div>\n\t\t\t\t\n\t\t\t\t\n\t\t\t\t\t\t\t<\/div>\n\t\t\t\t\t\t<\/a>\n\t\t\t\t\t\t<\/div>\n\t\t\t\t<\/div>\n\t\t\t\t<div class=\"elementor-element elementor-element-0647e20 elementor-widget elementor-widget-heading\" data-id=\"0647e20\" data-element_type=\"widget\" data-e-type=\"widget\" data-widget_type=\"heading.default\">\n\t\t\t\t<div class=\"elementor-widget-container\">\n\t\t\t\t\t<h2 class=\"elementor-heading-title elementor-size-default\"><h2 data-elementor-setting-key=\"title\" data-pen-placeholder=\"Type Here...\" style=\"font-style: normal\">DAVET<\/h2><\/h2>\t\t\t\t<\/div>\n\t\t\t\t<\/div>\n\t\t\t\t<div class=\"elementor-element elementor-element-dc051dd elementor-widget-divider--view-line elementor-widget elementor-widget-divider\" data-id=\"dc051dd\" data-element_type=\"widget\" data-e-type=\"widget\" data-widget_type=\"divider.default\">\n\t\t\t\t<div class=\"elementor-widget-container\">\n\t\t\t\t\t\t\t<div class=\"elementor-divider\">\n\t\t\t<span class=\"elementor-divider-separator\">\n\t\t\t\t\t\t<\/span>\n\t\t<\/div>\n\t\t\t\t\t\t<\/div>\n\t\t\t\t<\/div>\n\t\t\t\t<div class=\"elementor-element elementor-element-e5f497e elementor-widget elementor-widget-text-editor\" data-id=\"e5f497e\" data-element_type=\"widget\" data-e-type=\"widget\" data-widget_type=\"text-editor.default\">\n\t\t\t\t<div class=\"elementor-widget-container\">\n\t\t\t\t\t\t\t\t\t<p><span style=\"font-size: 12pt;\">Sevgili Meslekta\u015flar\u0131m,<\/span><\/p>\n<p><span lang=\"tr\" style=\"font-size: 12.0pt; line-height: 107%; mso-ansi-language: #001F;\">\u0130\u00e7inden ge\u00e7ti\u011fimiz bu salg\u0131n d\u00f6nemde \u00f6nemi bir kez daha ortaya \u00e7\u0131kan t\u0131bbi bili\u015fimdeki yeni geli\u015fmeleri tart\u0131\u015fmaya ve her y\u0131l artan bir ilgiyle beklenen kongremizde bu y\u0131l online olarak birlikte olmaya karar verdik. <\/span><\/p>\n<p><span lang=\"tr\" style=\"font-size: 12.0pt; line-height: 107%; mso-ansi-language: #001F;\">13. T\u00fcrk T\u0131p Bili\u015fimi Kongresi 24-27 Mart 2021 tarihleri aras\u0131nda online olarak yap\u0131lacakt\u0131r. Ana temas\u0131 &#8220;<b>TELETIP<\/b>&#8221; olan kongremizde Pandemide Bili\u015fim, Sa\u011fl\u0131kta 5G, Sa\u011fl\u0131kta Yapay Zeka, Sa\u011fl\u0131k E\u011fitiminde Bili\u015fim, Sa\u011fl\u0131k Biliminde Giri\u015fimcilik, Halk Sa\u011fl\u0131\u011f\u0131 Bili\u015fimi, Bili\u015fim Eti\u011fi ve Hukuku, Biyoinformatik, Sa\u011fl\u0131kta Sanal Ger\u00e7eklik, Gerontoloji Bili\u015fimi gibi konularda panel konferanslar ve bilimsel etkinlikler yer alacakt\u0131r. <\/span><\/p>\n<p><span lang=\"tr\" style=\"font-size: 12.0pt; line-height: 107%; mso-ansi-language: #001F;\">Kongremizin temel motivasyonlar\u0131 \u015funlard\u0131r:<\/span><\/p>\n<p><span lang=\"tr\" style=\"font-size: 12.0pt; line-height: 107%; mso-ansi-language: #001F;\">&#8211; T\u0131bbi bili\u015fim, sa\u011fl\u0131k bili\u015fimi, t\u0131p ve biyoinformatik gibi farkl\u0131 disiplinlerde \u00e7al\u0131\u015fan akademisyenleri, ara\u015ft\u0131rmac\u0131lar\u0131 ve uygulay\u0131c\u0131lar\u0131 bir araya getirmek.<\/span><\/p>\n<p><span lang=\"tr\" style=\"font-size: 12.0pt; line-height: 107%; mso-ansi-language: #001F;\">&#8211; Akademisyenleri ve teknoloji sekt\u00f6r\u00fc temsilcilerini ayn\u0131 \u00e7at\u0131 alt\u0131nda bar\u0131nd\u0131racak bir platform olu\u015fturmak.<\/span><\/p>\n<p><span lang=\"tr\" style=\"font-size: 12.0pt; line-height: 107%; mso-ansi-language: #001F;\">&#8211; \u00c7a\u011fda\u015f bili\u015fim ve biyoinformatik merkezli konularda ayr\u0131nt\u0131l\u0131 bir tart\u0131\u015fma yapmak.<\/span><\/p>\n<p><span lang=\"tr\" style=\"font-size: 12.0pt; line-height: 107%; mso-ansi-language: #001F;\">&#8211; Di\u011fer ilgili disiplinlerden gelen ara\u015ft\u0131rmac\u0131larla&nbsp; ara\u015ft\u0131rma a\u011f\u0131 kurma f\u0131rsat\u0131 sa\u011flamak.<\/span><\/p>\n<p><span lang=\"tr\" style=\"font-size: 12.0pt; line-height: 107%; mso-ansi-language: #001F;\">Kongreye bildiriler 8 \u015eubat 2021 tarihine kadar kongre web sitemizin&nbsp;<a href=\"https:\/\/turkmia.net\/kongre2021\/bildiri_gonderimi\/\" target=\"_blank\">Bildiri G\u00f6nderme<\/a>&nbsp;linki ile g\u00f6nderilebilir. T\u0131p Bili\u015fimi Derne\u011fi Y\u00f6netim Kurulu olarak sizi bu \u00f6nemli toplant\u0131ya davet etmekten b\u00fcy\u00fck onur duyuyoruz. Katk\u0131lar\u0131n\u0131zla de\u011fer kazanacak kongremizde bir araya gelmeyi umuyoruz.<\/span><\/p>\n<p><span lang=\"tr\" style=\"font-size: 12.0pt; line-height: 107%; mso-ansi-language: #001F;\"><i>Prof. Dr. O\u011fuz Dicle , T\u0131bbi Bili\u015fim Derne\u011fi Ba\u015fkan\u0131<\/i><\/span><\/p>\n<p><span style=\"font-size: 12.0pt; line-height: 107%; mso-bidi-font-family: Calibri; mso-bidi-theme-font: minor-latin; mso-ansi-language: EN-US;\">&nbsp;<\/span><\/p>\n<p><span style=\"font-size: 12pt;\">Dear Colleagues,<\/span><\/p>\n<p><span lang=\"EN\" style=\"font-size: 12.0pt; line-height: 107%; mso-ansi-language: EN;\">During this pandemic period, we decided to discuss new developments in medical informatics, whose importance has emerged once again, and to organize our congress online this year, which is expected with increasing interest every year.<\/span><\/p>\n<p><span lang=\"EN\" style=\"font-size: 12.0pt; line-height: 107%; mso-ansi-language: EN;\">The 13th Turkish Medical Informatics Congress will be held online between 24-27 March 2021. Our congress, whose main theme is &#8220;TELEMEDICINE&#8221;, will include panel conferences and scientific activities on topics such as Pandemic Informatics, 5G in Health, Artificial Intelligence in Health, Knowledge in Health Education, Entrepreneurship in Health Science, Public Health Informatics, Information Ethics and Law, Bioinformatics, Virtual Reality in Health, Gerontology Informatics. <\/span><\/p>\n<p><span lang=\"EN\" style=\"font-size: 12.0pt; line-height: 107%; mso-ansi-language: EN;\">The main motivations of our congress are:<\/span><\/p>\n<p><span lang=\"EN\" style=\"font-size: 12.0pt; line-height: 107%; mso-ansi-language: EN;\">&#8211; To bring together academicians, researchers and practitioners working in different disciplines such as medical informatics, health informatics, medicine and bioinformatics.<\/span><\/p>\n<p><span lang=\"EN\" style=\"font-size: 12.0pt; line-height: 107%; mso-ansi-language: EN;\">&#8211; To create a platform to accommodate academicians and technology sector representatives under the same roof.<\/span><\/p>\n<p><span lang=\"EN\" style=\"font-size: 12.0pt; line-height: 107%; mso-ansi-language: EN;\">&#8211; To have a detailed discussion on contemporary informatics and bioinformatics-centric topics.<\/span><\/p>\n<p><span lang=\"EN\" style=\"font-size: 12.0pt; line-height: 107%; mso-ansi-language: EN;\">&#8211; Providing the opportunity to provide network networking with researchers from other relevant disciplines.<\/span><\/p>\n<p><span lang=\"EN\" style=\"font-size: 12.0pt; line-height: 107%; mso-ansi-language: EN;\">Papers to the congress can be submitted to the congress until January 30, 2021 with the related&nbsp;<a href=\"https:\/\/turkmia.net\/kongre2021\/bildiri_gonderimi\/\" target=\"_blank\">link&nbsp;<\/a>at our congress website. <\/span><\/p>\n<p><span lang=\"EN\" style=\"font-size: 12.0pt; line-height: 107%; mso-ansi-language: EN;\">On behalf of Board of Directors of the Medical Informatics Association, we are very honored to invite you to this important meeting. &nbsp;We hope to come together at our congress, which will be valued by your contributions.<\/span><\/p>\n<p><span lang=\"EN\" style=\"font-size: 12.0pt; line-height: 107%; mso-ansi-language: EN;\"><i>Prof. Dr. Oguz Dicle, President of Medical Informatics Association<\/i><\/span><\/p>\t\t\t\t\t\t\t\t<\/div>\n\t\t\t\t<\/div>\n\t\t\t\t\t<\/div>\n\t\t<\/div>\n\t\t\t\t\t<\/div>\n\t\t<\/section>\n\t\t\t\t<\/div>\n\t\t","protected":false},"excerpt":{"rendered":"<p>Kongreyi izlemek i\u00e7in buray\u0131 t\u0131klat\u0131n DAVET Sevgili Meslekta\u015flar\u0131m, \u0130\u00e7inden ge\u00e7ti\u011fimiz bu salg\u0131n d\u00f6nemde \u00f6nemi bir kez daha ortaya \u00e7\u0131kan t\u0131bbi bili\u015fimdeki yeni geli\u015fmeleri tart\u0131\u015fmaya ve her y\u0131l artan bir ilgiyle beklenen kongremizde bu y\u0131l online olarak birlikte olmaya karar verdik. 13. T\u00fcrk T\u0131p Bili\u015fimi Kongresi 24-27 Mart 2021 tarihleri aras\u0131nda online olarak yap\u0131lacakt\u0131r. Ana temas\u0131 [&hellip;]<\/p>\n","protected":false},"author":1,"featured_media":0,"parent":0,"menu_order":0,"comment_status":"closed","ping_status":"closed","template":"elementor_header_footer","meta":{"site-sidebar-layout":"no-sidebar","site-content-layout":"page-builder","ast-site-content-layout":"default","site-content-style":"default","site-sidebar-style":"default","ast-global-header-display":"","ast-banner-title-visibility":"","ast-main-header-display":"","ast-hfb-above-header-display":"","ast-hfb-below-header-display":"","ast-hfb-mobile-header-display":"","site-post-title":"","ast-breadcrumbs-content":"","ast-featured-img":"","footer-sml-layout":"","ast-disable-related-posts":"","theme-transparent-header-meta":"enabled","adv-header-id-meta":"","stick-header-meta":"","header-above-stick-meta":"","header-main-stick-meta":"","header-below-stick-meta":"","astra-migrate-meta-layouts":"default","ast-page-background-enabled":"default","ast-page-background-meta":{"desktop":{"background-color":"","background-image":"","background-repeat":"repeat","background-position":"center center","background-size":"auto","background-attachment":"scroll","background-type":"","background-media":"","overlay-type":"","overlay-color":"","overlay-opacity":"","overlay-gradient":""},"tablet":{"background-color":"","background-image":"","background-repeat":"repeat","background-position":"center center","background-size":"auto","background-attachment":"scroll","background-type":"","background-media":"","overlay-type":"","overlay-color":"","overlay-opacity":"","overlay-gradient":""},"mobile":{"background-color":"","background-image":"","background-repeat":"repeat","background-position":"center center","background-size":"auto","background-attachment":"scroll","background-type":"","background-media":"","overlay-type":"","overlay-color":"","overlay-opacity":"","overlay-gradient":""}},"ast-content-background-meta":{"desktop":{"background-color":"var(--ast-global-color-5)","background-image":"","background-repeat":"repeat","background-position":"center center","background-size":"auto","background-attachment":"scroll","background-type":"","background-media":"","overlay-type":"","overlay-color":"","overlay-opacity":"","overlay-gradient":""},"tablet":{"background-color":"var(--ast-global-color-5)","background-image":"","background-repeat":"repeat","background-position":"center center","background-size":"auto","background-attachment":"scroll","background-type":"","background-media":"","overlay-type":"","overlay-color":"","overlay-opacity":"","overlay-gradient":""},"mobile":{"background-color":"var(--ast-global-color-5)","background-image":"","background-repeat":"repeat","background-position":"center center","background-size":"auto","background-attachment":"scroll","background-type":"","background-media":"","overlay-type":"","overlay-color":"","overlay-opacity":"","overlay-gradient":""}},"footnotes":""},"class_list":["post-607","page","type-page","status-publish","hentry"],"_links":{"self":[{"href":"https:\/\/turkmia.net\/kongre2021\/wp-json\/wp\/v2\/pages\/607","targetHints":{"allow":["GET"]}}],"collection":[{"href":"https:\/\/turkmia.net\/kongre2021\/wp-json\/wp\/v2\/pages"}],"about":[{"href":"https:\/\/turkmia.net\/kongre2021\/wp-json\/wp\/v2\/types\/page"}],"author":[{"embeddable":true,"href":"https:\/\/turkmia.net\/kongre2021\/wp-json\/wp\/v2\/users\/1"}],"replies":[{"embeddable":true,"href":"https:\/\/turkmia.net\/kongre2021\/wp-json\/wp\/v2\/comments?post=607"}],"version-history":[{"count":149,"href":"https:\/\/turkmia.net\/kongre2021\/wp-json\/wp\/v2\/pages\/607\/revisions"}],"predecessor-version":[{"id":1423,"href":"https:\/\/turkmia.net\/kongre2021\/wp-json\/wp\/v2\/pages\/607\/revisions\/1423"}],"wp:attachment":[{"href":"https:\/\/turkmia.net\/kongre2021\/wp-json\/wp\/v2\/media?parent=607"}],"curies":[{"name":"wp","href":"https:\/\/api.w.org\/{rel}","templated":true}]}}