{"id":512,"date":"2018-11-27T09:17:42","date_gmt":"2018-11-27T09:17:42","guid":{"rendered":"https:\/\/turkmia.net\/kongre2021\/index.php\/projects\/"},"modified":"2021-03-21T09:10:25","modified_gmt":"2021-03-21T09:10:25","slug":"kurullar","status":"publish","type":"page","link":"https:\/\/turkmia.net\/kongre2021\/kurullar\/","title":{"rendered":"Kurullar"},"content":{"rendered":"\t\t<div data-elementor-type=\"wp-post\" data-elementor-id=\"512\" class=\"elementor elementor-512\">\n\t\t\t\t\t\t<section class=\"elementor-section elementor-top-section elementor-element elementor-element-7ac9ca5 elementor-section-boxed elementor-section-height-default elementor-section-height-default\" data-id=\"7ac9ca5\" data-element_type=\"section\" data-e-type=\"section\" data-settings=\"{&quot;background_background&quot;:&quot;classic&quot;}\">\n\t\t\t\t\t\t\t<div class=\"elementor-background-overlay\"><\/div>\n\t\t\t\t\t\t\t<div class=\"elementor-container elementor-column-gap-default\">\n\t\t\t\t\t<div class=\"elementor-column elementor-col-33 elementor-top-column elementor-element elementor-element-fc40e94\" data-id=\"fc40e94\" data-element_type=\"column\" data-e-type=\"column\">\n\t\t\t<div class=\"elementor-widget-wrap\">\n\t\t\t\t\t\t\t<\/div>\n\t\t<\/div>\n\t\t\t\t<div class=\"elementor-column elementor-col-33 elementor-top-column elementor-element elementor-element-90988fe\" data-id=\"90988fe\" data-element_type=\"column\" data-e-type=\"column\">\n\t\t\t<div class=\"elementor-widget-wrap\">\n\t\t\t\t\t\t\t<\/div>\n\t\t<\/div>\n\t\t\t\t<div class=\"elementor-column elementor-col-33 elementor-top-column elementor-element elementor-element-919f5c1\" data-id=\"919f5c1\" data-element_type=\"column\" data-e-type=\"column\">\n\t\t\t<div class=\"elementor-widget-wrap\">\n\t\t\t\t\t\t\t<\/div>\n\t\t<\/div>\n\t\t\t\t\t<\/div>\n\t\t<\/section>\n\t\t\t\t<section class=\"elementor-section elementor-top-section elementor-element elementor-element-0b90937 elementor-section-boxed elementor-section-height-default elementor-section-height-default\" data-id=\"0b90937\" data-element_type=\"section\" data-e-type=\"section\">\n\t\t\t\t\t\t<div class=\"elementor-container elementor-column-gap-default\">\n\t\t\t\t\t<div class=\"elementor-column elementor-col-100 elementor-top-column elementor-element elementor-element-2edc3bf\" data-id=\"2edc3bf\" data-element_type=\"column\" data-e-type=\"column\">\n\t\t\t<div class=\"elementor-widget-wrap elementor-element-populated\">\n\t\t\t\t\t\t<div class=\"elementor-element elementor-element-b9c26c7 elementor-widget elementor-widget-heading\" data-id=\"b9c26c7\" data-element_type=\"widget\" data-e-type=\"widget\" data-widget_type=\"heading.default\">\n\t\t\t\t<div class=\"elementor-widget-container\">\n\t\t\t\t\t<h2 class=\"elementor-heading-title elementor-size-default\">organizasyon<\/h2>\t\t\t\t<\/div>\n\t\t\t\t<\/div>\n\t\t\t\t<div class=\"elementor-element elementor-element-f6e1a5f elementor-widget-divider--view-line elementor-widget elementor-widget-divider\" data-id=\"f6e1a5f\" data-element_type=\"widget\" data-e-type=\"widget\" data-widget_type=\"divider.default\">\n\t\t\t\t<div class=\"elementor-widget-container\">\n\t\t\t\t\t\t\t<div class=\"elementor-divider\">\n\t\t\t<span class=\"elementor-divider-separator\">\n\t\t\t\t\t\t<\/span>\n\t\t<\/div>\n\t\t\t\t\t\t<\/div>\n\t\t\t\t<\/div>\n\t\t\t\t<div class=\"elementor-element elementor-element-ac174f1 elementor-widget elementor-widget-text-editor\" data-id=\"ac174f1\" data-element_type=\"widget\" data-e-type=\"widget\" data-widget_type=\"text-editor.default\">\n\t\t\t\t<div class=\"elementor-widget-container\">\n\t\t\t\t\t\t\t\t\t<h3>Kongre Ba\u015fkan\u0131<\/h3><p>O\u011fuz Dicle, <i>Dokuz Eyl\u00fcl \u00dcniversitesi<\/i><\/p><h3>D\u00fczenleme Komitesi<\/h3><p>Adil Alpko\u00e7ak, <i>Dokuz Eyl\u00fcl \u00dcniversitesi<br \/><\/i>G\u00f6khan Karak\u00fclah, <i>Dokuz Eyl\u00fcl \u00dcniversitesi<br \/><\/i>Mustafa \u00d6zmen, <i>Hacettepe \u00dcniversitesi<br \/><\/i>Nese Zayim, <i>Akdeniz \u00dcniversitesi<br \/><\/i>O\u011fuz Dicle, <i>Dokuz Eyl\u00fcl \u00dcniversitesi<br \/><\/i>Utku \u015eenol, <i>Akdeniz \u00dcniversitesi<br \/><\/i>Ye\u015fim Ayd\u0131n Son,\u00a0<i>Ortado\u011fu Teknik \u00dcniversitesi<\/i><\/p><h3><span style=\"color: #222222; font-family: Montserrat, sans-serif; font-size: 1.25rem;\">Bilimsel Komite<\/span><\/h3><p>Adil Alpko\u00e7ak,<i> Dokuz Eyl\u00fcl \u00dcniversitesi (Ba\u015fkan)<br \/><\/i>Afsun Ezel T\u00fcrkmen Esato\u011flu, <em>Ankara \u00dcniversitesi\u00a0<\/em><br \/>Ahmet Yard\u0131mc\u0131, <i>Akdeniz \u00dcniversitesi<\/i><br \/>Akif Muhtar \u00d6zt\u00fcrk, <i>Gazi \u00dcniversitesi<br \/><\/i>Ali Y\u0131lmaz, <em>K\u0131r\u0131kkale \u00dcniversitesi\u00a0<\/em><br \/>Asl\u0131 Suner Karak\u00fclah, <em>Ege \u00dcniversitesi<\/em><br \/><i><\/i>Ebru Ak\u00e7ap\u0131nar Sezer,<i> Hacettepe \u00dcniversitesi<br \/><\/i>G\u00f6khan Karak\u00fclah<i>, Dokuz Eyl\u00fcl \u00dcniversitesi<br \/><\/i>Kemal Hakan G\u00fclkesen, <i>Akdeniz \u00dcniversitesi<\/i><br \/>Kemal Turhan, <i>Karadeniz Teknik \u00dcniversitesi<br \/><\/i>Leman Tokmak, <em>Ondokuz May\u0131s \u00dcniversitesi \u00a0\u00a0<\/em><br \/>Mehmet Ali Erg\u00fcn, <i>Gazi \u00dcniversitesi<br \/><\/i>Menderes Tarcan, Osmangazi \u00dcniversitesi<br \/>Mustafa \u0130lhan, <i>Gazi \u00dcniversitesi<\/i><br \/>Mustafa \u00d6zmen, <i>Hacettepe \u00dcniversitesi<\/i><br \/>O\u011fuz Dicle, <i>Dokuz Eyl\u00fcl \u00dcniversitesi<br \/><\/i>O\u011fuz Dikenelli, <em>Ege \u00dcniversitesi<\/em><br \/>Osman Saka, <i>Yak\u0131n Do\u011fu \u00dcniversity<br \/><\/i>Pembe Keskino\u011flu, <i>Dokuz Eyl\u00fcl \u00dcniversitesi<\/i><i><br \/><\/i>Timur K\u00f6se, <em>Ege \u00dcniversitesi<\/em><br \/>U\u011fur Bilge,<i> Akdeniz \u00dcniversitesi<\/i><br \/>Utku \u015eenol, <i>Akdeniz \u00dcniversitesi<\/i><br \/>Ye\u015fim Ayd\u0131n Son, <i>Ortado\u011fu Teknik \u00dcniversitesi<\/i><br \/>Y\u0131lmaz Kemal Y\u00fcce, <i>Alanya Alaattin Keykubat \u00dcniversitesi<\/i><br \/>Zerrin I\u015f\u0131k, <i>Dokuz Eyl\u00fcl \u00dcniversitesi\u00a0<\/i><\/p><h3>Teknik Ekip: Web ve Canl\u0131 Yay\u0131n\u00a0<\/h3><p>Alir\u0131za Ar\u0131ba\u015f, <em>Dokuz Eyl\u00fcl \u00dcniveristesi<\/em><span style=\"font-size: 16px; color: var( --e-global-color-secondary ); font-family: var( --e-global-typography-text-font-family ), Sans-serif;\"><br \/><\/span><span style=\"font-size: 16px; color: var( --e-global-color-secondary ); font-family: var( --e-global-typography-text-font-family ), Sans-serif;\">Fatih Dilma\u00e7, <\/span><i style=\"color: var( --e-global-color-secondary ); font-family: var( --e-global-typography-text-font-family ), Sans-serif;\">Dokuz Eyl\u00fcl \u00dcniversitesi<br \/><span style=\"font-size: 16px; color: var( --e-global-color-secondary ); font-family: var( --e-global-typography-text-font-family ), Sans-serif;\">Cansu Akdo\u011fan, <em>Akdeniz \u00dcniversitesi<\/em>\u00a0<\/span><br \/><\/i>Ozan Ak\u00e7ay, <em>Dokuz Eyl\u00fcl \u00dcniveristesi<\/em><span style=\"font-size: 16px; color: var( --e-global-color-secondary ); font-family: var( --e-global-typography-text-font-family ), Sans-serif;\"><br \/><\/span><\/p><p>\u00a0<\/p>\t\t\t\t\t\t\t\t<\/div>\n\t\t\t\t<\/div>\n\t\t\t\t\t<\/div>\n\t\t<\/div>\n\t\t\t\t\t<\/div>\n\t\t<\/section>\n\t\t\t\t<\/div>\n\t\t","protected":false},"excerpt":{"rendered":"<p>organizasyon Kongre Ba\u015fkan\u0131 O\u011fuz Dicle, Dokuz Eyl\u00fcl \u00dcniversitesi D\u00fczenleme Komitesi Adil Alpko\u00e7ak, Dokuz Eyl\u00fcl \u00dcniversitesiG\u00f6khan Karak\u00fclah, Dokuz Eyl\u00fcl \u00dcniversitesiMustafa \u00d6zmen, Hacettepe \u00dcniversitesiNese Zayim, Akdeniz \u00dcniversitesiO\u011fuz Dicle, Dokuz Eyl\u00fcl \u00dcniversitesiUtku \u015eenol, Akdeniz \u00dcniversitesiYe\u015fim Ayd\u0131n Son,\u00a0Ortado\u011fu Teknik \u00dcniversitesi Bilimsel Komite Adil Alpko\u00e7ak, Dokuz Eyl\u00fcl \u00dcniversitesi (Ba\u015fkan)Afsun Ezel T\u00fcrkmen Esato\u011flu, Ankara \u00dcniversitesi\u00a0Ahmet Yard\u0131mc\u0131, Akdeniz \u00dcniversitesiAkif Muhtar \u00d6zt\u00fcrk, Gazi [&hellip;]<\/p>\n","protected":false},"author":1,"featured_media":0,"parent":0,"menu_order":0,"comment_status":"closed","ping_status":"closed","template":"","meta":{"site-sidebar-layout":"no-sidebar","site-content-layout":"page-builder","ast-site-content-layout":"default","site-content-style":"default","site-sidebar-style":"default","ast-global-header-display":"","ast-banner-title-visibility":"","ast-main-header-display":"","ast-hfb-above-header-display":"","ast-hfb-below-header-display":"","ast-hfb-mobile-header-display":"","site-post-title":"disabled","ast-breadcrumbs-content":"","ast-featured-img":"disabled","footer-sml-layout":"","ast-disable-related-posts":"","theme-transparent-header-meta":"enabled","adv-header-id-meta":"","stick-header-meta":"","header-above-stick-meta":"","header-main-stick-meta":"","header-below-stick-meta":"","astra-migrate-meta-layouts":"default","ast-page-background-enabled":"default","ast-page-background-meta":{"desktop":{"background-color":"","background-image":"","background-repeat":"repeat","background-position":"center center","background-size":"auto","background-attachment":"scroll","background-type":"","background-media":"","overlay-type":"","overlay-color":"","overlay-opacity":"","overlay-gradient":""},"tablet":{"background-color":"","background-image":"","background-repeat":"repeat","background-position":"center center","background-size":"auto","background-attachment":"scroll","background-type":"","background-media":"","overlay-type":"","overlay-color":"","overlay-opacity":"","overlay-gradient":""},"mobile":{"background-color":"","background-image":"","background-repeat":"repeat","background-position":"center center","background-size":"auto","background-attachment":"scroll","background-type":"","background-media":"","overlay-type":"","overlay-color":"","overlay-opacity":"","overlay-gradient":""}},"ast-content-background-meta":{"desktop":{"background-color":"var(--ast-global-color-5)","background-image":"","background-repeat":"repeat","background-position":"center center","background-size":"auto","background-attachment":"scroll","background-type":"","background-media":"","overlay-type":"","overlay-color":"","overlay-opacity":"","overlay-gradient":""},"tablet":{"background-color":"var(--ast-global-color-5)","background-image":"","background-repeat":"repeat","background-position":"center center","background-size":"auto","background-attachment":"scroll","background-type":"","background-media":"","overlay-type":"","overlay-color":"","overlay-opacity":"","overlay-gradient":""},"mobile":{"background-color":"var(--ast-global-color-5)","background-image":"","background-repeat":"repeat","background-position":"center center","background-size":"auto","background-attachment":"scroll","background-type":"","background-media":"","overlay-type":"","overlay-color":"","overlay-opacity":"","overlay-gradient":""}},"footnotes":""},"class_list":["post-512","page","type-page","status-publish","hentry"],"_links":{"self":[{"href":"https:\/\/turkmia.net\/kongre2021\/wp-json\/wp\/v2\/pages\/512","targetHints":{"allow":["GET"]}}],"collection":[{"href":"https:\/\/turkmia.net\/kongre2021\/wp-json\/wp\/v2\/pages"}],"about":[{"href":"https:\/\/turkmia.net\/kongre2021\/wp-json\/wp\/v2\/types\/page"}],"author":[{"embeddable":true,"href":"https:\/\/turkmia.net\/kongre2021\/wp-json\/wp\/v2\/users\/1"}],"replies":[{"embeddable":true,"href":"https:\/\/turkmia.net\/kongre2021\/wp-json\/wp\/v2\/comments?post=512"}],"version-history":[{"count":103,"href":"https:\/\/turkmia.net\/kongre2021\/wp-json\/wp\/v2\/pages\/512\/revisions"}],"predecessor-version":[{"id":1317,"href":"https:\/\/turkmia.net\/kongre2021\/wp-json\/wp\/v2\/pages\/512\/revisions\/1317"}],"wp:attachment":[{"href":"https:\/\/turkmia.net\/kongre2021\/wp-json\/wp\/v2\/media?parent=512"}],"curies":[{"name":"wp","href":"https:\/\/api.w.org\/{rel}","templated":true}]}}