{"id":510,"date":"2018-11-27T09:17:08","date_gmt":"2018-11-27T09:17:08","guid":{"rendered":"https:\/\/turkmia.net\/kongre2021\/index.php\/about\/"},"modified":"2021-03-27T19:24:32","modified_gmt":"2021-03-27T19:24:32","slug":"duyurular","status":"publish","type":"page","link":"https:\/\/turkmia.net\/kongre2021\/duyurular\/","title":{"rendered":"Duyurular"},"content":{"rendered":"\t\t<div data-elementor-type=\"wp-post\" data-elementor-id=\"510\" class=\"elementor elementor-510\">\n\t\t\t\t\t\t<section class=\"elementor-section elementor-top-section elementor-element elementor-element-d7d8b56 elementor-section-boxed elementor-section-height-default elementor-section-height-default\" data-id=\"d7d8b56\" data-element_type=\"section\" data-e-type=\"section\" data-settings=\"{&quot;background_background&quot;:&quot;classic&quot;}\">\n\t\t\t\t\t\t\t<div class=\"elementor-background-overlay\"><\/div>\n\t\t\t\t\t\t\t<div class=\"elementor-container elementor-column-gap-default\">\n\t\t\t\t\t<div class=\"elementor-column elementor-col-33 elementor-top-column elementor-element elementor-element-b3d335b\" data-id=\"b3d335b\" data-element_type=\"column\" data-e-type=\"column\">\n\t\t\t<div class=\"elementor-widget-wrap\">\n\t\t\t\t\t\t\t<\/div>\n\t\t<\/div>\n\t\t\t\t<div class=\"elementor-column elementor-col-33 elementor-top-column elementor-element elementor-element-fd69444\" data-id=\"fd69444\" data-element_type=\"column\" data-e-type=\"column\">\n\t\t\t<div class=\"elementor-widget-wrap\">\n\t\t\t\t\t\t\t<\/div>\n\t\t<\/div>\n\t\t\t\t<div class=\"elementor-column elementor-col-33 elementor-top-column elementor-element elementor-element-674669b\" data-id=\"674669b\" data-element_type=\"column\" data-e-type=\"column\">\n\t\t\t<div class=\"elementor-widget-wrap\">\n\t\t\t\t\t\t\t<\/div>\n\t\t<\/div>\n\t\t\t\t\t<\/div>\n\t\t<\/section>\n\t\t\t\t<section class=\"elementor-section elementor-top-section elementor-element elementor-element-8827299 elementor-section-boxed elementor-section-height-default elementor-section-height-default\" data-id=\"8827299\" data-element_type=\"section\" data-e-type=\"section\">\n\t\t\t\t\t\t<div class=\"elementor-container elementor-column-gap-default\">\n\t\t\t\t\t<div class=\"elementor-column elementor-col-100 elementor-top-column elementor-element elementor-element-38d5bef\" data-id=\"38d5bef\" data-element_type=\"column\" data-e-type=\"column\">\n\t\t\t<div class=\"elementor-widget-wrap elementor-element-populated\">\n\t\t\t\t\t\t<div class=\"elementor-element elementor-element-33e6950 elementor-widget elementor-widget-heading\" data-id=\"33e6950\" data-element_type=\"widget\" data-e-type=\"widget\" data-widget_type=\"heading.default\">\n\t\t\t\t<div class=\"elementor-widget-container\">\n\t\t\t\t\t<h2 class=\"elementor-heading-title elementor-size-default\">duyurular<\/h2>\t\t\t\t<\/div>\n\t\t\t\t<\/div>\n\t\t\t\t<div class=\"elementor-element elementor-element-7f6258e elementor-widget-divider--view-line elementor-widget elementor-widget-divider\" data-id=\"7f6258e\" data-element_type=\"widget\" data-e-type=\"widget\" data-widget_type=\"divider.default\">\n\t\t\t\t<div class=\"elementor-widget-container\">\n\t\t\t\t\t\t\t<div class=\"elementor-divider\">\n\t\t\t<span class=\"elementor-divider-separator\">\n\t\t\t\t\t\t<\/span>\n\t\t<\/div>\n\t\t\t\t\t\t<\/div>\n\t\t\t\t<\/div>\n\t\t\t\t\t<\/div>\n\t\t<\/div>\n\t\t\t\t\t<\/div>\n\t\t<\/section>\n\t\t\t\t<section class=\"elementor-section elementor-top-section elementor-element elementor-element-856970b elementor-section-boxed elementor-section-height-default elementor-section-height-default\" data-id=\"856970b\" data-element_type=\"section\" data-e-type=\"section\">\n\t\t\t\t\t\t<div class=\"elementor-container elementor-column-gap-default\">\n\t\t\t\t\t<div class=\"elementor-column elementor-col-33 elementor-top-column elementor-element elementor-element-ef862c0\" data-id=\"ef862c0\" data-element_type=\"column\" data-e-type=\"column\">\n\t\t\t<div class=\"elementor-widget-wrap elementor-element-populated\">\n\t\t\t\t\t\t<div class=\"elementor-element elementor-element-dc97dfc elementor-widget elementor-widget-image\" data-id=\"dc97dfc\" data-element_type=\"widget\" data-e-type=\"widget\" data-widget_type=\"image.default\">\n\t\t\t\t<div class=\"elementor-widget-container\">\n\t\t\t\t\t\t\t\t\t\t\t\t\t\t\t\t<a href=\"https:\/\/turkmia.net\/youtube\">\n\t\t\t\t\t\t\t<img fetchpriority=\"high\" decoding=\"async\" width=\"768\" height=\"432\" src=\"https:\/\/turkmia.net\/kongre2021\/wp-content\/uploads\/2021\/03\/YouTube-Channel-Banner-768x432.png\" class=\"attachment-medium_large size-medium_large wp-image-1405\" alt=\"\" srcset=\"https:\/\/turkmia.net\/kongre2021\/wp-content\/uploads\/2021\/03\/YouTube-Channel-Banner-768x432.png 768w, https:\/\/turkmia.net\/kongre2021\/wp-content\/uploads\/2021\/03\/YouTube-Channel-Banner-300x169.png 300w, https:\/\/turkmia.net\/kongre2021\/wp-content\/uploads\/2021\/03\/YouTube-Channel-Banner-1024x576.png 1024w, https:\/\/turkmia.net\/kongre2021\/wp-content\/uploads\/2021\/03\/YouTube-Channel-Banner-1536x864.png 1536w, https:\/\/turkmia.net\/kongre2021\/wp-content\/uploads\/2021\/03\/YouTube-Channel-Banner.png 2048w\" sizes=\"(max-width: 768px) 100vw, 768px\" \/>\t\t\t\t\t\t\t\t<\/a>\n\t\t\t\t\t\t\t\t\t\t\t\t\t\t\t<\/div>\n\t\t\t\t<\/div>\n\t\t\t\t<div class=\"elementor-element elementor-element-0dac663 elementor-widget elementor-widget-heading\" data-id=\"0dac663\" data-element_type=\"widget\" data-e-type=\"widget\" data-widget_type=\"heading.default\">\n\t\t\t\t<div class=\"elementor-widget-container\">\n\t\t\t\t\t<h4 class=\"elementor-heading-title elementor-size-default\">Ertelenen oturum<\/h4>\t\t\t\t<\/div>\n\t\t\t\t<\/div>\n\t\t\t\t<div class=\"elementor-element elementor-element-5625998 elementor-widget elementor-widget-text-editor\" data-id=\"5625998\" data-element_type=\"widget\" data-e-type=\"widget\" data-widget_type=\"text-editor.default\">\n\t\t\t\t<div class=\"elementor-widget-container\">\n\t\t\t\t\t\t\t\t\t<p>Konu\u015fmac\u0131m\u0131z Prof.Dr.Nevzat Kaya\u2019n\u0131n kongre kapsam\u0131ndaki ertelenen konferans\u0131 31.03.2021 \u00c7ar\u015famba g\u00fcn\u00fc 20.30&#8217;da ger\u00e7ekle\u015ftirilecektir. Yay\u0131n\u0131m\u0131z\u0131 <a href=\"https:\/\/turkmia.net\/youtube\">turkmia.net\/youtube<\/a> adresinden izleyebilirsiniz.<\/p>\t\t\t\t\t\t\t\t<\/div>\n\t\t\t\t<\/div>\n\t\t\t\t\t<\/div>\n\t\t<\/div>\n\t\t\t\t<div class=\"elementor-column elementor-col-33 elementor-top-column elementor-element elementor-element-e091711\" data-id=\"e091711\" data-element_type=\"column\" data-e-type=\"column\">\n\t\t\t<div class=\"elementor-widget-wrap elementor-element-populated\">\n\t\t\t\t\t\t<div class=\"elementor-element elementor-element-46f4388 elementor-widget elementor-widget-image\" data-id=\"46f4388\" data-element_type=\"widget\" data-e-type=\"widget\" data-widget_type=\"image.default\">\n\t\t\t\t<div class=\"elementor-widget-container\">\n\t\t\t\t\t\t\t\t\t\t\t\t\t\t\t<img decoding=\"async\" width=\"768\" height=\"443\" src=\"https:\/\/turkmia.net\/kongre2021\/wp-content\/uploads\/2021\/03\/takvim-768x443.jpg\" class=\"attachment-medium_large size-medium_large wp-image-1136\" alt=\"\" srcset=\"https:\/\/turkmia.net\/kongre2021\/wp-content\/uploads\/2021\/03\/takvim-768x443.jpg 768w, https:\/\/turkmia.net\/kongre2021\/wp-content\/uploads\/2021\/03\/takvim-300x173.jpg 300w, https:\/\/turkmia.net\/kongre2021\/wp-content\/uploads\/2021\/03\/takvim-1024x591.jpg 1024w, https:\/\/turkmia.net\/kongre2021\/wp-content\/uploads\/2021\/03\/takvim.jpg 1040w\" sizes=\"(max-width: 768px) 100vw, 768px\" \/>\t\t\t\t\t\t\t\t\t\t\t\t\t\t\t<\/div>\n\t\t\t\t<\/div>\n\t\t\t\t<div class=\"elementor-element elementor-element-c742a48 elementor-widget elementor-widget-heading\" data-id=\"c742a48\" data-element_type=\"widget\" data-e-type=\"widget\" data-widget_type=\"heading.default\">\n\t\t\t\t<div class=\"elementor-widget-container\">\n\t\t\t\t\t<h4 class=\"elementor-heading-title elementor-size-default\">\u00d6nemli Tarihler\n<\/h4>\t\t\t\t<\/div>\n\t\t\t\t<\/div>\n\t\t\t\t<div class=\"elementor-element elementor-element-4ced024 elementor-widget elementor-widget-text-editor\" data-id=\"4ced024\" data-element_type=\"widget\" data-e-type=\"widget\" data-widget_type=\"text-editor.default\">\n\t\t\t\t<div class=\"elementor-widget-container\">\n\t\t\t\t\t\t\t\t\t<table class=\"table\">\n<tbody style=\"box-sizing: inherit; font-size: 16px;\">\n<tr style=\"box-sizing: inherit; font-size: 16px; height: 27px;\">\n<td style=\"box-sizing: inherit; border-color: #d1d1d1; font-size: 16px; font-weight: normal; padding: 0.4375em; width: 330px; height: 27px;\"><span style=\"font-size: 16px; font-style: normal; font-weight: 400; color: #222222; font-family: 'Noto Sans', sans-serif;\">Bildiri g\u00f6nderme son tarihi&nbsp;<\/span><\/td>\n<td style=\"box-sizing: inherit; border-color: #d1d1d1; font-size: 16px; font-weight: normal; padding: 0.4375em; width: 701px; height: 27px;\"><span style=\"box-sizing: inherit; font-size: 12pt; color: #999999;\"><span style=\"box-sizing: inherit; font-size: 16px; color: #993300;\">8 \u015eubat 2021<\/span><\/span><\/td>\n<\/tr>\n<tr style=\"box-sizing: inherit; font-size: 16px; height: 54px;\">\n<td style=\"box-sizing: inherit; border-color: #d1d1d1; font-size: 16px; font-weight: normal; padding: 0.4375em; width: 330px; height: 54px;\"><span style=\"font-size: 16px; font-style: normal; font-weight: 400; color: #222222; font-family: 'Noto Sans', sans-serif;\">De\u011ferlendirme sonu\u00e7lar\u0131n\u0131n bildirilmesi<\/span><\/td>\n<td style=\"box-sizing: inherit; border-color: #d1d1d1; font-size: 16px; font-weight: normal; padding: 0.4375em; width: 701px; height: 54px;\"><span style=\"box-sizing: inherit; font-size: 12pt; color: #993300;\">01 Mart 2021&nbsp;<\/span><\/td>\n<\/tr>\n<tr style=\"box-sizing: inherit; font-size: 16px; height: 54px;\">\n<td style=\"box-sizing: inherit; border-color: #d1d1d1; font-size: 16px; font-weight: normal; padding: 0.4375em; width: 330px; height: 54px;\">\n<p style=\"font-size: 16px; font-style: normal; font-weight: 400; margin-bottom: 1.75em; color: #222222; font-family: 'Noto Sans', sans-serif;\">Bas\u0131ma haz\u0131r bildirilerin&nbsp;<span style=\"font-size: 16px; font-style: normal; font-weight: 400;\">son g\u00f6nderilme tarih<\/span><\/p>\n<\/td>\n<td style=\"box-sizing: inherit; border-color: #d1d1d1; font-size: 16px; font-weight: normal; padding: 0.4375em; width: 701px; height: 54px;\"><span style=\"box-sizing: inherit; font-size: 12pt; color: #993300;\">08 Mart 2021&nbsp;<\/span><\/td>\n<\/tr>\n<tr style=\"box-sizing: inherit; font-size: 16px; height: 20px;\">\n<td style=\"box-sizing: inherit; border-color: #d1d1d1; font-size: 16px; font-weight: normal; padding: 0.4375em; width: 330px; height: 27px;\"><span style=\"font-size: 16px; font-style: normal; font-weight: 400; color: #222222; font-family: 'Noto Sans', sans-serif;\">Kongre g\u00fcnleri<\/span><\/td>\n<td style=\"box-sizing: inherit; border-color: #d1d1d1; font-size: 16px; font-weight: normal; padding: 0.4375em; width: 701px; height: 27px;\">\n<p style=\"font-size: 16px; margin-bottom: 1.75em;\"><span style=\"box-sizing: inherit; font-size: 12pt; color: #993300;\">24 \u2013 27 Mart 2021<\/span><\/p>\n<\/td>\n<\/tr>\n<\/tbody>\n<\/table>\t\t\t\t\t\t\t\t<\/div>\n\t\t\t\t<\/div>\n\t\t\t\t\t<\/div>\n\t\t<\/div>\n\t\t\t\t<div class=\"elementor-column elementor-col-33 elementor-top-column elementor-element elementor-element-838ffd1\" data-id=\"838ffd1\" data-element_type=\"column\" data-e-type=\"column\">\n\t\t\t<div class=\"elementor-widget-wrap elementor-element-populated\">\n\t\t\t\t\t\t<div class=\"elementor-element elementor-element-84d195c elementor-widget elementor-widget-image\" data-id=\"84d195c\" data-element_type=\"widget\" data-e-type=\"widget\" data-widget_type=\"image.default\">\n\t\t\t\t<div class=\"elementor-widget-container\">\n\t\t\t\t\t\t\t\t\t\t\t\t\t\t\t<img decoding=\"async\" width=\"300\" height=\"225\" src=\"https:\/\/turkmia.net\/kongre2021\/wp-content\/uploads\/2020\/12\/kayit-300x225.jpg\" class=\"attachment-medium size-medium wp-image-971\" alt=\"\" srcset=\"https:\/\/turkmia.net\/kongre2021\/wp-content\/uploads\/2020\/12\/kayit-300x225.jpg 300w, https:\/\/turkmia.net\/kongre2021\/wp-content\/uploads\/2020\/12\/kayit-768x576.jpg 768w, https:\/\/turkmia.net\/kongre2021\/wp-content\/uploads\/2020\/12\/kayit.jpg 1024w\" sizes=\"(max-width: 300px) 100vw, 300px\" \/>\t\t\t\t\t\t\t\t\t\t\t\t\t\t\t<\/div>\n\t\t\t\t<\/div>\n\t\t\t\t<div class=\"elementor-element elementor-element-4d104e4 elementor-widget elementor-widget-heading\" data-id=\"4d104e4\" data-element_type=\"widget\" data-e-type=\"widget\" data-widget_type=\"heading.default\">\n\t\t\t\t<div class=\"elementor-widget-container\">\n\t\t\t\t\t<h4 class=\"elementor-heading-title elementor-size-default\">Kay\u0131t\n<\/h4>\t\t\t\t<\/div>\n\t\t\t\t<\/div>\n\t\t\t\t<div class=\"elementor-element elementor-element-e503042 elementor-widget elementor-widget-text-editor\" data-id=\"e503042\" data-element_type=\"widget\" data-e-type=\"widget\" data-widget_type=\"text-editor.default\">\n\t\t\t\t<div class=\"elementor-widget-container\">\n\t\t\t\t\t\t\t\t\t<p>Kay\u0131t i\u015fleminizi tamamlamak i\u00e7in buray\u0131 t\u0131klat\u0131n\u0131z.<\/p>\t\t\t\t\t\t\t\t<\/div>\n\t\t\t\t<\/div>\n\t\t\t\t\t<\/div>\n\t\t<\/div>\n\t\t\t\t\t<\/div>\n\t\t<\/section>\n\t\t\t\t<\/div>\n\t\t","protected":false},"excerpt":{"rendered":"<p>duyurular Ertelenen oturum Konu\u015fmac\u0131m\u0131z Prof.Dr.Nevzat Kaya\u2019n\u0131n kongre kapsam\u0131ndaki ertelenen konferans\u0131 31.03.2021 \u00c7ar\u015famba g\u00fcn\u00fc 20.30&#8217;da ger\u00e7ekle\u015ftirilecektir. Yay\u0131n\u0131m\u0131z\u0131 turkmia.net\/youtube adresinden izleyebilirsiniz. \u00d6nemli Tarihler Bildiri g\u00f6nderme son tarihi&nbsp; 8 \u015eubat 2021 De\u011ferlendirme sonu\u00e7lar\u0131n\u0131n bildirilmesi 01 Mart 2021&nbsp; Bas\u0131ma haz\u0131r bildirilerin&nbsp;son g\u00f6nderilme tarih 08 Mart 2021&nbsp; Kongre g\u00fcnleri 24 \u2013 27 Mart 2021 Kay\u0131t Kay\u0131t i\u015fleminizi tamamlamak i\u00e7in buray\u0131 [&hellip;]<\/p>\n","protected":false},"author":1,"featured_media":0,"parent":0,"menu_order":0,"comment_status":"closed","ping_status":"closed","template":"","meta":{"site-sidebar-layout":"no-sidebar","site-content-layout":"page-builder","ast-site-content-layout":"default","site-content-style":"default","site-sidebar-style":"default","ast-global-header-display":"","ast-banner-title-visibility":"","ast-main-header-display":"","ast-hfb-above-header-display":"","ast-hfb-below-header-display":"","ast-hfb-mobile-header-display":"","site-post-title":"disabled","ast-breadcrumbs-content":"","ast-featured-img":"disabled","footer-sml-layout":"","ast-disable-related-posts":"","theme-transparent-header-meta":"enabled","adv-header-id-meta":"","stick-header-meta":"","header-above-stick-meta":"","header-main-stick-meta":"","header-below-stick-meta":"","astra-migrate-meta-layouts":"default","ast-page-background-enabled":"default","ast-page-background-meta":{"desktop":{"background-color":"","background-image":"","background-repeat":"repeat","background-position":"center center","background-size":"auto","background-attachment":"scroll","background-type":"","background-media":"","overlay-type":"","overlay-color":"","overlay-opacity":"","overlay-gradient":""},"tablet":{"background-color":"","background-image":"","background-repeat":"repeat","background-position":"center center","background-size":"auto","background-attachment":"scroll","background-type":"","background-media":"","overlay-type":"","overlay-color":"","overlay-opacity":"","overlay-gradient":""},"mobile":{"background-color":"","background-image":"","background-repeat":"repeat","background-position":"center center","background-size":"auto","background-attachment":"scroll","background-type":"","background-media":"","overlay-type":"","overlay-color":"","overlay-opacity":"","overlay-gradient":""}},"ast-content-background-meta":{"desktop":{"background-color":"var(--ast-global-color-5)","background-image":"","background-repeat":"repeat","background-position":"center center","background-size":"auto","background-attachment":"scroll","background-type":"","background-media":"","overlay-type":"","overlay-color":"","overlay-opacity":"","overlay-gradient":""},"tablet":{"background-color":"var(--ast-global-color-5)","background-image":"","background-repeat":"repeat","background-position":"center center","background-size":"auto","background-attachment":"scroll","background-type":"","background-media":"","overlay-type":"","overlay-color":"","overlay-opacity":"","overlay-gradient":""},"mobile":{"background-color":"var(--ast-global-color-5)","background-image":"","background-repeat":"repeat","background-position":"center center","background-size":"auto","background-attachment":"scroll","background-type":"","background-media":"","overlay-type":"","overlay-color":"","overlay-opacity":"","overlay-gradient":""}},"footnotes":""},"class_list":["post-510","page","type-page","status-publish","hentry"],"_links":{"self":[{"href":"https:\/\/turkmia.net\/kongre2021\/wp-json\/wp\/v2\/pages\/510","targetHints":{"allow":["GET"]}}],"collection":[{"href":"https:\/\/turkmia.net\/kongre2021\/wp-json\/wp\/v2\/pages"}],"about":[{"href":"https:\/\/turkmia.net\/kongre2021\/wp-json\/wp\/v2\/types\/page"}],"author":[{"embeddable":true,"href":"https:\/\/turkmia.net\/kongre2021\/wp-json\/wp\/v2\/users\/1"}],"replies":[{"embeddable":true,"href":"https:\/\/turkmia.net\/kongre2021\/wp-json\/wp\/v2\/comments?post=510"}],"version-history":[{"count":93,"href":"https:\/\/turkmia.net\/kongre2021\/wp-json\/wp\/v2\/pages\/510\/revisions"}],"predecessor-version":[{"id":1420,"href":"https:\/\/turkmia.net\/kongre2021\/wp-json\/wp\/v2\/pages\/510\/revisions\/1420"}],"wp:attachment":[{"href":"https:\/\/turkmia.net\/kongre2021\/wp-json\/wp\/v2\/media?parent=510"}],"curies":[{"name":"wp","href":"https:\/\/api.w.org\/{rel}","templated":true}]}}