{"id":46,"date":"2019-07-04T07:42:07","date_gmt":"2019-07-04T07:42:07","guid":{"rendered":"https:\/\/turkmia.net\/kongre2019\/?page_id=46"},"modified":"2019-10-09T22:05:02","modified_gmt":"2019-10-09T19:05:02","slug":"kurullar","status":"publish","type":"page","link":"https:\/\/turkmia.net\/kongre2019\/kurullar\/","title":{"rendered":"Organizasyon"},"content":{"rendered":"<h4><strong>Kongre Ba\u015fkan\u0131<\/strong><\/h4>\n<p>O\u011fuz Dicle, <em>Dokuz Eyl\u00fcl \u00dcniversitesi<\/em><\/p>\n<h4><strong>D\u00fczenleme Komitesi<\/strong><\/h4>\n<p>Adil Alpko\u00e7ak, <em>Dokuz Eyl\u00fcl \u00dcniversitesi<\/em><br \/>\nG\u00f6khan Karak\u00fclah, <em>Dokuz Eyl\u00fcl \u00dcniversitesi<\/em><br \/>\nMustafa \u00d6zmen, <em>Hacettepe \u00dcniversitesi<\/em><br \/>\nNese Zayim,<em> Akdeniz \u00dcniversitesi<\/em><br \/>\nOguz Dicle, <em>Dokuz Eyl\u00fcl \u00dcniversitesi<\/em><br \/>\nUtku Senol, <em>Akdeniz \u00dcniversitesi<\/em><br \/>\nYesim Aydin Son, <em>ODT\u00dc<\/em><\/p>\n<h4><strong>Program Komitesi\u00a0<\/strong><\/h4>\n<p>Adil Alpko\u00e7ak,\u00a0<em>Dokuz Eyl\u00fcl \u00dcniversitesi<\/em> (Ba\u015fkan)<\/p>\n<p>Ahmet Yard\u0131mc\u0131,\u00a0<em>Akdeniz \u00dcniversitesi<br \/>\n<\/em>Akif Muhtar \u00d6zt\u00fcrk, <em>Gazi \u00dcniversitesi<\/em><br \/>\nKemal Hakan G\u00fclkesen,\u00a0<em>Akdeniz \u00dcniversitesi<br \/>\n<\/em>Kemal Turhan,\u00a0<em>Karadeniz Teknik \u00dcniversitesi<br \/>\n<\/em>Mehmet Ali Erg\u00fcn,<em> Gazi \u00dcniversitesi<br \/>\n<\/em>Mustafa \u0130lhan, <em>Gazi \u00dcniversitesi<\/em><br \/>\nMustafa \u00d6zmen, <em>Hacettepe \u00dcniversitesi<\/em><br \/>\nO\u011fuz Dicle,\u00a0<em>Dokuz Eyl\u00fcl \u00dcniversitesi<\/em><br \/>\nOsman Saka,\u00a0<em>Yak\u0131n Do\u011fu \u00dcniversity<\/em><br \/>\nSelen Bozkurt,\u00a0<em>Akdeniz \u00dcniversitesi<br \/>\n<\/em>U\u011fur Bilge, <em>Akdeniz \u00dcniversitesi<\/em><br \/>\nUtku \u015eenol, <em>Akdeniz \u00dcniversitesi<\/em><br \/>\nYesim Ayd\u0131n Son,\u00a0<em>Ortado\u011fu Teknik \u00dcniversitesi<\/em><br \/>\nYilmaz Kemal Y\u00fcce,\u00a0<em>Alanya Alaattin Keykubat \u00dcniversitesi<\/em><br \/>\nZerrin I\u015f\u0131k, <em>Dokuz Eyl\u00fcl \u00dcniversitesi<\/em><\/p>\n<h4><strong>Web ve Sosyal Medya \u00a0<\/strong><\/h4>\n<p>Alir\u0131za Ar\u0131ba\u015f, <em>Dokuz Eyl\u00fcl \u00dcniversitesi<\/em><\/p>\n","protected":false},"excerpt":{"rendered":"<p>Kongre Ba\u015fkan\u0131 O\u011fuz Dicle, Dokuz Eyl\u00fcl \u00dcniversitesi D\u00fczenleme Komitesi Adil Alpko\u00e7ak, Dokuz Eyl\u00fcl \u00dcniversitesi G\u00f6khan Karak\u00fclah, Dokuz Eyl\u00fcl \u00dcniversitesi Mustafa \u00d6zmen, Hacettepe [&hellip;]<\/p>\n","protected":false},"author":1,"featured_media":0,"parent":0,"menu_order":0,"comment_status":"closed","ping_status":"closed","template":"","meta":{"footnotes":""},"class_list":["post-46","page","type-page","status-publish","hentry"],"_links":{"self":[{"href":"https:\/\/turkmia.net\/kongre2019\/wp-json\/wp\/v2\/pages\/46","targetHints":{"allow":["GET"]}}],"collection":[{"href":"https:\/\/turkmia.net\/kongre2019\/wp-json\/wp\/v2\/pages"}],"about":[{"href":"https:\/\/turkmia.net\/kongre2019\/wp-json\/wp\/v2\/types\/page"}],"author":[{"embeddable":true,"href":"https:\/\/turkmia.net\/kongre2019\/wp-json\/wp\/v2\/users\/1"}],"replies":[{"embeddable":true,"href":"https:\/\/turkmia.net\/kongre2019\/wp-json\/wp\/v2\/comments?post=46"}],"version-history":[{"count":19,"href":"https:\/\/turkmia.net\/kongre2019\/wp-json\/wp\/v2\/pages\/46\/revisions"}],"predecessor-version":[{"id":579,"href":"https:\/\/turkmia.net\/kongre2019\/wp-json\/wp\/v2\/pages\/46\/revisions\/579"}],"wp:attachment":[{"href":"https:\/\/turkmia.net\/kongre2019\/wp-json\/wp\/v2\/media?parent=46"}],"curies":[{"name":"wp","href":"https:\/\/api.w.org\/{rel}","templated":true}]}}