{"id":40,"date":"2019-07-04T07:40:46","date_gmt":"2019-07-04T07:40:46","guid":{"rendered":"https:\/\/turkmia.net\/kongre2019\/?page_id=40"},"modified":"2019-10-30T15:21:30","modified_gmt":"2019-10-30T12:21:30","slug":"kayit","status":"publish","type":"page","link":"https:\/\/turkmia.net\/kongre2019\/kayit\/","title":{"rendered":"Kay\u0131t"},"content":{"rendered":"\t\t<div data-elementor-type=\"wp-post\" data-elementor-id=\"40\" class=\"elementor elementor-40\">\n\t\t\t\t\t\t<section class=\"elementor-section elementor-top-section elementor-element elementor-element-06537db elementor-section-boxed elementor-section-height-default elementor-section-height-default\" data-id=\"06537db\" data-element_type=\"section\" data-e-type=\"section\">\n\t\t\t\t\t\t<div class=\"elementor-container elementor-column-gap-default\">\n\t\t\t\t\t<div class=\"elementor-column elementor-col-100 elementor-top-column elementor-element elementor-element-e8ea90f\" data-id=\"e8ea90f\" data-element_type=\"column\" data-e-type=\"column\">\n\t\t\t<div class=\"elementor-widget-wrap elementor-element-populated\">\n\t\t\t\t\t\t<div class=\"elementor-element elementor-element-445bc35 elementor-widget elementor-widget-text-editor\" data-id=\"445bc35\" data-element_type=\"widget\" data-e-type=\"widget\" data-widget_type=\"text-editor.default\">\n\t\t\t\t<div class=\"elementor-widget-container\">\n\t\t\t\t\t\t\t\t\t<p>Kay\u0131t \u00fccreti 300 TL olan \u00f6demeyi yapt\u0131ktan sonra a\u015fa\u011f\u0131daki formu doldurarak kayd\u0131n\u0131z\u0131 tamamlayabilirsiniz.<\/p><p>Kay\u0131t hesap bilgileri:<br \/>Etiks Turizm Org.ve Paz.Hiz.Ltd. \u015eti.<br \/>Garanti Bankas\u0131 299\/G\u00f6ztepe \u015eubesi<br \/>Hesapno: 6299065<br \/>IBAN: TR55 0006 2000 2990 0006 2990 65<\/p>\t\t\t\t\t\t\t\t<\/div>\n\t\t\t\t<\/div>\n\t\t\t\t\t<\/div>\n\t\t<\/div>\n\t\t\t\t\t<\/div>\n\t\t<\/section>\n\t\t\t\t<main class=\"elementor-section elementor-top-section elementor-element elementor-element-bd4c5cf elementor-section-full_width elementor-section-content-top elementor-section-height-default elementor-section-height-default elementor-invisible\" data-id=\"bd4c5cf\" data-element_type=\"section\" data-e-type=\"section\" data-settings=\"{&quot;animation&quot;:&quot;fadeIn&quot;}\">\n\t\t\t\t\t\t<div class=\"elementor-container elementor-column-gap-no\">\n\t\t\t\t\t<div class=\"elementor-column elementor-col-100 elementor-top-column elementor-element elementor-element-b620b11\" data-id=\"b620b11\" data-element_type=\"column\" data-e-type=\"column\">\n\t\t\t<div class=\"elementor-widget-wrap elementor-element-populated\">\n\t\t\t\t\t\t<div class=\"elementor-element elementor-element-a7196f5 animated-fast elementor-invisible elementor-widget elementor-widget-shortcode\" data-id=\"a7196f5\" data-element_type=\"widget\" data-e-type=\"widget\" data-settings=\"{&quot;_animation&quot;:&quot;fadeIn&quot;}\" data-widget_type=\"shortcode.default\">\n\t\t\t\t<div class=\"elementor-widget-container\">\n\t\t\t\t\t\t\t<div class=\"elementor-shortcode\">\n<div class=\"wpcf7 no-js\" id=\"wpcf7-f614-o1\" lang=\"tr-TR\" dir=\"ltr\" data-wpcf7-id=\"614\">\n<div class=\"screen-reader-response\"><p role=\"status\" aria-live=\"polite\" aria-atomic=\"true\"><\/p> <ul><\/ul><\/div>\n<form action=\"\/kongre2019\/wp-json\/wp\/v2\/pages\/40#wpcf7-f614-o1\" method=\"post\" class=\"wpcf7-form init\" aria-label=\"\u0130leti\u015fim Formu\" enctype=\"multipart\/form-data\" novalidate=\"novalidate\" data-status=\"init\">\n<fieldset class=\"hidden-fields-container\"><input type=\"hidden\" name=\"_wpcf7\" value=\"614\" \/><input type=\"hidden\" name=\"_wpcf7_version\" value=\"6.1.5\" \/><input type=\"hidden\" name=\"_wpcf7_locale\" value=\"tr_TR\" \/><input type=\"hidden\" name=\"_wpcf7_unit_tag\" value=\"wpcf7-f614-o1\" \/><input type=\"hidden\" name=\"_wpcf7_container_post\" value=\"0\" \/><input type=\"hidden\" name=\"_wpcf7_posted_data_hash\" value=\"\" \/>\n<\/fieldset>\n<p>Ad\u0131 Soyad\u0131<br \/>\n<span class=\"wpcf7-form-control-wrap\" data-name=\"your-name-surname\"><input size=\"40\" maxlength=\"400\" class=\"wpcf7-form-control wpcf7-text wpcf7-validates-as-required\" aria-required=\"true\" aria-invalid=\"false\" value=\"\" type=\"text\" name=\"your-name-surname\" \/><\/span>\n<\/p>\n<p>Kurum\/Firma Ad\u0131<br \/>\n<span class=\"wpcf7-form-control-wrap\" data-name=\"your-instutition\"><input size=\"40\" maxlength=\"400\" class=\"wpcf7-form-control wpcf7-text wpcf7-validates-as-required\" aria-required=\"true\" aria-invalid=\"false\" value=\"\" type=\"text\" name=\"your-instutition\" \/><\/span>\n<\/p>\n<p>Telefon<br \/>\n<span class=\"wpcf7-form-control-wrap\" data-name=\"your-phone\"><input size=\"40\" maxlength=\"400\" class=\"wpcf7-form-control wpcf7-text wpcf7-validates-as-required\" aria-required=\"true\" aria-invalid=\"false\" value=\"\" type=\"text\" name=\"your-phone\" \/><\/span>\n<\/p>\n<p>E-posta Adresi<br \/>\n<span class=\"wpcf7-form-control-wrap\" data-name=\"your-mail\"><input size=\"40\" maxlength=\"400\" class=\"wpcf7-form-control wpcf7-email wpcf7-validates-as-required wpcf7-text wpcf7-validates-as-email\" aria-required=\"true\" aria-invalid=\"false\" value=\"\" type=\"email\" name=\"your-mail\" \/><\/span>\n<\/p>\n<p>Dekont Dosyas\u0131<br \/>\n(PDF, JPG, PNG, DOCX, XLSX)\n<\/p>\n<p><span class=\"wpcf7-form-control-wrap\" data-name=\"your-bank\"><input size=\"40\" class=\"wpcf7-form-control wpcf7-file wpcf7-validates-as-required\" accept=\"audio\/*,video\/*,image\/*\" aria-required=\"true\" aria-invalid=\"false\" type=\"file\" name=\"your-bank\" \/><\/span>\n<\/p>\n<p><input class=\"wpcf7-form-control wpcf7-submit has-spinner\" type=\"submit\" value=\"Kay\u0131t Ol\" \/>\n<\/p><div class=\"wpcf7-response-output\" aria-hidden=\"true\"><\/div>\n<\/form>\n<\/div>\n<\/div>\n\t\t\t\t\t\t<\/div>\n\t\t\t\t<\/div>\n\t\t\t\t\t<\/div>\n\t\t<\/div>\n\t\t\t\t\t<\/div>\n\t\t<\/main>\n\t\t\t\t<\/div>\n\t\t","protected":false},"excerpt":{"rendered":"<p>Kay\u0131t \u00fccreti 300 TL olan \u00f6demeyi yapt\u0131ktan sonra a\u015fa\u011f\u0131daki formu doldurarak kayd\u0131n\u0131z\u0131 tamamlayabilirsiniz. Kay\u0131t hesap bilgileri:Etiks Turizm Org.ve Paz.Hiz.Ltd. \u015eti.Garanti Bankas\u0131 299\/G\u00f6ztepe [&hellip;]<\/p>\n","protected":false},"author":1,"featured_media":0,"parent":0,"menu_order":0,"comment_status":"closed","ping_status":"closed","template":"elementor_header_footer","meta":{"footnotes":""},"class_list":["post-40","page","type-page","status-publish","hentry"],"_links":{"self":[{"href":"https:\/\/turkmia.net\/kongre2019\/wp-json\/wp\/v2\/pages\/40","targetHints":{"allow":["GET"]}}],"collection":[{"href":"https:\/\/turkmia.net\/kongre2019\/wp-json\/wp\/v2\/pages"}],"about":[{"href":"https:\/\/turkmia.net\/kongre2019\/wp-json\/wp\/v2\/types\/page"}],"author":[{"embeddable":true,"href":"https:\/\/turkmia.net\/kongre2019\/wp-json\/wp\/v2\/users\/1"}],"replies":[{"embeddable":true,"href":"https:\/\/turkmia.net\/kongre2019\/wp-json\/wp\/v2\/comments?post=40"}],"version-history":[{"count":14,"href":"https:\/\/turkmia.net\/kongre2019\/wp-json\/wp\/v2\/pages\/40\/revisions"}],"predecessor-version":[{"id":618,"href":"https:\/\/turkmia.net\/kongre2019\/wp-json\/wp\/v2\/pages\/40\/revisions\/618"}],"wp:attachment":[{"href":"https:\/\/turkmia.net\/kongre2019\/wp-json\/wp\/v2\/media?parent=40"}],"curies":[{"name":"wp","href":"https:\/\/api.w.org\/{rel}","templated":true}]}}