{"id":38,"date":"2019-07-04T07:40:41","date_gmt":"2019-07-04T07:40:41","guid":{"rendered":"https:\/\/turkmia.net\/kongre2019\/?page_id=38"},"modified":"2019-08-14T13:54:16","modified_gmt":"2019-08-14T10:54:16","slug":"iletisim","status":"publish","type":"page","link":"https:\/\/turkmia.net\/kongre2019\/iletisim\/","title":{"rendered":"\u0130leti\u015fim"},"content":{"rendered":"<h5><span style=\"font-size: 14pt;\">Bilimsel Organizasyon<\/span><\/h5>\n<p><a href=\"http:\/\/turkmia.net\"><img decoding=\"async\" class=\"alignnone size-full wp-image-423\" src=\"https:\/\/turkmia.net\/kongre2019\/wp-content\/uploads\/2019\/07\/turkmia-200.jpg\" alt=\"\" width=\"200\" height=\"100\" \/><\/a><br \/>\n<span style=\"font-size: 12pt;\">?\u00a0<a href=\"mailto:kongre2019@turkmia.net\">kongre2019@turkmia.net<\/a><\/span><\/p>\n<h5><span style=\"font-size: 14pt;\">Etkinlik Organizasyonu<\/span><\/h5>\n<table style=\"width: 100%; border-collapse: collapse; border-style: none;\" border=\"0\">\n<tbody>\n<tr>\n<td style=\"width: 20.6117%; border-style: none;\"><img decoding=\"async\" class=\"alignnone wp-image-328\" src=\"https:\/\/turkmia.net\/kongre2019\/wp-content\/uploads\/2019\/07\/etix-300x193.png\" alt=\"\" width=\"145\" height=\"94\" srcset=\"https:\/\/turkmia.net\/kongre2019\/wp-content\/uploads\/2019\/07\/etix-300x193.png 300w, https:\/\/turkmia.net\/kongre2019\/wp-content\/uploads\/2019\/07\/etix.png 500w\" sizes=\"(max-width: 145px) 100vw, 145px\" \/><\/td>\n<td style=\"width: 79.3883%; border-style: none;\"><strong> Etiks Turizm, Organizasyon ve Paz. Hiz. Ltd. \u015eti.<br \/>\n<\/strong>Cemil Topuzlu Cad.\u00a0I\u015f\u0131l Apt. No:64 D:7<br \/>\n\u00c7iftehavuzlar, \u00a0Kad\u0131k\u00f6y \u2013 \u0130stanbul<strong><br \/>\n<span style=\"font-size: 12pt;\">\u260e\ufe0f<\/span><\/strong><span style=\"font-size: 12pt;\"><a href=\"tel:+902163605933\">+90 216 360 59 33<\/a><\/span><br \/>\n<span style=\"font-size: 12pt;\">?<a href=\"mailto:cansink@etix.com.tr\">cansink@etix.com.tr<\/a><\/span><strong><br \/>\n<\/strong><\/td>\n<\/tr>\n<\/tbody>\n<\/table>\n<h5><span style=\"font-size: 14pt;\">Sosyal Medya<\/span><\/h5>\n<table style=\"height: 110px; width: 54.727%; border-collapse: collapse; border-style: none;\" border=\"0\">\n<tbody>\n<tr style=\"height: 45px;\">\n<td style=\"width: 17.233%; height: 65px; border-style: none;\"><span style=\"font-size: 12pt;\"><img decoding=\"async\" class=\"alignnone wp-image-509\" src=\"https:\/\/turkmia.net\/kongre2019\/wp-content\/uploads\/2019\/07\/instagram.jpg\" alt=\"\" width=\"75\" height=\"75\" srcset=\"https:\/\/turkmia.net\/kongre2019\/wp-content\/uploads\/2019\/07\/instagram.jpg 225w, https:\/\/turkmia.net\/kongre2019\/wp-content\/uploads\/2019\/07\/instagram-150x150.jpg 150w\" sizes=\"(max-width: 75px) 100vw, 75px\" \/><\/span><\/td>\n<td style=\"width: 82.2816%; height: 65px; border-style: none;\"><span style=\"font-size: 12pt;\">\u00a0 \u00a0<a href=\"https:\/\/www.instagram.com\/turkmia2019\/\">turkmia2019<\/a><\/span><\/td>\n<\/tr>\n<tr style=\"height: 45px;\">\n<td style=\"width: 17.233%; height: 45px; border-style: none;\"><img loading=\"lazy\" decoding=\"async\" class=\"alignnone wp-image-510\" src=\"https:\/\/turkmia.net\/kongre2019\/wp-content\/uploads\/2019\/07\/twitter.png\" alt=\"\" width=\"75\" height=\"75\" srcset=\"https:\/\/turkmia.net\/kongre2019\/wp-content\/uploads\/2019\/07\/twitter.png 225w, https:\/\/turkmia.net\/kongre2019\/wp-content\/uploads\/2019\/07\/twitter-150x150.png 150w\" sizes=\"(max-width: 75px) 100vw, 75px\" \/><\/td>\n<td style=\"width: 82.2816%; height: 45px; border-style: none;\"><span style=\"font-size: 12pt;\">\u00a0 <a href=\"https:\/\/twitter.com\/turkmia2019\">@turkmia2019<\/a><\/span><\/td>\n<\/tr>\n<\/tbody>\n<\/table>\n<h5><\/h5>\n<p>&nbsp;<\/p>\n","protected":false},"excerpt":{"rendered":"<p>Bilimsel Organizasyon ?\u00a0kongre2019@turkmia.net Etkinlik Organizasyonu Etiks Turizm, Organizasyon ve Paz. Hiz. Ltd. \u015eti. Cemil Topuzlu Cad.\u00a0I\u015f\u0131l Apt. No:64 D:7 \u00c7iftehavuzlar, \u00a0Kad\u0131k\u00f6y \u2013 [&hellip;]<\/p>\n","protected":false},"author":1,"featured_media":0,"parent":0,"menu_order":0,"comment_status":"closed","ping_status":"closed","template":"","meta":{"footnotes":""},"class_list":["post-38","page","type-page","status-publish","hentry"],"_links":{"self":[{"href":"https:\/\/turkmia.net\/kongre2019\/wp-json\/wp\/v2\/pages\/38","targetHints":{"allow":["GET"]}}],"collection":[{"href":"https:\/\/turkmia.net\/kongre2019\/wp-json\/wp\/v2\/pages"}],"about":[{"href":"https:\/\/turkmia.net\/kongre2019\/wp-json\/wp\/v2\/types\/page"}],"author":[{"embeddable":true,"href":"https:\/\/turkmia.net\/kongre2019\/wp-json\/wp\/v2\/users\/1"}],"replies":[{"embeddable":true,"href":"https:\/\/turkmia.net\/kongre2019\/wp-json\/wp\/v2\/comments?post=38"}],"version-history":[{"count":24,"href":"https:\/\/turkmia.net\/kongre2019\/wp-json\/wp\/v2\/pages\/38\/revisions"}],"predecessor-version":[{"id":565,"href":"https:\/\/turkmia.net\/kongre2019\/wp-json\/wp\/v2\/pages\/38\/revisions\/565"}],"wp:attachment":[{"href":"https:\/\/turkmia.net\/kongre2019\/wp-json\/wp\/v2\/media?parent=38"}],"curies":[{"name":"wp","href":"https:\/\/api.w.org\/{rel}","templated":true}]}}