{"id":34,"date":"2019-07-04T07:40:09","date_gmt":"2019-07-04T07:40:09","guid":{"rendered":"https:\/\/turkmia.net\/kongre2019\/?page_id=34"},"modified":"2019-11-14T21:42:21","modified_gmt":"2019-11-14T18:42:21","slug":"bilimsel-program","status":"publish","type":"page","link":"https:\/\/turkmia.net\/kongre2019\/bilimsel-program\/","title":{"rendered":"Bilimsel Program"},"content":{"rendered":"<p><img fetchpriority=\"high\" decoding=\"async\" class=\"alignnone size-full wp-image-619\" src=\"https:\/\/turkmia.net\/kongre2019\/wp-content\/uploads\/2019\/11\/TurkMIA2019-program-p1.png\" alt=\"\" width=\"882\" height=\"1384\" srcset=\"https:\/\/turkmia.net\/kongre2019\/wp-content\/uploads\/2019\/11\/TurkMIA2019-program-p1.png 882w, https:\/\/turkmia.net\/kongre2019\/wp-content\/uploads\/2019\/11\/TurkMIA2019-program-p1-191x300.png 191w, https:\/\/turkmia.net\/kongre2019\/wp-content\/uploads\/2019\/11\/TurkMIA2019-program-p1-768x1205.png 768w, https:\/\/turkmia.net\/kongre2019\/wp-content\/uploads\/2019\/11\/TurkMIA2019-program-p1-653x1024.png 653w\" sizes=\"(max-width: 882px) 100vw, 882px\" \/><\/p>\n<p><img decoding=\"async\" class=\"alignnone size-full wp-image-625\" src=\"https:\/\/turkmia.net\/kongre2019\/wp-content\/uploads\/2019\/11\/TurkMIA2019-program-p2.png\" alt=\"\" width=\"1063\" height=\"1126\" srcset=\"https:\/\/turkmia.net\/kongre2019\/wp-content\/uploads\/2019\/11\/TurkMIA2019-program-p2.png 1063w, https:\/\/turkmia.net\/kongre2019\/wp-content\/uploads\/2019\/11\/TurkMIA2019-program-p2-283x300.png 283w, https:\/\/turkmia.net\/kongre2019\/wp-content\/uploads\/2019\/11\/TurkMIA2019-program-p2-768x814.png 768w, https:\/\/turkmia.net\/kongre2019\/wp-content\/uploads\/2019\/11\/TurkMIA2019-program-p2-967x1024.png 967w\" sizes=\"(max-width: 1063px) 100vw, 1063px\" \/><\/p>\n<p>12. T\u0131p Bili\u015fimi Kongresi, Bildiriler Kitab\u0131<\/p>\n","protected":false},"excerpt":{"rendered":"<p>12. T\u0131p Bili\u015fimi Kongresi, Bildiriler Kitab\u0131<\/p>\n","protected":false},"author":1,"featured_media":0,"parent":0,"menu_order":0,"comment_status":"closed","ping_status":"closed","template":"elementor_header_footer","meta":{"footnotes":""},"class_list":["post-34","page","type-page","status-publish","hentry"],"_links":{"self":[{"href":"https:\/\/turkmia.net\/kongre2019\/wp-json\/wp\/v2\/pages\/34","targetHints":{"allow":["GET"]}}],"collection":[{"href":"https:\/\/turkmia.net\/kongre2019\/wp-json\/wp\/v2\/pages"}],"about":[{"href":"https:\/\/turkmia.net\/kongre2019\/wp-json\/wp\/v2\/types\/page"}],"author":[{"embeddable":true,"href":"https:\/\/turkmia.net\/kongre2019\/wp-json\/wp\/v2\/users\/1"}],"replies":[{"embeddable":true,"href":"https:\/\/turkmia.net\/kongre2019\/wp-json\/wp\/v2\/comments?post=34"}],"version-history":[{"count":27,"href":"https:\/\/turkmia.net\/kongre2019\/wp-json\/wp\/v2\/pages\/34\/revisions"}],"predecessor-version":[{"id":627,"href":"https:\/\/turkmia.net\/kongre2019\/wp-json\/wp\/v2\/pages\/34\/revisions\/627"}],"wp:attachment":[{"href":"https:\/\/turkmia.net\/kongre2019\/wp-json\/wp\/v2\/media?parent=34"}],"curies":[{"name":"wp","href":"https:\/\/api.w.org\/{rel}","templated":true}]}}