{"id":321,"date":"2019-07-05T20:38:11","date_gmt":"2019-07-05T17:38:11","guid":{"rendered":"https:\/\/turkmia.net\/kongre2019\/?page_id=321"},"modified":"2019-08-14T12:00:22","modified_gmt":"2019-08-14T09:00:22","slug":"bildiri-cagrisi","status":"publish","type":"page","link":"https:\/\/turkmia.net\/kongre2019\/bildiri-cagrisi\/","title":{"rendered":"Bildiri \u00c7a\u011fr\u0131s\u0131"},"content":{"rendered":"","protected":false},"excerpt":{"rendered":"","protected":false},"author":1,"featured_media":0,"parent":0,"menu_order":0,"comment_status":"closed","ping_status":"closed","template":"elementor_header_footer","meta":{"footnotes":""},"class_list":["post-321","page","type-page","status-publish","hentry"],"_links":{"self":[{"href":"https:\/\/turkmia.net\/kongre2019\/wp-json\/wp\/v2\/pages\/321","targetHints":{"allow":["GET"]}}],"collection":[{"href":"https:\/\/turkmia.net\/kongre2019\/wp-json\/wp\/v2\/pages"}],"about":[{"href":"https:\/\/turkmia.net\/kongre2019\/wp-json\/wp\/v2\/types\/page"}],"author":[{"embeddable":true,"href":"https:\/\/turkmia.net\/kongre2019\/wp-json\/wp\/v2\/users\/1"}],"replies":[{"embeddable":true,"href":"https:\/\/turkmia.net\/kongre2019\/wp-json\/wp\/v2\/comments?post=321"}],"version-history":[{"count":2,"href":"https:\/\/turkmia.net\/kongre2019\/wp-json\/wp\/v2\/pages\/321\/revisions"}],"predecessor-version":[{"id":369,"href":"https:\/\/turkmia.net\/kongre2019\/wp-json\/wp\/v2\/pages\/321\/revisions\/369"}],"wp:attachment":[{"href":"https:\/\/turkmia.net\/kongre2019\/wp-json\/wp\/v2\/media?parent=321"}],"curies":[{"name":"wp","href":"https:\/\/api.w.org\/{rel}","templated":true}]}}