{"id":311,"date":"2019-07-05T20:31:17","date_gmt":"2019-07-05T17:31:17","guid":{"rendered":"https:\/\/turkmia.net\/kongre2019\/?page_id=311"},"modified":"2019-08-14T12:00:22","modified_gmt":"2019-08-14T09:00:22","slug":"duyurular","status":"publish","type":"page","link":"https:\/\/turkmia.net\/kongre2019\/duyurular\/","title":{"rendered":"Duyurular"},"content":{"rendered":"\t\t<div data-elementor-type=\"wp-post\" data-elementor-id=\"311\" class=\"elementor elementor-311\">\n\t\t\t\t\t\t<section class=\"elementor-section elementor-top-section elementor-element elementor-element-f28d609 elementor-section-boxed elementor-section-height-default elementor-section-height-default\" data-id=\"f28d609\" data-element_type=\"section\" data-e-type=\"section\">\n\t\t\t\t\t\t<div class=\"elementor-container elementor-column-gap-default\">\n\t\t\t\t\t<div class=\"elementor-column elementor-col-100 elementor-top-column elementor-element elementor-element-47db456\" data-id=\"47db456\" data-element_type=\"column\" data-e-type=\"column\">\n\t\t\t<div class=\"elementor-widget-wrap elementor-element-populated\">\n\t\t\t\t\t\t<div class=\"elementor-element elementor-element-a87eb23 elementor-grid-eael-col-4 elementor-grid-tablet-eael-col-2 elementor-grid-mobile-eael-col-1 elementor-widget elementor-widget-eael-post-grid\" data-id=\"a87eb23\" data-element_type=\"widget\" data-e-type=\"widget\" data-settings=\"{&quot;eael_post_grid_columns&quot;:&quot;eael-col-4&quot;,&quot;eael_post_grid_columns_tablet&quot;:&quot;eael-col-2&quot;,&quot;eael_post_grid_columns_mobile&quot;:&quot;eael-col-1&quot;}\" data-widget_type=\"eael-post-grid.default\">\n\t\t\t\t<div class=\"elementor-widget-container\">\n\t\t\t\t\t<div id=\"eael-post-grid-a87eb23\" class=\"eael-post-grid-container\">\n            <div class=\"eael-post-grid eael-post-appender eael-post-appender-a87eb23 eael-post-grid-style-one\" data-layout-mode=\"masonry\"><article class=\"eael-grid-post  eael-post-grid-column eael-pg-post-276 category-duyuru\" data-id=\"276\">\n        <div class=\"eael-grid-post-holder\">\n            <div class=\"eael-grid-post-holder-inner\"><div class=\"eael-entry-media\"><div class=\"eael-entry-overlay fade-in\"><i class=\"fas fa-long-arrow-alt-right\" aria-hidden=\"true\"><\/i><a href=\"https:\/\/turkmia.net\/kongre2019\/kayit_duyuru\/\"><\/a><\/div><div class=\"eael-entry-thumbnail \">\n                <img decoding=\"async\" width=\"150\" height=\"150\" src=\"https:\/\/turkmia.net\/kongre2019\/wp-content\/uploads\/2019\/07\/mimi-thian-737635-unsplash-1-150x150.jpg\" class=\"attachment-thumbnail size-thumbnail wp-image-67\" alt=\"\" srcset=\"https:\/\/turkmia.net\/kongre2019\/wp-content\/uploads\/2019\/07\/mimi-thian-737635-unsplash-1-150x150.jpg 150w, https:\/\/turkmia.net\/kongre2019\/wp-content\/uploads\/2019\/07\/mimi-thian-737635-unsplash-1-470x470.jpg 470w\" sizes=\"(max-width: 150px) 100vw, 150px\" \/>\n            <\/div>\n        <\/div><div class=\"eael-entry-wrapper\"><header class=\"eael-entry-header\"><h2 class=\"eael-entry-title\"><a class=\"eael-grid-post-link\" href=\"https:\/\/turkmia.net\/kongre2019\/kayit_duyuru\/\" title=\"Kay\u0131t\">Kay\u0131t<\/a><\/h2><\/header><div class=\"eael-entry-content\">\n                        <div class=\"eael-grid-post-excerpt\"><p>Kay\u0131t i\u015fleminizi tamamlamak i\u00e7in buray\u0131 t\u0131klat\u0131n\u0131z.<\/p><\/div>\n                    <\/div><\/div><\/div>\n        <\/div>\n    <\/article><article class=\"eael-grid-post  eael-post-grid-column eael-pg-post-275 category-duyuru\" data-id=\"275\">\n        <div class=\"eael-grid-post-holder\">\n            <div class=\"eael-grid-post-holder-inner\"><div class=\"eael-entry-media\"><div class=\"eael-entry-overlay fade-in\"><i class=\"fas fa-long-arrow-alt-right\" aria-hidden=\"true\"><\/i><a href=\"https:\/\/turkmia.net\/kongre2019\/konaklama\/\"><\/a><\/div><div class=\"eael-entry-thumbnail \">\n                <img decoding=\"async\" width=\"150\" height=\"150\" src=\"https:\/\/turkmia.net\/kongre2019\/wp-content\/uploads\/2019\/07\/turkey-turkish-hotels-hotel-desk-clock-21763-150x150.jpg\" class=\"attachment-thumbnail size-thumbnail wp-image-471\" alt=\"\" srcset=\"https:\/\/turkmia.net\/kongre2019\/wp-content\/uploads\/2019\/07\/turkey-turkish-hotels-hotel-desk-clock-21763-150x150.jpg 150w, https:\/\/turkmia.net\/kongre2019\/wp-content\/uploads\/2019\/07\/turkey-turkish-hotels-hotel-desk-clock-21763-600x599.jpg 600w, https:\/\/turkmia.net\/kongre2019\/wp-content\/uploads\/2019\/07\/turkey-turkish-hotels-hotel-desk-clock-21763-370x370.jpg 370w\" sizes=\"(max-width: 150px) 100vw, 150px\" \/>\n            <\/div>\n        <\/div><div class=\"eael-entry-wrapper\"><header class=\"eael-entry-header\"><h2 class=\"eael-entry-title\"><a class=\"eael-grid-post-link\" href=\"https:\/\/turkmia.net\/kongre2019\/konaklama\/\" title=\"Konaklama\">Konaklama<\/a><\/h2><\/header><div class=\"eael-entry-content\">\n                        <div class=\"eael-grid-post-excerpt\"><p><\/p><\/div>\n                    <\/div><\/div><\/div>\n        <\/div>\n    <\/article><article class=\"eael-grid-post  eael-post-grid-column eael-pg-post-274 category-duyuru\" data-id=\"274\">\n        <div class=\"eael-grid-post-holder\">\n            <div class=\"eael-grid-post-holder-inner\"><div class=\"eael-entry-media\"><div class=\"eael-entry-overlay fade-in\"><i class=\"fas fa-long-arrow-alt-right\" aria-hidden=\"true\"><\/i><a href=\"https:\/\/turkmia.net\/kongre2019\/onemli-tarihler\/\"><\/a><\/div><div class=\"eael-entry-thumbnail \">\n                <img decoding=\"async\" width=\"150\" height=\"150\" src=\"https:\/\/turkmia.net\/kongre2019\/wp-content\/uploads\/2019\/07\/agenda-calendar-data-1020323-150x150.jpg\" class=\"attachment-thumbnail size-thumbnail wp-image-472\" alt=\"\" srcset=\"https:\/\/turkmia.net\/kongre2019\/wp-content\/uploads\/2019\/07\/agenda-calendar-data-1020323-150x150.jpg 150w, https:\/\/turkmia.net\/kongre2019\/wp-content\/uploads\/2019\/07\/agenda-calendar-data-1020323-370x370.jpg 370w\" sizes=\"(max-width: 150px) 100vw, 150px\" \/>\n            <\/div>\n        <\/div><div class=\"eael-entry-wrapper\"><header class=\"eael-entry-header\"><h2 class=\"eael-entry-title\"><a class=\"eael-grid-post-link\" href=\"https:\/\/turkmia.net\/kongre2019\/onemli-tarihler\/\" title=\"\u00d6nemli Tarihler\">\u00d6nemli Tarihler<\/a><\/h2><\/header><div class=\"eael-entry-content\">\n                        <div class=\"eael-grid-post-excerpt\"><p>Bildiri g\u00f6nderme son tarihi 01 Eyl\u00fcl 2019 De\u011ferlendirme sonu\u00e7lar\u0131n\u0131n bildirilmesi...<\/p><\/div>\n                    <\/div><\/div><\/div>\n        <\/div>\n    <\/article><article class=\"eael-grid-post  eael-post-grid-column eael-pg-post-273 category-duyuru\" data-id=\"273\">\n        <div class=\"eael-grid-post-holder\">\n            <div class=\"eael-grid-post-holder-inner\"><div class=\"eael-entry-media\"><div class=\"eael-entry-overlay fade-in\"><i class=\"fas fa-long-arrow-alt-right\" aria-hidden=\"true\"><\/i><a href=\"https:\/\/turkmia.net\/kongre2019\/kongreye-davet\/\"><\/a><\/div><div class=\"eael-entry-thumbnail \">\n                <img loading=\"lazy\" decoding=\"async\" width=\"150\" height=\"150\" src=\"https:\/\/turkmia.net\/kongre2019\/wp-content\/uploads\/2019\/07\/thermography-wedding-invitations-square-invitation-150x150.jpg\" class=\"attachment-thumbnail size-thumbnail wp-image-475\" alt=\"\" srcset=\"https:\/\/turkmia.net\/kongre2019\/wp-content\/uploads\/2019\/07\/thermography-wedding-invitations-square-invitation-150x150.jpg 150w, https:\/\/turkmia.net\/kongre2019\/wp-content\/uploads\/2019\/07\/thermography-wedding-invitations-square-invitation-370x370.jpg 370w\" sizes=\"(max-width: 150px) 100vw, 150px\" \/>\n            <\/div>\n        <\/div><div class=\"eael-entry-wrapper\"><header class=\"eael-entry-header\"><h2 class=\"eael-entry-title\"><a class=\"eael-grid-post-link\" href=\"https:\/\/turkmia.net\/kongre2019\/kongreye-davet\/\" title=\"Kongreye davet\">Kongreye davet<\/a><\/h2><\/header><div class=\"eael-entry-content\">\n                        <div class=\"eael-grid-post-excerpt\"><p><\/p><\/div>\n                    <\/div><\/div><\/div>\n        <\/div>\n    <\/article><\/div>\n            <div class=\"clearfix\"><\/div>\n        <\/div>\t\t\t\t<\/div>\n\t\t\t\t<\/div>\n\t\t\t\t\t<\/div>\n\t\t<\/div>\n\t\t\t\t\t<\/div>\n\t\t<\/section>\n\t\t\t\t<\/div>\n\t\t","protected":false},"excerpt":{"rendered":"<p>Kay\u0131t Click edit button to change this text. Lorem ipsum dolor \u2026 Konaklama Click edit button to change this text. Lorem ipsum [&hellip;]<\/p>\n","protected":false},"author":1,"featured_media":0,"parent":0,"menu_order":0,"comment_status":"closed","ping_status":"closed","template":"elementor_header_footer","meta":{"footnotes":""},"class_list":["post-311","page","type-page","status-publish","hentry"],"_links":{"self":[{"href":"https:\/\/turkmia.net\/kongre2019\/wp-json\/wp\/v2\/pages\/311","targetHints":{"allow":["GET"]}}],"collection":[{"href":"https:\/\/turkmia.net\/kongre2019\/wp-json\/wp\/v2\/pages"}],"about":[{"href":"https:\/\/turkmia.net\/kongre2019\/wp-json\/wp\/v2\/types\/page"}],"author":[{"embeddable":true,"href":"https:\/\/turkmia.net\/kongre2019\/wp-json\/wp\/v2\/users\/1"}],"replies":[{"embeddable":true,"href":"https:\/\/turkmia.net\/kongre2019\/wp-json\/wp\/v2\/comments?post=311"}],"version-history":[{"count":9,"href":"https:\/\/turkmia.net\/kongre2019\/wp-json\/wp\/v2\/pages\/311\/revisions"}],"predecessor-version":[{"id":481,"href":"https:\/\/turkmia.net\/kongre2019\/wp-json\/wp\/v2\/pages\/311\/revisions\/481"}],"wp:attachment":[{"href":"https:\/\/turkmia.net\/kongre2019\/wp-json\/wp\/v2\/media?parent=311"}],"curies":[{"name":"wp","href":"https:\/\/api.w.org\/{rel}","templated":true}]}}