{"id":30,"date":"2019-07-04T07:39:42","date_gmt":"2019-07-04T07:39:42","guid":{"rendered":"https:\/\/turkmia.net\/kongre2019\/?page_id=30"},"modified":"2019-08-14T12:00:22","modified_gmt":"2019-08-14T09:00:22","slug":"davet","status":"publish","type":"page","link":"https:\/\/turkmia.net\/kongre2019\/davet\/","title":{"rendered":"Davet"},"content":{"rendered":"<p>Merhaba,<\/p>\n<p>T\u0131p Bili\u015fimi Derne\u011fi olarak 12. T\u0131p Bili\u015fimi Kongresini 15-16 Kas\u0131m 2019 tarihleri aras\u0131nda Gazi \u00dcniversitesi T\u0131p Fak\u00fcltesi ev sahipli\u011finde ger\u00e7ekle\u015ftirme karar\u0131 alm\u0131\u015f bulunmaktay\u0131z. Ana temas\u0131 \u201c<span style=\"color: #993300;\"><em>T\u0131pta Sanal Ger\u00e7ek\u00e7ilik<\/em><\/span>\u201d olarak belirlenen kongremizde, Sa\u011fl\u0131kta Artt\u0131r\u0131lm\u0131\u015f Ger\u00e7ek\u00e7ilik, Makine \u00d6\u011frenmesi, Sa\u011fl\u0131kta Yapay Zeka, Robotik Cerrahi, Big Data Analizi, Biyoinformatik , Veri G\u00fcvenli\u011fi ve Hem\u015firelik Bili\u015fimi gibi konularda panel konferans ve bilimsel etkinlikler yer alacakt\u0131r.<\/p>\n<p>Kongreye bildiri ba\u015fvurular\u0131 <span style=\"color: #993300;\">1 Eyl\u00fcl 2019<\/span> tarihine kadar, kongre web sitemizin <span style=\"color: #993300;\"><a style=\"color: #993300;\" href=\"https:\/\/turkmia.net\/\">Bildiri G\u00f6nderme<\/a>\u00a0<\/span> ba\u011flant\u0131s\u0131ndan g\u00f6nderilebilir.<\/p>\n<p>T\u0131p Bili\u015fimi Derne\u011fi Y\u00f6netim Kurulumuz sizleri bu \u00f6nemli toplant\u0131ya davet etmekten b\u00fcy\u00fck onur duymaktad\u0131r. Katk\u0131lar\u0131n\u0131zla de\u011fer kazanacak kongremizde bulu\u015fmak dileklerimizle.<\/p>\n<p>&nbsp;<\/p>\n<p>Prof.Dr.O\u011fuz Dicle<br \/>\n<em>T\u0131p Bili\u015fimi Derne\u011fi Ba\u015fkan\u0131<\/em><\/p>\n","protected":false},"excerpt":{"rendered":"<p>Merhaba, T\u0131p Bili\u015fimi Derne\u011fi olarak 12. T\u0131p Bili\u015fimi Kongresini 15-16 Kas\u0131m 2019 tarihleri aras\u0131nda Gazi \u00dcniversitesi T\u0131p Fak\u00fcltesi ev sahipli\u011finde ger\u00e7ekle\u015ftirme karar\u0131 [&hellip;]<\/p>\n","protected":false},"author":1,"featured_media":0,"parent":0,"menu_order":0,"comment_status":"closed","ping_status":"closed","template":"page-templates\/full-width.php","meta":{"footnotes":""},"class_list":["post-30","page","type-page","status-publish","hentry"],"_links":{"self":[{"href":"https:\/\/turkmia.net\/kongre2019\/wp-json\/wp\/v2\/pages\/30","targetHints":{"allow":["GET"]}}],"collection":[{"href":"https:\/\/turkmia.net\/kongre2019\/wp-json\/wp\/v2\/pages"}],"about":[{"href":"https:\/\/turkmia.net\/kongre2019\/wp-json\/wp\/v2\/types\/page"}],"author":[{"embeddable":true,"href":"https:\/\/turkmia.net\/kongre2019\/wp-json\/wp\/v2\/users\/1"}],"replies":[{"embeddable":true,"href":"https:\/\/turkmia.net\/kongre2019\/wp-json\/wp\/v2\/comments?post=30"}],"version-history":[{"count":7,"href":"https:\/\/turkmia.net\/kongre2019\/wp-json\/wp\/v2\/pages\/30\/revisions"}],"predecessor-version":[{"id":387,"href":"https:\/\/turkmia.net\/kongre2019\/wp-json\/wp\/v2\/pages\/30\/revisions\/387"}],"wp:attachment":[{"href":"https:\/\/turkmia.net\/kongre2019\/wp-json\/wp\/v2\/media?parent=30"}],"curies":[{"name":"wp","href":"https:\/\/api.w.org\/{rel}","templated":true}]}}